{"id":6,"date":"2017-01-03T17:49:22","date_gmt":"2017-01-03T16:49:22","guid":{"rendered":"http:\/\/zo2rkaezon.preview.infomaniak.website\/?page_id=6"},"modified":"2019-09-07T12:17:04","modified_gmt":"2019-09-07T10:17:04","slug":"prestations-cherche-musicien-gard-et-herault","status":"publish","type":"page","link":"https:\/\/inspirations-sonores.com\/index.php\/prestations-cherche-musicien-gard-et-herault\/","title":{"rendered":"Sax in the Wood"},"content":{"rendered":"\r\n<p class=\"has-text-color has-medium-font-size has-vivid-red-color\">Quoi de mieux qu&rsquo;un concert priv\u00e9 pour animer votre r\u00e9ception ? <br><\/p>\r\n\r\n\r\n\r\n<p class=\"has-text-color has-very-dark-gray-color\"><strong>Sax in the Wood <\/strong>intervient en <strong>live<\/strong> avec une musique tour \u00e0 tour lounge ou festive selon le contexte, afin d&rsquo; apporter une touche de <strong>prestige et d&rsquo;originalit\u00e9<\/strong> \u00e0 vos \u00e9v\u00e9nements. Que ce soit pour une <strong>soir\u00e9e d&rsquo;entreprise<\/strong>, un s\u00e9minaire, un <strong>cocktail<\/strong>, un d\u00eener, une <strong>f\u00eate d&rsquo;anniversaire<\/strong>, une soir\u00e9e priv\u00e9e ou encore un ap\u00e9ritif de <strong>mariage<\/strong>&#8230; <\/p>\r\n\r\n\r\n\r\n<blockquote class=\"wp-block-quote is-style-default is-layout-flow wp-block-quote-is-layout-flow\"><p><em>Soir\u00e9es priv\u00e9es, \u00e9v\u00e9nements d&rsquo;entreprise, cocktail de mariage, s\u00e9minaire, anniversaire\u2026<\/em><\/p><\/blockquote>\r\n\r\n\r\n\r\n<p>Le Duo travaille r\u00e9guli\u00e8rement en collaboration avec <a rel=\"noreferrer noopener\" aria-label=\"divers prestataires (s\u2019ouvre dans un nouvel onglet)\" href=\"http:\/\/zo2rkaezon.preview.infomaniak.website\/index.php\/prestataires\/\" target=\"_blank\">divers prestataires<\/a> tels que des <strong>lieux de r\u00e9ception<\/strong>, traiteurs, <strong>photographes<\/strong>, ou agences d&rsquo;<strong>\u00e9v\u00e9nementiel<\/strong> dans l&rsquo;H\u00e9rault, le Gard et le sud de la France, et pourra vous conseiller, si besoin, lors de la pr\u00e9paration de vos \u00e9v\u00e9nements. <\/p>\r\n\r\n\r\n\r\n<p class=\"has-text-color has-medium-font-size has-vivid-red-color\">Un r\u00e9pertoire unique<\/p>\r\n\r\n\r\n\r\n<p>L&rsquo;originalit\u00e9 de Sax in the Wood est de proposer une alternance de <strong>compositions personnelles<\/strong> et de <a rel=\"noreferrer noopener\" aria-label=\"reprises c\u00e9l\u00e8bres (s\u2019ouvre dans un nouvel onglet)\" href=\"http:\/\/zo2rkaezon.preview.infomaniak.website\/index.php\/category\/reprises\/\" target=\"_blank\">reprises<\/a><strong><a rel=\"noreferrer noopener\" aria-label=\"reprises c\u00e9l\u00e8bres (s\u2019ouvre dans un nouvel onglet)\" href=\"http:\/\/zo2rkaezon.preview.infomaniak.website\/index.php\/category\/reprises\/\" target=\"_blank\"> <\/a><\/strong><a rel=\"noreferrer noopener\" aria-label=\"reprises c\u00e9l\u00e8bres (s\u2019ouvre dans un nouvel onglet)\" href=\"http:\/\/zo2rkaezon.preview.infomaniak.website\/index.php\/category\/reprises\/\" target=\"_blank\">c\u00e9l\u00e8bres<\/a>, <strong>r\u00e9adapt\u00e9es<\/strong> dans un style unique, m\u00ealant tour \u00e0 tour chanson fran\u00e7aise, swing, pop, funk, soul ou jazz. <\/p>\r\n\r\n\r\n\r\n<figure class=\"wp-block-image\"><img loading=\"lazy\" decoding=\"async\" width=\"1024\" height=\"412\" src=\"http:\/\/zo2rkaezon.preview.infomaniak.website\/wp-content\/uploads\/2019\/01\/ent\u00eate-site-copie-1024x412.jpg\" alt=\"Concerts, prestation musicale dans le sud de la France\" class=\"wp-image-381\" srcset=\"https:\/\/inspirations-sonores.com\/wp-content\/uploads\/2019\/01\/ent\u00eate-site-copie-1024x412.jpg 1024w, https:\/\/inspirations-sonores.com\/wp-content\/uploads\/2019\/01\/ent\u00eate-site-copie-300x121.jpg 300w, https:\/\/inspirations-sonores.com\/wp-content\/uploads\/2019\/01\/ent\u00eate-site-copie-768x309.jpg 768w\" sizes=\"auto, (max-width: 1024px) 100vw, 1024px\" \/><figcaption>Groupe de musiciens Gard H\u00e9rault<\/figcaption><\/figure>\r\n\r\n\r\n\r\n<p>Proposant une alternative au traditionnel \u00ab guitare\u2013voix \u00bb, le duo se constitue d&rsquo;une <strong>pianiste chanteuse <\/strong>et d&rsquo;un <strong>saxophoniste&nbsp;beatmaker<\/strong>. Les deux musiciens utilisent des <strong>loopers <\/strong>pour cr\u00e9er en direct une texture sonore constitu\u00e9e de <strong>beatbox<\/strong>, de boucles vocales et de bruitages. Pour les titres plus <strong>festifs<\/strong>, des <strong>sons \u00e9lectro<\/strong> sont <strong>programm\u00e9s<\/strong> et int\u00e9gr\u00e9s au son live des instruments et de la voix chaude et envo\u00fbtante de Claire.<\/p>\r\n\r\n\r\n\r\n<p>De par leur identit\u00e9 musicale, les musiciens se d\u00e9marquent ainsi de nombreuses animations que l&rsquo;on peut trouver dans la r\u00e9gion en proposant une musique de qualit\u00e9, <strong>originale et personnelle<\/strong>. <\/p>\r\n\r\n\r\n\r\n<blockquote class=\"wp-block-quote is-layout-flow wp-block-quote-is-layout-flow\"><p><em>Reprises et influences : Amy Winehouse, Stevie Wonder, Ben L&rsquo;oncle Soul, Ed Sheeran, Gregory Porter, Sting, Aretha Franklin, James Brown, Alicia keys, Camillia Cabelo, Ray Charles, Britney Spears, Sia, Beyonc\u00e9, Nina Simone, Jamiroquai, Bruno Mars, Justin Timberlake, Pharrell Williams, Meghan Traynor, Elle Fitkgerald &#8230;<\/em><\/p><p><\/p><cite><br><\/cite><\/blockquote>\r\n\r\n\r\n\r\n<p><em>Titres in\u00e9dits : &nbsp;Passera,&nbsp;Never&nbsp;Saw,&nbsp;Prends,&nbsp;\u00c0 la lumi\u00e8re, d comme dimanche, On perd l&rsquo;habitude, Singin&rsquo; in Blue, \u00c9motifs anonymes, Afrique..<\/em>. <em>(Vous pouvez d\u00e9couvrir les <a href=\"http:\/\/zo2rkaezon.preview.infomaniak.website\/index.php\/category\/creation\/\">titres originaux des artistes <\/a>dans l&rsquo;espace blog.)<\/em><\/p>\r\n\r\n\r\n\r\n<p style=\"font-size:18px;text-align:center\" class=\"has-text-color has-background has-vivid-red-color has-very-light-gray-background-color\"><a rel=\"noreferrer noopener\" aria-label=\"Demandez leur r\u00e9pertoire en d\u00e9tail ! (s\u2019ouvre dans un nouvel onglet)\" href=\"http:\/\/zo2rkaezon.preview.infomaniak.website\/index.php\/contact\/\" target=\"_blank\">R\u00e9pertoire en d\u00e9tail sur simple demande !<\/a><\/p>\r\n\r\n\r\n\r\n<hr class=\"wp-block-separator\"\/>\r\n\r\n\r\n\r\n<p class=\"has-text-color has-medium-font-size has-vivid-red-color\">Prestations<\/p>\r\n\r\n\r\n\r\n<p>Vous cherchez des musiciens dans le Sud ? Les artistes interviennent dans le<strong> Gard<\/strong> et l&rsquo;<strong>H\u00e9rault<\/strong>, mais peuvent aussi <strong>se d\u00e9placer<\/strong> selon conditions. <\/p>\r\n\r\n\r\n\r\n<p><em>Pour chaque prestation, chez vous, dans une salle de r\u00e9ception ou en ext\u00e9rieur, sont fournis la <\/em><strong><em>sono<\/em><\/strong><em> et l&rsquo;<\/em><strong><em>\u00e9clairage <\/em><\/strong><em>(sono 2X1000 Watts, rampe d&rsquo;\u00e9clairage led ). <\/em><\/p>\r\n\r\n\r\n\r\n<p>Avec une <strong>formule lounge <\/strong>et une autre plus <strong>dansante<\/strong>, le duo saura <strong>s&rsquo;adapter au mieux <\/strong>selon l&rsquo;ambiance de votre soir\u00e9e et selon vos attentes afin de vous assurer de passer un merveilleux moment musical avec vos invit\u00e9s.<\/p>\r\n\r\n\r\n\r\n<figure class=\"wp-block-embed-youtube wp-block-embed is-type-video is-provider-youtube wp-embed-aspect-16-9 wp-has-aspect-ratio\"><div class=\"wp-block-embed__wrapper\">\r\n<iframe loading=\"lazy\" width=\"750\" height=\"422\" src=\"https:\/\/www.youtube.com\/embed\/0eAmZsuLy3s?feature=oembed\" frameborder=\"0\" allow=\"accelerometer; autoplay; encrypted-media; gyroscope; picture-in-picture\" allowfullscreen><\/iframe>\r\n<\/div><figcaption>Concert Lounge acoustique<\/figcaption><\/figure>\r\n\r\n\r\n\r\n<figure class=\"wp-block-embed-youtube wp-block-embed is-type-video is-provider-youtube wp-embed-aspect-16-9 wp-has-aspect-ratio\"><div class=\"wp-block-embed__wrapper\">\r\n<iframe loading=\"lazy\" width=\"750\" height=\"422\" src=\"https:\/\/www.youtube.com\/embed\/nPwYat2Fws4?feature=oembed\" frameborder=\"0\" allow=\"accelerometer; autoplay; encrypted-media; gyroscope; picture-in-picture\" allowfullscreen><\/iframe>\r\n<\/div><figcaption>Ambiance Funky<\/figcaption><\/figure>\r\n\r\n\r\n\r\n<p style=\"text-align:center\" class=\"has-text-color has-background has-medium-font-size has-vivid-red-color has-very-light-gray-background-color\"><a href=\"http:\/\/zo2rkaezon.preview.infomaniak.website\/index.php\/videos\/\" target=\"_blank\" rel=\"noreferrer noopener\" aria-label=\"Plus de vid\u00e9os ? C'est ici !\r\nD\u00e9couvrir les formules (s\u2019ouvre dans un nouvel onglet)\">Plus de vid\u00e9os ? C&rsquo;est ici !<br>D\u00e9couvrir les formules<\/a><\/p>\r\n\r\n\r\n\r\n<hr class=\"wp-block-separator\"\/>\r\n\r\n\r\n\r\n<figure class=\"wp-block-image\"><img loading=\"lazy\" decoding=\"async\" width=\"1024\" height=\"558\" src=\"http:\/\/zo2rkaezon.preview.infomaniak.website\/wp-content\/uploads\/2019\/01\/SITW-copie-1024x558.jpg\" alt=\"\" class=\"wp-image-325\" srcset=\"https:\/\/inspirations-sonores.com\/wp-content\/uploads\/2019\/01\/SITW-copie-1024x558.jpg 1024w, https:\/\/inspirations-sonores.com\/wp-content\/uploads\/2019\/01\/SITW-copie-300x163.jpg 300w, https:\/\/inspirations-sonores.com\/wp-content\/uploads\/2019\/01\/SITW-copie-768x418.jpg 768w\" sizes=\"auto, (max-width: 1024px) 100vw, 1024px\" \/><figcaption>Animation musicale Gard H\u00e9rault Sud de la France<\/figcaption><\/figure>\r\n\r\n\r\n\r\n<p style=\"background-color:#fff8f0;text-align:center\" class=\"has-text-color has-background has-medium-font-size has-vivid-red-color\"><a href=\"http:\/\/zo2rkaezon.preview.infomaniak.website\/index.php\/contact\/\" target=\"_blank\" rel=\"noreferrer noopener\" aria-label=\"Contactez le duo (s\u2019ouvre dans un nouvel onglet)\">Contactez le duo<\/a><\/p>\r\n","protected":false},"excerpt":{"rendered":"<p>Quoi de mieux qu&rsquo;un concert priv\u00e9 pour animer votre r\u00e9ception ? Sax in the Wood intervient en live avec une musique tour \u00e0 tour lounge ou festive selon le contexte, afin d&rsquo; apporter une touche de prestige et d&rsquo;originalit\u00e9 \u00e0 vos \u00e9v\u00e9nements. Que ce soit pour une soir\u00e9e d&rsquo;entreprise, un s\u00e9minaire, un cocktail, un d\u00eener,&#8230;<\/p>\n<p><a href=\"https:\/\/inspirations-sonores.com\/index.php\/prestations-cherche-musicien-gard-et-herault\/\"><span class=\"glyphicon glyphicon-arrow-right\"><\/span>&nbsp;Poursuivre la lecture<\/a><\/p>","protected":false},"author":1,"featured_media":652,"parent":0,"menu_order":0,"comment_status":"closed","ping_status":"closed","template":"","meta":{"footnotes":""},"class_list":["post-6","page","type-page","status-publish","has-post-thumbnail","hentry"],"yoast_head":"<!-- This site is optimized with the Yoast SEO plugin v27.3 - https:\/\/yoast.com\/product\/yoast-seo-wordpress\/ -->\n<title>Sax in the Wood - Inspirations Sonores - Cherche Musiciens Gard H\u00e9rault<\/title>\n<meta name=\"description\" content=\"Sax in the Wood, duo musical, saxophone, chanteuse, pianiste. Cherche Musiciens H\u00e9rault Gard Sud de la France. Groupe musique Montpellier : Sax in the Wood. Services: Musiciens pour \u00e9v\u00e9nements, concert priv\u00e9, comit\u00e9 d&#039;entreprise, mariage, animation musicale, concerts live, cocktail, soir\u00e9es Gard et H\u00e9rault\" \/>\n<meta name=\"robots\" content=\"index, follow, max-snippet:-1, max-image-preview:large, max-video-preview:-1\" \/>\n<link rel=\"canonical\" href=\"https:\/\/inspirations-sonores.com\/index.php\/prestations-cherche-musicien-gard-et-herault\/\" \/>\n<meta property=\"og:locale\" content=\"fr_FR\" \/>\n<meta property=\"og:type\" content=\"article\" \/>\n<meta property=\"og:title\" content=\"Sax in the Wood - Inspirations Sonores - Cherche Musiciens Gard H\u00e9rault\" \/>\n<meta property=\"og:description\" content=\"Sax in the Wood, duo musical, saxophone, chanteuse, pianiste. Cherche Musiciens H\u00e9rault Gard Sud de la France. Groupe musique Montpellier : Sax in the Wood. Services: Musiciens pour \u00e9v\u00e9nements, concert priv\u00e9, comit\u00e9 d&#039;entreprise, mariage, animation musicale, concerts live, cocktail, soir\u00e9es Gard et H\u00e9rault\" \/>\n<meta property=\"og:url\" content=\"https:\/\/inspirations-sonores.com\/index.php\/prestations-cherche-musicien-gard-et-herault\/\" \/>\n<meta property=\"og:site_name\" content=\"Inspirations Sonores\" \/>\n<meta property=\"article:publisher\" content=\"https:\/\/www.facebook.com\/InspirationsSonores\/\" \/>\n<meta property=\"article:modified_time\" content=\"2019-09-07T10:17:04+00:00\" \/>\n<meta property=\"og:image\" content=\"https:\/\/inspirations-sonores.com\/wp-content\/uploads\/2019\/01\/flyer-CFok-1024x661.jpg\" \/>\n\t<meta property=\"og:image:width\" content=\"1024\" \/>\n\t<meta property=\"og:image:height\" content=\"661\" \/>\n\t<meta property=\"og:image:type\" content=\"image\/jpeg\" \/>\n<meta name=\"twitter:card\" content=\"summary_large_image\" \/>\n<meta name=\"twitter:label1\" content=\"Dur\u00e9e de lecture estim\u00e9e\" \/>\n\t<meta name=\"twitter:data1\" content=\"3 minutes\" \/>\n<script type=\"application\/ld+json\" class=\"yoast-schema-graph\">{\"@context\":\"https:\\\/\\\/schema.org\",\"@graph\":[{\"@type\":\"WebPage\",\"@id\":\"https:\\\/\\\/inspirations-sonores.com\\\/index.php\\\/prestations-cherche-musicien-gard-et-herault\\\/\",\"url\":\"https:\\\/\\\/inspirations-sonores.com\\\/index.php\\\/prestations-cherche-musicien-gard-et-herault\\\/\",\"name\":\"Sax in the Wood - Inspirations Sonores - Cherche Musiciens Gard H\u00e9rault\",\"isPartOf\":{\"@id\":\"https:\\\/\\\/inspirations-sonores.com\\\/#website\"},\"primaryImageOfPage\":{\"@id\":\"https:\\\/\\\/inspirations-sonores.com\\\/index.php\\\/prestations-cherche-musicien-gard-et-herault\\\/#primaryimage\"},\"image\":{\"@id\":\"https:\\\/\\\/inspirations-sonores.com\\\/index.php\\\/prestations-cherche-musicien-gard-et-herault\\\/#primaryimage\"},\"thumbnailUrl\":\"https:\\\/\\\/inspirations-sonores.com\\\/wp-content\\\/uploads\\\/2019\\\/01\\\/flyer-CFok.jpg\",\"datePublished\":\"2017-01-03T16:49:22+00:00\",\"dateModified\":\"2019-09-07T10:17:04+00:00\",\"description\":\"Sax in the Wood, duo musical, saxophone, chanteuse, pianiste. Cherche Musiciens H\u00e9rault Gard Sud de la France. Groupe musique Montpellier : Sax in the Wood. Services: Musiciens pour \u00e9v\u00e9nements, concert priv\u00e9, comit\u00e9 d'entreprise, mariage, animation musicale, concerts live, cocktail, soir\u00e9es Gard et H\u00e9rault\",\"breadcrumb\":{\"@id\":\"https:\\\/\\\/inspirations-sonores.com\\\/index.php\\\/prestations-cherche-musicien-gard-et-herault\\\/#breadcrumb\"},\"inLanguage\":\"fr-FR\",\"potentialAction\":[{\"@type\":\"ReadAction\",\"target\":[\"https:\\\/\\\/inspirations-sonores.com\\\/index.php\\\/prestations-cherche-musicien-gard-et-herault\\\/\"]}]},{\"@type\":\"ImageObject\",\"inLanguage\":\"fr-FR\",\"@id\":\"https:\\\/\\\/inspirations-sonores.com\\\/index.php\\\/prestations-cherche-musicien-gard-et-herault\\\/#primaryimage\",\"url\":\"https:\\\/\\\/inspirations-sonores.com\\\/wp-content\\\/uploads\\\/2019\\\/01\\\/flyer-CFok.jpg\",\"contentUrl\":\"https:\\\/\\\/inspirations-sonores.com\\\/wp-content\\\/uploads\\\/2019\\\/01\\\/flyer-CFok.jpg\",\"width\":2479,\"height\":1600},{\"@type\":\"BreadcrumbList\",\"@id\":\"https:\\\/\\\/inspirations-sonores.com\\\/index.php\\\/prestations-cherche-musicien-gard-et-herault\\\/#breadcrumb\",\"itemListElement\":[{\"@type\":\"ListItem\",\"position\":1,\"name\":\"Accueil\",\"item\":\"https:\\\/\\\/inspirations-sonores.com\\\/\"},{\"@type\":\"ListItem\",\"position\":2,\"name\":\"Sax in the Wood\"}]},{\"@type\":\"WebSite\",\"@id\":\"https:\\\/\\\/inspirations-sonores.com\\\/#website\",\"url\":\"https:\\\/\\\/inspirations-sonores.com\\\/\",\"name\":\"Inspirations Sonores\",\"description\":\"La musique, mais pas que...\",\"publisher\":{\"@id\":\"https:\\\/\\\/inspirations-sonores.com\\\/#organization\"},\"potentialAction\":[{\"@type\":\"SearchAction\",\"target\":{\"@type\":\"EntryPoint\",\"urlTemplate\":\"https:\\\/\\\/inspirations-sonores.com\\\/?s={search_term_string}\"},\"query-input\":{\"@type\":\"PropertyValueSpecification\",\"valueRequired\":true,\"valueName\":\"search_term_string\"}}],\"inLanguage\":\"fr-FR\"},{\"@type\":\"Organization\",\"@id\":\"https:\\\/\\\/inspirations-sonores.com\\\/#organization\",\"name\":\"Inspirations Sonores\",\"url\":\"https:\\\/\\\/inspirations-sonores.com\\\/\",\"logo\":{\"@type\":\"ImageObject\",\"inLanguage\":\"fr-FR\",\"@id\":\"https:\\\/\\\/inspirations-sonores.com\\\/#\\\/schema\\\/logo\\\/image\\\/\",\"url\":\"https:\\\/\\\/inspirations-sonores.com\\\/wp-content\\\/uploads\\\/2017\\\/01\\\/cropped-logo-fondblanc.jpg\",\"contentUrl\":\"https:\\\/\\\/inspirations-sonores.com\\\/wp-content\\\/uploads\\\/2017\\\/01\\\/cropped-logo-fondblanc.jpg\",\"width\":512,\"height\":512,\"caption\":\"Inspirations Sonores\"},\"image\":{\"@id\":\"https:\\\/\\\/inspirations-sonores.com\\\/#\\\/schema\\\/logo\\\/image\\\/\"},\"sameAs\":[\"https:\\\/\\\/www.facebook.com\\\/InspirationsSonores\\\/\",\"https:\\\/\\\/www.instagram.com\\\/claire_sax_in_the_wood\\\/reels\\\/\"]}]}<\/script>\n<!-- \/ Yoast SEO plugin. -->","yoast_head_json":{"title":"Sax in the Wood - Inspirations Sonores - Cherche Musiciens Gard H\u00e9rault","description":"Sax in the Wood, duo musical, saxophone, chanteuse, pianiste. Cherche Musiciens H\u00e9rault Gard Sud de la France. Groupe musique Montpellier : Sax in the Wood. Services: Musiciens pour \u00e9v\u00e9nements, concert priv\u00e9, comit\u00e9 d'entreprise, mariage, animation musicale, concerts live, cocktail, soir\u00e9es Gard et H\u00e9rault","robots":{"index":"index","follow":"follow","max-snippet":"max-snippet:-1","max-image-preview":"max-image-preview:large","max-video-preview":"max-video-preview:-1"},"canonical":"https:\/\/inspirations-sonores.com\/index.php\/prestations-cherche-musicien-gard-et-herault\/","og_locale":"fr_FR","og_type":"article","og_title":"Sax in the Wood - Inspirations Sonores - Cherche Musiciens Gard H\u00e9rault","og_description":"Sax in the Wood, duo musical, saxophone, chanteuse, pianiste. Cherche Musiciens H\u00e9rault Gard Sud de la France. Groupe musique Montpellier : Sax in the Wood. Services: Musiciens pour \u00e9v\u00e9nements, concert priv\u00e9, comit\u00e9 d'entreprise, mariage, animation musicale, concerts live, cocktail, soir\u00e9es Gard et H\u00e9rault","og_url":"https:\/\/inspirations-sonores.com\/index.php\/prestations-cherche-musicien-gard-et-herault\/","og_site_name":"Inspirations Sonores","article_publisher":"https:\/\/www.facebook.com\/InspirationsSonores\/","article_modified_time":"2019-09-07T10:17:04+00:00","og_image":[{"width":1024,"height":661,"url":"https:\/\/inspirations-sonores.com\/wp-content\/uploads\/2019\/01\/flyer-CFok-1024x661.jpg","type":"image\/jpeg"}],"twitter_card":"summary_large_image","twitter_misc":{"Dur\u00e9e de lecture estim\u00e9e":"3 minutes"},"schema":{"@context":"https:\/\/schema.org","@graph":[{"@type":"WebPage","@id":"https:\/\/inspirations-sonores.com\/index.php\/prestations-cherche-musicien-gard-et-herault\/","url":"https:\/\/inspirations-sonores.com\/index.php\/prestations-cherche-musicien-gard-et-herault\/","name":"Sax in the Wood - Inspirations Sonores - Cherche Musiciens Gard H\u00e9rault","isPartOf":{"@id":"https:\/\/inspirations-sonores.com\/#website"},"primaryImageOfPage":{"@id":"https:\/\/inspirations-sonores.com\/index.php\/prestations-cherche-musicien-gard-et-herault\/#primaryimage"},"image":{"@id":"https:\/\/inspirations-sonores.com\/index.php\/prestations-cherche-musicien-gard-et-herault\/#primaryimage"},"thumbnailUrl":"https:\/\/inspirations-sonores.com\/wp-content\/uploads\/2019\/01\/flyer-CFok.jpg","datePublished":"2017-01-03T16:49:22+00:00","dateModified":"2019-09-07T10:17:04+00:00","description":"Sax in the Wood, duo musical, saxophone, chanteuse, pianiste. Cherche Musiciens H\u00e9rault Gard Sud de la France. Groupe musique Montpellier : Sax in the Wood. Services: Musiciens pour \u00e9v\u00e9nements, concert priv\u00e9, comit\u00e9 d'entreprise, mariage, animation musicale, concerts live, cocktail, soir\u00e9es Gard et H\u00e9rault","breadcrumb":{"@id":"https:\/\/inspirations-sonores.com\/index.php\/prestations-cherche-musicien-gard-et-herault\/#breadcrumb"},"inLanguage":"fr-FR","potentialAction":[{"@type":"ReadAction","target":["https:\/\/inspirations-sonores.com\/index.php\/prestations-cherche-musicien-gard-et-herault\/"]}]},{"@type":"ImageObject","inLanguage":"fr-FR","@id":"https:\/\/inspirations-sonores.com\/index.php\/prestations-cherche-musicien-gard-et-herault\/#primaryimage","url":"https:\/\/inspirations-sonores.com\/wp-content\/uploads\/2019\/01\/flyer-CFok.jpg","contentUrl":"https:\/\/inspirations-sonores.com\/wp-content\/uploads\/2019\/01\/flyer-CFok.jpg","width":2479,"height":1600},{"@type":"BreadcrumbList","@id":"https:\/\/inspirations-sonores.com\/index.php\/prestations-cherche-musicien-gard-et-herault\/#breadcrumb","itemListElement":[{"@type":"ListItem","position":1,"name":"Accueil","item":"https:\/\/inspirations-sonores.com\/"},{"@type":"ListItem","position":2,"name":"Sax in the Wood"}]},{"@type":"WebSite","@id":"https:\/\/inspirations-sonores.com\/#website","url":"https:\/\/inspirations-sonores.com\/","name":"Inspirations Sonores","description":"La musique, mais pas que...","publisher":{"@id":"https:\/\/inspirations-sonores.com\/#organization"},"potentialAction":[{"@type":"SearchAction","target":{"@type":"EntryPoint","urlTemplate":"https:\/\/inspirations-sonores.com\/?s={search_term_string}"},"query-input":{"@type":"PropertyValueSpecification","valueRequired":true,"valueName":"search_term_string"}}],"inLanguage":"fr-FR"},{"@type":"Organization","@id":"https:\/\/inspirations-sonores.com\/#organization","name":"Inspirations Sonores","url":"https:\/\/inspirations-sonores.com\/","logo":{"@type":"ImageObject","inLanguage":"fr-FR","@id":"https:\/\/inspirations-sonores.com\/#\/schema\/logo\/image\/","url":"https:\/\/inspirations-sonores.com\/wp-content\/uploads\/2017\/01\/cropped-logo-fondblanc.jpg","contentUrl":"https:\/\/inspirations-sonores.com\/wp-content\/uploads\/2017\/01\/cropped-logo-fondblanc.jpg","width":512,"height":512,"caption":"Inspirations Sonores"},"image":{"@id":"https:\/\/inspirations-sonores.com\/#\/schema\/logo\/image\/"},"sameAs":["https:\/\/www.facebook.com\/InspirationsSonores\/","https:\/\/www.instagram.com\/claire_sax_in_the_wood\/reels\/"]}]}},"_links":{"self":[{"href":"https:\/\/inspirations-sonores.com\/index.php\/wp-json\/wp\/v2\/pages\/6","targetHints":{"allow":["GET"]}}],"collection":[{"href":"https:\/\/inspirations-sonores.com\/index.php\/wp-json\/wp\/v2\/pages"}],"about":[{"href":"https:\/\/inspirations-sonores.com\/index.php\/wp-json\/wp\/v2\/types\/page"}],"author":[{"embeddable":true,"href":"https:\/\/inspirations-sonores.com\/index.php\/wp-json\/wp\/v2\/users\/1"}],"replies":[{"embeddable":true,"href":"https:\/\/inspirations-sonores.com\/index.php\/wp-json\/wp\/v2\/comments?post=6"}],"version-history":[{"count":0,"href":"https:\/\/inspirations-sonores.com\/index.php\/wp-json\/wp\/v2\/pages\/6\/revisions"}],"wp:featuredmedia":[{"embeddable":true,"href":"https:\/\/inspirations-sonores.com\/index.php\/wp-json\/wp\/v2\/media\/652"}],"wp:attachment":[{"href":"https:\/\/inspirations-sonores.com\/index.php\/wp-json\/wp\/v2\/media?parent=6"}],"curies":[{"name":"wp","href":"https:\/\/api.w.org\/{rel}","templated":true}]}}