{"id":459,"date":"2019-01-03T00:02:41","date_gmt":"2019-01-02T23:02:41","guid":{"rendered":"http:\/\/zo2rkaezon.preview.infomaniak.website\/?page_id=459"},"modified":"2023-06-22T14:17:23","modified_gmt":"2023-06-22T12:17:23","slug":"videos","status":"publish","type":"page","link":"https:\/\/inspirations-sonores.com\/index.php\/videos\/","title":{"rendered":"Vid\u00e9os : Prestations musicales"},"content":{"rendered":"\n<p class=\"has-vivid-red-color has-text-color has-medium-font-size\">1 duo, plusieurs formules pour 2 ambiances diff\u00e9rentes&#8230;<\/p>\n\n\n\n<p>Les artistes proposent une version <strong>concert acoustique<\/strong> avec <strong>compositions <\/strong>originales et <strong>reprises r\u00e9arrang\u00e9es<\/strong> selon leur style. Mais ils disposent aussi d&rsquo;un <strong>r\u00e9pertoire large d&rsquo;animation<\/strong> musicale et peuvent donc <strong>s&rsquo;adapter<\/strong> selon vos projets et le standing de votre \u00e9v\u00e9nement (piano bar, soir\u00e9es d&rsquo;entreprise, afterwork, concert, cocktail et vin d&rsquo;honneur, premi\u00e8re partie de soir\u00e9e mariage, croisi\u00e8res&#8230;). <\/p>\n\n\n\n<figure class=\"wp-block-embed is-type-video is-provider-youtube wp-block-embed-youtube wp-embed-aspect-16-9 wp-has-aspect-ratio\"><div class=\"wp-block-embed__wrapper\">\n<iframe loading=\"lazy\" title=\"SITW Live\" width=\"750\" height=\"422\" src=\"https:\/\/www.youtube.com\/embed\/7j5f46cFin4?feature=oembed\" frameborder=\"0\" allow=\"accelerometer; autoplay; clipboard-write; encrypted-media; gyroscope; picture-in-picture; web-share\" allowfullscreen><\/iframe>\n<\/div><\/figure>\n\n\n\n<p class=\"has-text-align-center has-very-dark-gray-color has-very-light-gray-background-color has-text-color has-background has-medium-font-size\">Ambiance lounge<\/p>\n\n\n\n<p class=\"has-text-align-center\">FORMULE ACOUSTIQUE \u00ab&nbsp;PIANO-BAR&nbsp;\u00bb<br>Concerts, ap\u00e9ritifs, soir\u00e9es priv\u00e9es&nbsp;\u2026<\/p>\n\n\n\n<figure class=\"wp-block-embed is-type-video is-provider-youtube wp-block-embed-youtube wp-embed-aspect-16-9 wp-has-aspect-ratio\"><div class=\"wp-block-embed__wrapper\">\n<iframe loading=\"lazy\" title=\"Duo acoustique lounge\" width=\"750\" height=\"422\" src=\"https:\/\/www.youtube.com\/embed\/0eAmZsuLy3s?feature=oembed\" frameborder=\"0\" allow=\"accelerometer; autoplay; clipboard-write; encrypted-media; gyroscope; picture-in-picture; web-share\" allowfullscreen><\/iframe>\n<\/div><figcaption><em>Concert Live<\/em><\/figcaption><\/figure>\n\n\n\n<p class=\"has-text-align-center has-very-light-gray-background-color has-background has-medium-font-size\"><strong>Dernier Album <\/strong><br><em>compositions originales<\/em><br>\u00c9couter des extraits du Concert Live<\/p>\n\n\n\n<figure class=\"wp-block-audio\"><audio controls src=\"http:\/\/zo2rkaezon.preview.infomaniak.website\/wp-content\/uploads\/2019\/05\/Teaser-Compo.mp3\" preload=\"auto\"><\/audio><figcaption><strong>Paroles et musique Claire L.<\/strong><br><em>0:01 Prends &#8211; 0:54 Passera &#8211; 1:50 Never Saw &#8211; 2:40 Dans le midi<\/em> <div>&#8230;<\/div><\/figcaption><\/figure>\n\n\n\n<p class=\"has-text-align-center\">FORMULE \u00ab&nbsp;JAZZY&nbsp;\u00bb<br>Piano-bar, cocktails, mariages \u2026<\/p>\n\n\n\n<figure class=\"wp-block-embed is-type-video is-provider-youtube wp-block-embed-youtube wp-embed-aspect-16-9 wp-has-aspect-ratio\"><div class=\"wp-block-embed__wrapper\">\n<iframe loading=\"lazy\" title=\"Inspiration Jazz - Sax in the Wood\" width=\"750\" height=\"422\" src=\"https:\/\/www.youtube.com\/embed\/REvAiY0lBsM?feature=oembed\" frameborder=\"0\" allow=\"accelerometer; autoplay; clipboard-write; encrypted-media; gyroscope; picture-in-picture; web-share\" allowfullscreen><\/iframe>\n<\/div><\/figure>\n\n\n\n<blockquote class=\"wp-block-quote is-layout-flow wp-block-quote-is-layout-flow\"><p><em>Un r\u00e9pertoire adaptable selon le lieu et l&rsquo;occasion de <strong>1 heure 30 de concert<\/strong> enti\u00e8rement acoustique et<strong> 2 heures d&rsquo;animation lounge <\/strong>(<strong>soul, bossa, jazz, balades pop<\/strong>\u2026)<\/em><\/p><\/blockquote>\n\n\n\n<p class=\"has-text-align-center has-very-dark-gray-color has-very-light-gray-background-color has-text-color has-background has-medium-font-size\">Ambiance funky <\/p>\n\n\n\n<p class=\"has-text-align-center\">FORMULE CONCERT \u00ab\u00a0LIVE\u00a0\u00bb<br>Premi\u00e8re partie soir\u00e9e dansante, caf\u00e9, concert\u2026<br><\/p>\n\n\n\n<figure class=\"wp-block-embed is-type-video is-provider-youtube wp-block-embed-youtube wp-embed-aspect-16-9 wp-has-aspect-ratio\"><div class=\"wp-block-embed__wrapper\">\n<iframe loading=\"lazy\" title=\"Ambiance funky\" width=\"750\" height=\"422\" src=\"https:\/\/www.youtube.com\/embed\/nPwYat2Fws4?feature=oembed\" frameborder=\"0\" allow=\"accelerometer; autoplay; clipboard-write; encrypted-media; gyroscope; picture-in-picture; web-share\" allowfullscreen><\/iframe>\n<\/div><figcaption>Soir\u00e9es festive<\/figcaption><\/figure>\n\n\n\n<p class=\"has-text-align-center\">FORMULE \u00ab&nbsp;DISCO-FUNK&nbsp;\u00bb<br>Soir\u00e9es dansantes, clubbing, party, \u2026<\/p>\n\n\n\n<figure class=\"wp-block-embed is-type-video is-provider-youtube wp-block-embed-youtube wp-embed-aspect-16-9 wp-has-aspect-ratio\"><div class=\"wp-block-embed__wrapper\">\n<iframe loading=\"lazy\" title=\"Version Disco - Funk\" width=\"750\" height=\"422\" src=\"https:\/\/www.youtube.com\/embed\/ZeKmH1RrcFA?feature=oembed\" frameborder=\"0\" allow=\"accelerometer; autoplay; clipboard-write; encrypted-media; gyroscope; picture-in-picture; web-share\" allowfullscreen><\/iframe>\n<\/div><figcaption><em>Soir\u00e9es dansantes, Clubbing<\/em><\/figcaption><\/figure>\n\n\n\n<p class=\"has-text-align-center\">FORMULE \u00ab&nbsp;ELECTRO&nbsp;\u00bb<br>Warm-up, \u00e9v\u00e9nementiel, bars lounges, \u2026<\/p>\n\n\n\n<figure class=\"wp-block-embed is-type-video is-provider-youtube wp-block-embed-youtube wp-embed-aspect-16-9 wp-has-aspect-ratio\"><div class=\"wp-block-embed__wrapper\">\n<iframe loading=\"lazy\" title=\"Inspiration electro\" width=\"750\" height=\"422\" src=\"https:\/\/www.youtube.com\/embed\/V08lhMSQatg?feature=oembed\" frameborder=\"0\" allow=\"accelerometer; autoplay; clipboard-write; encrypted-media; gyroscope; picture-in-picture; web-share\" allowfullscreen><\/iframe>\n<\/div><figcaption><em>Warmup, Clubbing<\/em><\/figcaption><\/figure>\n\n\n\n<blockquote class=\"wp-block-quote is-layout-flow wp-block-quote-is-layout-flow\"><p><em>Un r\u00e9pertoire adaptable selon le lieu et l&rsquo;occasion d&rsquo;environ <strong>1 heure 30 de concert<\/strong> (reprises live r\u00e9arrang\u00e9es m\u00ealant le son acoustique des instruments aux sons \u00e9lectros pr\u00e9programm\u00e9s), et de <strong>1h30 d&rsquo;animation dansante<\/strong> (<strong>funk, disco, pop, \u00e9lectro\u2026<\/strong>)<\/em><\/p><\/blockquote>\n\n\n\n<p class=\"has-text-align-center\">N&rsquo;h\u00e9sitez pas \u00e0 nous faire part de vos besoins, <br>nous \u00e9tablirons pour vous un <strong>devis personnalis\u00e9<\/strong>.<\/p>\n\n\n\n<p class=\"has-text-align-center has-vivid-red-color has-very-light-gray-background-color has-text-color has-background\"><a href=\"http:\/\/zo2rkaezon.preview.infomaniak.website\/index.php\/contact\/\">Pour faire intervenir le Duo, contactez-nous !<\/a><\/p>\n\n\n\n<figure class=\"wp-block-image\"><img loading=\"lazy\" decoding=\"async\" width=\"2575\" height=\"1037\" src=\"http:\/\/zo2rkaezon.preview.infomaniak.website\/wp-content\/uploads\/2019\/01\/en-t\u00eate-\u00e0-propos5-e1547368170183.jpg\" alt=\"\" class=\"wp-image-506\"\/><figcaption>Animation musicale, Concert priv\u00e9, \u00c9v\u00e9nementiel&#8230;<\/figcaption><\/figure>\n","protected":false},"excerpt":{"rendered":"<p>1 duo, plusieurs formules pour 2 ambiances diff\u00e9rentes&#8230; Les artistes proposent une version concert acoustique avec compositions originales et reprises r\u00e9arrang\u00e9es selon leur style. Mais ils disposent aussi d&rsquo;un r\u00e9pertoire large d&rsquo;animation musicale et peuvent donc s&rsquo;adapter selon vos projets et le standing de votre \u00e9v\u00e9nement (piano bar, soir\u00e9es d&rsquo;entreprise, afterwork, concert, cocktail et vin&#8230;<\/p>\n<p><a href=\"https:\/\/inspirations-sonores.com\/index.php\/videos\/\"><span class=\"glyphicon glyphicon-arrow-right\"><\/span>&nbsp;Poursuivre la lecture<\/a><\/p>","protected":false},"author":1,"featured_media":1028,"parent":0,"menu_order":0,"comment_status":"closed","ping_status":"closed","template":"","meta":{"footnotes":""},"class_list":["post-459","page","type-page","status-publish","has-post-thumbnail","hentry"],"yoast_head":"<!-- This site is optimized with the Yoast SEO plugin v27.3 - https:\/\/yoast.com\/product\/yoast-seo-wordpress\/ -->\n<title>Vid\u00e9os : Prestations musicales - Inspirations Sonores - animation musicale -concert - Montpellier<\/title>\n<meta name=\"description\" content=\"Animation musicale pour f\u00eate, anniversaire, cocktail, mariage... Des musiciens \u00e0 Montpellier pour un concert priv\u00e9, chic et prestigieux. Ambiance Lounge et soir\u00e9es dansantes.\" \/>\n<meta name=\"robots\" content=\"index, follow, max-snippet:-1, max-image-preview:large, max-video-preview:-1\" \/>\n<link rel=\"canonical\" href=\"https:\/\/inspirations-sonores.com\/index.php\/videos\/\" \/>\n<meta property=\"og:locale\" content=\"fr_FR\" \/>\n<meta property=\"og:type\" content=\"article\" \/>\n<meta property=\"og:title\" content=\"Vid\u00e9os : Prestations musicales - Inspirations Sonores - animation musicale -concert - Montpellier\" \/>\n<meta property=\"og:description\" content=\"Animation musicale pour f\u00eate, anniversaire, cocktail, mariage... Des musiciens \u00e0 Montpellier pour un concert priv\u00e9, chic et prestigieux. Ambiance Lounge et soir\u00e9es dansantes.\" \/>\n<meta property=\"og:url\" content=\"https:\/\/inspirations-sonores.com\/index.php\/videos\/\" \/>\n<meta property=\"og:site_name\" content=\"Inspirations Sonores\" \/>\n<meta property=\"article:publisher\" content=\"https:\/\/www.facebook.com\/InspirationsSonores\/\" \/>\n<meta property=\"article:modified_time\" content=\"2023-06-22T12:17:23+00:00\" \/>\n<meta property=\"og:image\" content=\"https:\/\/inspirations-sonores.com\/wp-content\/uploads\/2019\/02\/ent\u00eate-site-copie-750x300-2.jpg\" \/>\n\t<meta property=\"og:image:width\" content=\"750\" \/>\n\t<meta property=\"og:image:height\" content=\"300\" \/>\n\t<meta property=\"og:image:type\" content=\"image\/jpeg\" \/>\n<meta name=\"twitter:card\" content=\"summary_large_image\" \/>\n<meta name=\"twitter:label1\" content=\"Dur\u00e9e de lecture estim\u00e9e\" \/>\n\t<meta name=\"twitter:data1\" content=\"2 minutes\" \/>\n<script type=\"application\/ld+json\" class=\"yoast-schema-graph\">{\"@context\":\"https:\\\/\\\/schema.org\",\"@graph\":[{\"@type\":\"WebPage\",\"@id\":\"https:\\\/\\\/inspirations-sonores.com\\\/index.php\\\/videos\\\/\",\"url\":\"https:\\\/\\\/inspirations-sonores.com\\\/index.php\\\/videos\\\/\",\"name\":\"Vid\u00e9os : Prestations musicales - Inspirations Sonores - animation musicale -concert - Montpellier\",\"isPartOf\":{\"@id\":\"https:\\\/\\\/inspirations-sonores.com\\\/#website\"},\"primaryImageOfPage\":{\"@id\":\"https:\\\/\\\/inspirations-sonores.com\\\/index.php\\\/videos\\\/#primaryimage\"},\"image\":{\"@id\":\"https:\\\/\\\/inspirations-sonores.com\\\/index.php\\\/videos\\\/#primaryimage\"},\"thumbnailUrl\":\"https:\\\/\\\/inspirations-sonores.com\\\/wp-content\\\/uploads\\\/2019\\\/02\\\/ent\u00eate-site-copie-750x300-2.jpg\",\"datePublished\":\"2019-01-02T23:02:41+00:00\",\"dateModified\":\"2023-06-22T12:17:23+00:00\",\"description\":\"Animation musicale pour f\u00eate, anniversaire, cocktail, mariage... Des musiciens \u00e0 Montpellier pour un concert priv\u00e9, chic et prestigieux. Ambiance Lounge et soir\u00e9es dansantes.\",\"breadcrumb\":{\"@id\":\"https:\\\/\\\/inspirations-sonores.com\\\/index.php\\\/videos\\\/#breadcrumb\"},\"inLanguage\":\"fr-FR\",\"potentialAction\":[{\"@type\":\"ReadAction\",\"target\":[\"https:\\\/\\\/inspirations-sonores.com\\\/index.php\\\/videos\\\/\"]}]},{\"@type\":\"ImageObject\",\"inLanguage\":\"fr-FR\",\"@id\":\"https:\\\/\\\/inspirations-sonores.com\\\/index.php\\\/videos\\\/#primaryimage\",\"url\":\"https:\\\/\\\/inspirations-sonores.com\\\/wp-content\\\/uploads\\\/2019\\\/02\\\/ent\u00eate-site-copie-750x300-2.jpg\",\"contentUrl\":\"https:\\\/\\\/inspirations-sonores.com\\\/wp-content\\\/uploads\\\/2019\\\/02\\\/ent\u00eate-site-copie-750x300-2.jpg\",\"width\":750,\"height\":300},{\"@type\":\"BreadcrumbList\",\"@id\":\"https:\\\/\\\/inspirations-sonores.com\\\/index.php\\\/videos\\\/#breadcrumb\",\"itemListElement\":[{\"@type\":\"ListItem\",\"position\":1,\"name\":\"Accueil\",\"item\":\"https:\\\/\\\/inspirations-sonores.com\\\/\"},{\"@type\":\"ListItem\",\"position\":2,\"name\":\"Vid\u00e9os : Prestations musicales\"}]},{\"@type\":\"WebSite\",\"@id\":\"https:\\\/\\\/inspirations-sonores.com\\\/#website\",\"url\":\"https:\\\/\\\/inspirations-sonores.com\\\/\",\"name\":\"Inspirations Sonores\",\"description\":\"La musique, mais pas que...\",\"publisher\":{\"@id\":\"https:\\\/\\\/inspirations-sonores.com\\\/#organization\"},\"potentialAction\":[{\"@type\":\"SearchAction\",\"target\":{\"@type\":\"EntryPoint\",\"urlTemplate\":\"https:\\\/\\\/inspirations-sonores.com\\\/?s={search_term_string}\"},\"query-input\":{\"@type\":\"PropertyValueSpecification\",\"valueRequired\":true,\"valueName\":\"search_term_string\"}}],\"inLanguage\":\"fr-FR\"},{\"@type\":\"Organization\",\"@id\":\"https:\\\/\\\/inspirations-sonores.com\\\/#organization\",\"name\":\"Inspirations Sonores\",\"url\":\"https:\\\/\\\/inspirations-sonores.com\\\/\",\"logo\":{\"@type\":\"ImageObject\",\"inLanguage\":\"fr-FR\",\"@id\":\"https:\\\/\\\/inspirations-sonores.com\\\/#\\\/schema\\\/logo\\\/image\\\/\",\"url\":\"https:\\\/\\\/inspirations-sonores.com\\\/wp-content\\\/uploads\\\/2017\\\/01\\\/cropped-logo-fondblanc.jpg\",\"contentUrl\":\"https:\\\/\\\/inspirations-sonores.com\\\/wp-content\\\/uploads\\\/2017\\\/01\\\/cropped-logo-fondblanc.jpg\",\"width\":512,\"height\":512,\"caption\":\"Inspirations Sonores\"},\"image\":{\"@id\":\"https:\\\/\\\/inspirations-sonores.com\\\/#\\\/schema\\\/logo\\\/image\\\/\"},\"sameAs\":[\"https:\\\/\\\/www.facebook.com\\\/InspirationsSonores\\\/\",\"https:\\\/\\\/www.instagram.com\\\/claire_sax_in_the_wood\\\/reels\\\/\"]}]}<\/script>\n<!-- \/ Yoast SEO plugin. -->","yoast_head_json":{"title":"Vid\u00e9os : Prestations musicales - Inspirations Sonores - animation musicale -concert - Montpellier","description":"Animation musicale pour f\u00eate, anniversaire, cocktail, mariage... Des musiciens \u00e0 Montpellier pour un concert priv\u00e9, chic et prestigieux. Ambiance Lounge et soir\u00e9es dansantes.","robots":{"index":"index","follow":"follow","max-snippet":"max-snippet:-1","max-image-preview":"max-image-preview:large","max-video-preview":"max-video-preview:-1"},"canonical":"https:\/\/inspirations-sonores.com\/index.php\/videos\/","og_locale":"fr_FR","og_type":"article","og_title":"Vid\u00e9os : Prestations musicales - Inspirations Sonores - animation musicale -concert - Montpellier","og_description":"Animation musicale pour f\u00eate, anniversaire, cocktail, mariage... Des musiciens \u00e0 Montpellier pour un concert priv\u00e9, chic et prestigieux. Ambiance Lounge et soir\u00e9es dansantes.","og_url":"https:\/\/inspirations-sonores.com\/index.php\/videos\/","og_site_name":"Inspirations Sonores","article_publisher":"https:\/\/www.facebook.com\/InspirationsSonores\/","article_modified_time":"2023-06-22T12:17:23+00:00","og_image":[{"width":750,"height":300,"url":"https:\/\/inspirations-sonores.com\/wp-content\/uploads\/2019\/02\/ent\u00eate-site-copie-750x300-2.jpg","type":"image\/jpeg"}],"twitter_card":"summary_large_image","twitter_misc":{"Dur\u00e9e de lecture estim\u00e9e":"2 minutes"},"schema":{"@context":"https:\/\/schema.org","@graph":[{"@type":"WebPage","@id":"https:\/\/inspirations-sonores.com\/index.php\/videos\/","url":"https:\/\/inspirations-sonores.com\/index.php\/videos\/","name":"Vid\u00e9os : Prestations musicales - Inspirations Sonores - animation musicale -concert - Montpellier","isPartOf":{"@id":"https:\/\/inspirations-sonores.com\/#website"},"primaryImageOfPage":{"@id":"https:\/\/inspirations-sonores.com\/index.php\/videos\/#primaryimage"},"image":{"@id":"https:\/\/inspirations-sonores.com\/index.php\/videos\/#primaryimage"},"thumbnailUrl":"https:\/\/inspirations-sonores.com\/wp-content\/uploads\/2019\/02\/ent\u00eate-site-copie-750x300-2.jpg","datePublished":"2019-01-02T23:02:41+00:00","dateModified":"2023-06-22T12:17:23+00:00","description":"Animation musicale pour f\u00eate, anniversaire, cocktail, mariage... Des musiciens \u00e0 Montpellier pour un concert priv\u00e9, chic et prestigieux. Ambiance Lounge et soir\u00e9es dansantes.","breadcrumb":{"@id":"https:\/\/inspirations-sonores.com\/index.php\/videos\/#breadcrumb"},"inLanguage":"fr-FR","potentialAction":[{"@type":"ReadAction","target":["https:\/\/inspirations-sonores.com\/index.php\/videos\/"]}]},{"@type":"ImageObject","inLanguage":"fr-FR","@id":"https:\/\/inspirations-sonores.com\/index.php\/videos\/#primaryimage","url":"https:\/\/inspirations-sonores.com\/wp-content\/uploads\/2019\/02\/ent\u00eate-site-copie-750x300-2.jpg","contentUrl":"https:\/\/inspirations-sonores.com\/wp-content\/uploads\/2019\/02\/ent\u00eate-site-copie-750x300-2.jpg","width":750,"height":300},{"@type":"BreadcrumbList","@id":"https:\/\/inspirations-sonores.com\/index.php\/videos\/#breadcrumb","itemListElement":[{"@type":"ListItem","position":1,"name":"Accueil","item":"https:\/\/inspirations-sonores.com\/"},{"@type":"ListItem","position":2,"name":"Vid\u00e9os : Prestations musicales"}]},{"@type":"WebSite","@id":"https:\/\/inspirations-sonores.com\/#website","url":"https:\/\/inspirations-sonores.com\/","name":"Inspirations Sonores","description":"La musique, mais pas que...","publisher":{"@id":"https:\/\/inspirations-sonores.com\/#organization"},"potentialAction":[{"@type":"SearchAction","target":{"@type":"EntryPoint","urlTemplate":"https:\/\/inspirations-sonores.com\/?s={search_term_string}"},"query-input":{"@type":"PropertyValueSpecification","valueRequired":true,"valueName":"search_term_string"}}],"inLanguage":"fr-FR"},{"@type":"Organization","@id":"https:\/\/inspirations-sonores.com\/#organization","name":"Inspirations Sonores","url":"https:\/\/inspirations-sonores.com\/","logo":{"@type":"ImageObject","inLanguage":"fr-FR","@id":"https:\/\/inspirations-sonores.com\/#\/schema\/logo\/image\/","url":"https:\/\/inspirations-sonores.com\/wp-content\/uploads\/2017\/01\/cropped-logo-fondblanc.jpg","contentUrl":"https:\/\/inspirations-sonores.com\/wp-content\/uploads\/2017\/01\/cropped-logo-fondblanc.jpg","width":512,"height":512,"caption":"Inspirations Sonores"},"image":{"@id":"https:\/\/inspirations-sonores.com\/#\/schema\/logo\/image\/"},"sameAs":["https:\/\/www.facebook.com\/InspirationsSonores\/","https:\/\/www.instagram.com\/claire_sax_in_the_wood\/reels\/"]}]}},"_links":{"self":[{"href":"https:\/\/inspirations-sonores.com\/index.php\/wp-json\/wp\/v2\/pages\/459","targetHints":{"allow":["GET"]}}],"collection":[{"href":"https:\/\/inspirations-sonores.com\/index.php\/wp-json\/wp\/v2\/pages"}],"about":[{"href":"https:\/\/inspirations-sonores.com\/index.php\/wp-json\/wp\/v2\/types\/page"}],"author":[{"embeddable":true,"href":"https:\/\/inspirations-sonores.com\/index.php\/wp-json\/wp\/v2\/users\/1"}],"replies":[{"embeddable":true,"href":"https:\/\/inspirations-sonores.com\/index.php\/wp-json\/wp\/v2\/comments?post=459"}],"version-history":[{"count":2,"href":"https:\/\/inspirations-sonores.com\/index.php\/wp-json\/wp\/v2\/pages\/459\/revisions"}],"predecessor-version":[{"id":1914,"href":"https:\/\/inspirations-sonores.com\/index.php\/wp-json\/wp\/v2\/pages\/459\/revisions\/1914"}],"wp:featuredmedia":[{"embeddable":true,"href":"https:\/\/inspirations-sonores.com\/index.php\/wp-json\/wp\/v2\/media\/1028"}],"wp:attachment":[{"href":"https:\/\/inspirations-sonores.com\/index.php\/wp-json\/wp\/v2\/media?parent=459"}],"curies":[{"name":"wp","href":"https:\/\/api.w.org\/{rel}","templated":true}]}}