{"id":271,"date":"2018-12-31T15:41:49","date_gmt":"2018-12-31T14:41:49","guid":{"rendered":"http:\/\/zo2rkaezon.preview.infomaniak.website\/?page_id=271"},"modified":"2019-09-10T22:13:05","modified_gmt":"2019-09-10T20:13:05","slug":"prestataires","status":"publish","type":"page","link":"https:\/\/inspirations-sonores.com\/index.php\/prestataires\/","title":{"rendered":"Prestataires"},"content":{"rendered":"\n<p>Sax in the Wood collabore r\u00e9guli\u00e8rement avec des&nbsp;<strong>professionnels&nbsp;du mariage<\/strong> dans le Sud de la France.&nbsp;<br>Le duo est ainsi en contact avec <strong>divers&nbsp;prestataires<\/strong>&nbsp;qui sauront vous accompagner pour faire de votre journ\u00e9e un moment magique.<\/p>\n\n\n\n<blockquote class=\"wp-block-quote is-layout-flow wp-block-quote-is-layout-flow\"><p>Ce jour est sp\u00e9cial et il vous faut, Mesdemoiselles, en plus d&rsquo;une robe somptueuse, un maquillage unique ! Besoin d&rsquo;une maquilleuse \u00e0 l&rsquo;\u00e9coute et ultra comp\u00e9tente ?<\/p><p><\/p><\/blockquote>\n\n\n\n<p style=\"text-align:center\" class=\"has-text-color has-background has-medium-font-size has-vivid-red-color has-very-light-gray-background-color\">Notre coup de c\u0153ur : Secrets d&rsquo;Agn\u00e8s<\/p>\n\n\n\n<figure class=\"wp-block-image\"><img loading=\"lazy\" decoding=\"async\" width=\"1024\" height=\"387\" src=\"http:\/\/zo2rkaezon.preview.infomaniak.website\/wp-content\/uploads\/2019\/09\/48403460_2142330225798496_7176738185219670016_o-1024x387.jpg\" alt=\"\" class=\"wp-image-1632\" srcset=\"https:\/\/inspirations-sonores.com\/wp-content\/uploads\/2019\/09\/48403460_2142330225798496_7176738185219670016_o-1024x387.jpg 1024w, https:\/\/inspirations-sonores.com\/wp-content\/uploads\/2019\/09\/48403460_2142330225798496_7176738185219670016_o-300x113.jpg 300w, https:\/\/inspirations-sonores.com\/wp-content\/uploads\/2019\/09\/48403460_2142330225798496_7176738185219670016_o-768x290.jpg 768w, https:\/\/inspirations-sonores.com\/wp-content\/uploads\/2019\/09\/48403460_2142330225798496_7176738185219670016_o.jpg 1561w\" sizes=\"auto, (max-width: 1024px) 100vw, 1024px\" \/><\/figure>\n\n\n\n<p>Agn\u00e8s est une <strong>maquilleuse exp\u00e9riment\u00e9e<\/strong> et tr\u00e8s humaine. Tr\u00e8s douce et <strong>\u00e0 l&rsquo;\u00e9coute<\/strong>, elle saura vous rassurer et vous \u00e9couter pour cr\u00e9er un <strong>maquillage unique<\/strong> et <strong>sur mesure<\/strong>. Faire de vous, la plus sublime des mari\u00e9es est sa priorit\u00e9.<\/p>\n\n\n\n<p class=\"has-text-color has-vivid-red-color\"><strong>Prestations :<\/strong> <\/p>\n\n\n\n<p>Parce que chaque femme est unique, votre maquillage doit vous ressembler, et \u00eatre <strong>personnalis\u00e9<\/strong>. Elle vous propose par exemple un <strong>forfait maquillage mari\u00e9e<\/strong> comprenant une \u00e9tude avec essai maquillage pr\u00e9alable et le maquillage du jour j. Elle pourra aussi r\u00e9aliser la <strong>mise en beaut\u00e9<\/strong> de vos invit\u00e9es.  <em>(Tarifs \u00e0 partir de 95\u20ac )<\/em>. <br>N&rsquo;h\u00e9sitez pas \u00e0 consulter son site pour d\u00e9couvrir l&rsquo;ensemble de ses prestations et tarifs.<\/p>\n\n\n\n<figure class=\"wp-block-image\"><a href=\"http:\/\/www.secretsdagnes.fr\" target=\"_blank\" rel=\"noreferrer noopener\"><img loading=\"lazy\" decoding=\"async\" width=\"1024\" height=\"500\" src=\"http:\/\/zo2rkaezon.preview.infomaniak.website\/wp-content\/uploads\/2019\/01\/FB_IMG_1548440284585-1024x500.jpg\" alt=\"\" class=\"wp-image-834\" srcset=\"https:\/\/inspirations-sonores.com\/wp-content\/uploads\/2019\/01\/FB_IMG_1548440284585-1024x500.jpg 1024w, https:\/\/inspirations-sonores.com\/wp-content\/uploads\/2019\/01\/FB_IMG_1548440284585-300x147.jpg 300w, https:\/\/inspirations-sonores.com\/wp-content\/uploads\/2019\/01\/FB_IMG_1548440284585-768x375.jpg 768w, https:\/\/inspirations-sonores.com\/wp-content\/uploads\/2019\/01\/FB_IMG_1548440284585.jpg 1034w\" sizes=\"auto, (max-width: 1024px) 100vw, 1024px\" \/><\/a><\/figure>\n\n\n\n<p style=\"text-align:center\" class=\"has-text-color has-background has-vivid-red-color has-very-light-gray-background-color\"><strong><a rel=\"noreferrer noopener\" aria-label=\"Pour visiter son site web, c'est ici ! (s\u2019ouvre dans un nouvel onglet)\" href=\"http:\/\/www.secretsdagnes.fr\" target=\"_blank\">Pour visiter son site web, c&rsquo;est ici !<\/a><br>Contacter Agn\u00e8s : 06 61 71 89 78 <\/strong><\/p>\n\n\n\n<p style=\"text-align:center\">***<\/p>\n\n\n\n<hr class=\"wp-block-separator\"\/>\n\n\n\n<p style=\"text-align:center\">***<\/p>\n\n\n\n<blockquote class=\"wp-block-quote is-layout-flow wp-block-quote-is-layout-flow\"><p>On n&rsquo;imagine pas ce merveilleux jour sans photographe pour immortaliser vos plus beaux instants&#8230;<\/p><\/blockquote>\n\n\n\n<p style=\"text-align:center\" class=\"has-text-color has-background has-medium-font-size has-vivid-red-color has-very-light-gray-background-color\">Notre coup de coeur : Laetitia Leofold<\/p>\n\n\n\n<figure class=\"wp-block-image\"><img loading=\"lazy\" decoding=\"async\" width=\"1024\" height=\"465\" src=\"http:\/\/zo2rkaezon.preview.infomaniak.website\/wp-content\/uploads\/2019\/09\/25488185_1700815166635308_8005368663397813134_o-1024x465.jpg\" alt=\"\" class=\"wp-image-1617\" srcset=\"https:\/\/inspirations-sonores.com\/wp-content\/uploads\/2019\/09\/25488185_1700815166635308_8005368663397813134_o-1024x465.jpg 1024w, https:\/\/inspirations-sonores.com\/wp-content\/uploads\/2019\/09\/25488185_1700815166635308_8005368663397813134_o-300x136.jpg 300w, https:\/\/inspirations-sonores.com\/wp-content\/uploads\/2019\/09\/25488185_1700815166635308_8005368663397813134_o-768x349.jpg 768w\" sizes=\"auto, (max-width: 1024px) 100vw, 1024px\" \/><\/figure>\n\n\n\n<p>Laetitia est une personne adorable et <strong>passionn\u00e9e<\/strong> qui saura \u00eatre<strong> \u00e0 l&rsquo;\u00e9coute<\/strong> et discr\u00e8te le jour J pour capturer vos plus belles \u00e9motions. Elle pose un <strong>regard doux<\/strong> et <strong>po\u00e9tique<\/strong> sur les \u00eatres et les choses, et cela se ressent \u00e0 travers ses clich\u00e9s. <br>Cela fait d&rsquo;elle la <strong>photographe id\u00e9ale<\/strong> pour un mariage ! (Mais pas que&#8230;)<\/p>\n\n\n\n<p class=\"has-text-color has-vivid-red-color\"><strong>Prestations :<\/strong><\/p>\n\n\n\n<p>Du <strong>reportage photo<\/strong> au \u00ab\u00a0life storytelling\u00a0\u00bb, Laetitia saura <strong>raconter vos plus belles histoires<\/strong> en image : avant, pendant et apr\u00e8s le jour J.<br>N&rsquo;h\u00e9sitez pas \u00e0 consulter son site pour d\u00e9couvrir l&rsquo;\u00e9tendue de ce qu&rsquo;elle peut offrir, et mesurer la <strong>qualit\u00e9 de son travail <\/strong>et de son talent ! <\/p>\n\n\n\n<div class=\"wp-block-image\"><figure class=\"aligncenter\"><img loading=\"lazy\" decoding=\"async\" width=\"540\" height=\"281\" src=\"http:\/\/zo2rkaezon.preview.infomaniak.website\/wp-content\/uploads\/2019\/09\/safe_image.php_.jpeg\" alt=\"\" class=\"wp-image-1618\" srcset=\"https:\/\/inspirations-sonores.com\/wp-content\/uploads\/2019\/09\/safe_image.php_.jpeg 540w, https:\/\/inspirations-sonores.com\/wp-content\/uploads\/2019\/09\/safe_image.php_-300x156.jpeg 300w\" sizes=\"auto, (max-width: 540px) 100vw, 540px\" \/><figcaption>Cr\u00e9dit photo <a href=\"https:\/\/laetitialeofold.com\" target=\"_blank\" rel=\"noreferrer noopener\" aria-label=\"Laetitia Leofold (s\u2019ouvre dans un nouvel onglet)\">Laetitia Leofold<\/a><\/figcaption><\/figure><\/div>\n\n\n\n<p style=\"text-align:center\" class=\"has-text-color has-background has-vivid-red-color has-very-light-gray-background-color\"><a rel=\"noreferrer noopener\" aria-label=\"Pour visiter son site Web, c'est ici ! (s\u2019ouvre dans un nouvel onglet)\" href=\"https:\/\/laetitialeofold.com\" target=\"_blank\"><strong>Pour visiter son site Web, c&rsquo;est ici !<\/strong><\/a><\/p>\n\n\n\n<p style=\"text-align:center\"><br><\/p>\n\n\n\n<hr class=\"wp-block-separator\"\/>\n","protected":false},"excerpt":{"rendered":"<p>Sax in the Wood collabore r\u00e9guli\u00e8rement avec des&nbsp;professionnels&nbsp;du mariage dans le Sud de la France.&nbsp;Le duo est ainsi en contact avec divers&nbsp;prestataires&nbsp;qui sauront vous accompagner pour faire de votre journ\u00e9e un moment magique. Ce jour est sp\u00e9cial et il vous faut, Mesdemoiselles, en plus d&rsquo;une robe somptueuse, un maquillage unique ! Besoin d&rsquo;une maquilleuse \u00e0&#8230;<\/p>\n<p><a href=\"https:\/\/inspirations-sonores.com\/index.php\/prestataires\/\"><span class=\"glyphicon glyphicon-arrow-right\"><\/span>&nbsp;Poursuivre la lecture<\/a><\/p>","protected":false},"author":1,"featured_media":1635,"parent":0,"menu_order":0,"comment_status":"closed","ping_status":"closed","template":"","meta":{"footnotes":""},"class_list":["post-271","page","type-page","status-publish","has-post-thumbnail","hentry"],"yoast_head":"<!-- This site is optimized with the Yoast SEO plugin v27.3 - https:\/\/yoast.com\/product\/yoast-seo-wordpress\/ -->\n<title>Prestataires - Inspirations Sonores<\/title>\n<meta name=\"robots\" content=\"index, follow, max-snippet:-1, max-image-preview:large, max-video-preview:-1\" \/>\n<link rel=\"canonical\" href=\"https:\/\/inspirations-sonores.com\/index.php\/prestataires\/\" \/>\n<meta property=\"og:locale\" content=\"fr_FR\" \/>\n<meta property=\"og:type\" content=\"article\" \/>\n<meta property=\"og:title\" content=\"Prestataires - Inspirations Sonores\" \/>\n<meta property=\"og:description\" content=\"Sax in the Wood collabore r\u00e9guli\u00e8rement avec des&nbsp;professionnels&nbsp;du mariage dans le Sud de la France.&nbsp;Le duo est ainsi en contact avec divers&nbsp;prestataires&nbsp;qui sauront vous accompagner pour faire de votre journ\u00e9e un moment magique. Ce jour est sp\u00e9cial et il vous faut, Mesdemoiselles, en plus d&rsquo;une robe somptueuse, un maquillage unique ! Besoin d&rsquo;une maquilleuse \u00e0...\" \/>\n<meta property=\"og:url\" content=\"https:\/\/inspirations-sonores.com\/index.php\/prestataires\/\" \/>\n<meta property=\"og:site_name\" content=\"Inspirations Sonores\" \/>\n<meta property=\"article:publisher\" content=\"https:\/\/www.facebook.com\/InspirationsSonores\/\" \/>\n<meta property=\"article:modified_time\" content=\"2019-09-10T20:13:05+00:00\" \/>\n<meta property=\"og:image\" content=\"https:\/\/inspirations-sonores.com\/wp-content\/uploads\/2019\/09\/bouquet-1566272_1280-1.jpg\" \/>\n\t<meta property=\"og:image:width\" content=\"1275\" \/>\n\t<meta property=\"og:image:height\" content=\"766\" \/>\n\t<meta property=\"og:image:type\" content=\"image\/jpeg\" \/>\n<meta name=\"twitter:card\" content=\"summary_large_image\" \/>\n<meta name=\"twitter:label1\" content=\"Dur\u00e9e de lecture estim\u00e9e\" \/>\n\t<meta name=\"twitter:data1\" content=\"2 minutes\" \/>\n<script type=\"application\/ld+json\" class=\"yoast-schema-graph\">{\"@context\":\"https:\\\/\\\/schema.org\",\"@graph\":[{\"@type\":\"WebPage\",\"@id\":\"https:\\\/\\\/inspirations-sonores.com\\\/index.php\\\/prestataires\\\/\",\"url\":\"https:\\\/\\\/inspirations-sonores.com\\\/index.php\\\/prestataires\\\/\",\"name\":\"Prestataires - Inspirations Sonores\",\"isPartOf\":{\"@id\":\"https:\\\/\\\/inspirations-sonores.com\\\/#website\"},\"primaryImageOfPage\":{\"@id\":\"https:\\\/\\\/inspirations-sonores.com\\\/index.php\\\/prestataires\\\/#primaryimage\"},\"image\":{\"@id\":\"https:\\\/\\\/inspirations-sonores.com\\\/index.php\\\/prestataires\\\/#primaryimage\"},\"thumbnailUrl\":\"https:\\\/\\\/inspirations-sonores.com\\\/wp-content\\\/uploads\\\/2019\\\/09\\\/bouquet-1566272_1280-1.jpg\",\"datePublished\":\"2018-12-31T14:41:49+00:00\",\"dateModified\":\"2019-09-10T20:13:05+00:00\",\"breadcrumb\":{\"@id\":\"https:\\\/\\\/inspirations-sonores.com\\\/index.php\\\/prestataires\\\/#breadcrumb\"},\"inLanguage\":\"fr-FR\",\"potentialAction\":[{\"@type\":\"ReadAction\",\"target\":[\"https:\\\/\\\/inspirations-sonores.com\\\/index.php\\\/prestataires\\\/\"]}]},{\"@type\":\"ImageObject\",\"inLanguage\":\"fr-FR\",\"@id\":\"https:\\\/\\\/inspirations-sonores.com\\\/index.php\\\/prestataires\\\/#primaryimage\",\"url\":\"https:\\\/\\\/inspirations-sonores.com\\\/wp-content\\\/uploads\\\/2019\\\/09\\\/bouquet-1566272_1280-1.jpg\",\"contentUrl\":\"https:\\\/\\\/inspirations-sonores.com\\\/wp-content\\\/uploads\\\/2019\\\/09\\\/bouquet-1566272_1280-1.jpg\",\"width\":1275,\"height\":766},{\"@type\":\"BreadcrumbList\",\"@id\":\"https:\\\/\\\/inspirations-sonores.com\\\/index.php\\\/prestataires\\\/#breadcrumb\",\"itemListElement\":[{\"@type\":\"ListItem\",\"position\":1,\"name\":\"Accueil\",\"item\":\"https:\\\/\\\/inspirations-sonores.com\\\/\"},{\"@type\":\"ListItem\",\"position\":2,\"name\":\"Prestataires\"}]},{\"@type\":\"WebSite\",\"@id\":\"https:\\\/\\\/inspirations-sonores.com\\\/#website\",\"url\":\"https:\\\/\\\/inspirations-sonores.com\\\/\",\"name\":\"Inspirations Sonores\",\"description\":\"La musique, mais pas que...\",\"publisher\":{\"@id\":\"https:\\\/\\\/inspirations-sonores.com\\\/#organization\"},\"potentialAction\":[{\"@type\":\"SearchAction\",\"target\":{\"@type\":\"EntryPoint\",\"urlTemplate\":\"https:\\\/\\\/inspirations-sonores.com\\\/?s={search_term_string}\"},\"query-input\":{\"@type\":\"PropertyValueSpecification\",\"valueRequired\":true,\"valueName\":\"search_term_string\"}}],\"inLanguage\":\"fr-FR\"},{\"@type\":\"Organization\",\"@id\":\"https:\\\/\\\/inspirations-sonores.com\\\/#organization\",\"name\":\"Inspirations Sonores\",\"url\":\"https:\\\/\\\/inspirations-sonores.com\\\/\",\"logo\":{\"@type\":\"ImageObject\",\"inLanguage\":\"fr-FR\",\"@id\":\"https:\\\/\\\/inspirations-sonores.com\\\/#\\\/schema\\\/logo\\\/image\\\/\",\"url\":\"https:\\\/\\\/inspirations-sonores.com\\\/wp-content\\\/uploads\\\/2017\\\/01\\\/cropped-logo-fondblanc.jpg\",\"contentUrl\":\"https:\\\/\\\/inspirations-sonores.com\\\/wp-content\\\/uploads\\\/2017\\\/01\\\/cropped-logo-fondblanc.jpg\",\"width\":512,\"height\":512,\"caption\":\"Inspirations Sonores\"},\"image\":{\"@id\":\"https:\\\/\\\/inspirations-sonores.com\\\/#\\\/schema\\\/logo\\\/image\\\/\"},\"sameAs\":[\"https:\\\/\\\/www.facebook.com\\\/InspirationsSonores\\\/\",\"https:\\\/\\\/www.instagram.com\\\/claire_sax_in_the_wood\\\/reels\\\/\"]}]}<\/script>\n<!-- \/ Yoast SEO plugin. -->","yoast_head_json":{"title":"Prestataires - Inspirations Sonores","robots":{"index":"index","follow":"follow","max-snippet":"max-snippet:-1","max-image-preview":"max-image-preview:large","max-video-preview":"max-video-preview:-1"},"canonical":"https:\/\/inspirations-sonores.com\/index.php\/prestataires\/","og_locale":"fr_FR","og_type":"article","og_title":"Prestataires - Inspirations Sonores","og_description":"Sax in the Wood collabore r\u00e9guli\u00e8rement avec des&nbsp;professionnels&nbsp;du mariage dans le Sud de la France.&nbsp;Le duo est ainsi en contact avec divers&nbsp;prestataires&nbsp;qui sauront vous accompagner pour faire de votre journ\u00e9e un moment magique. Ce jour est sp\u00e9cial et il vous faut, Mesdemoiselles, en plus d&rsquo;une robe somptueuse, un maquillage unique ! Besoin d&rsquo;une maquilleuse \u00e0...","og_url":"https:\/\/inspirations-sonores.com\/index.php\/prestataires\/","og_site_name":"Inspirations Sonores","article_publisher":"https:\/\/www.facebook.com\/InspirationsSonores\/","article_modified_time":"2019-09-10T20:13:05+00:00","og_image":[{"width":1275,"height":766,"url":"https:\/\/inspirations-sonores.com\/wp-content\/uploads\/2019\/09\/bouquet-1566272_1280-1.jpg","type":"image\/jpeg"}],"twitter_card":"summary_large_image","twitter_misc":{"Dur\u00e9e de lecture estim\u00e9e":"2 minutes"},"schema":{"@context":"https:\/\/schema.org","@graph":[{"@type":"WebPage","@id":"https:\/\/inspirations-sonores.com\/index.php\/prestataires\/","url":"https:\/\/inspirations-sonores.com\/index.php\/prestataires\/","name":"Prestataires - Inspirations Sonores","isPartOf":{"@id":"https:\/\/inspirations-sonores.com\/#website"},"primaryImageOfPage":{"@id":"https:\/\/inspirations-sonores.com\/index.php\/prestataires\/#primaryimage"},"image":{"@id":"https:\/\/inspirations-sonores.com\/index.php\/prestataires\/#primaryimage"},"thumbnailUrl":"https:\/\/inspirations-sonores.com\/wp-content\/uploads\/2019\/09\/bouquet-1566272_1280-1.jpg","datePublished":"2018-12-31T14:41:49+00:00","dateModified":"2019-09-10T20:13:05+00:00","breadcrumb":{"@id":"https:\/\/inspirations-sonores.com\/index.php\/prestataires\/#breadcrumb"},"inLanguage":"fr-FR","potentialAction":[{"@type":"ReadAction","target":["https:\/\/inspirations-sonores.com\/index.php\/prestataires\/"]}]},{"@type":"ImageObject","inLanguage":"fr-FR","@id":"https:\/\/inspirations-sonores.com\/index.php\/prestataires\/#primaryimage","url":"https:\/\/inspirations-sonores.com\/wp-content\/uploads\/2019\/09\/bouquet-1566272_1280-1.jpg","contentUrl":"https:\/\/inspirations-sonores.com\/wp-content\/uploads\/2019\/09\/bouquet-1566272_1280-1.jpg","width":1275,"height":766},{"@type":"BreadcrumbList","@id":"https:\/\/inspirations-sonores.com\/index.php\/prestataires\/#breadcrumb","itemListElement":[{"@type":"ListItem","position":1,"name":"Accueil","item":"https:\/\/inspirations-sonores.com\/"},{"@type":"ListItem","position":2,"name":"Prestataires"}]},{"@type":"WebSite","@id":"https:\/\/inspirations-sonores.com\/#website","url":"https:\/\/inspirations-sonores.com\/","name":"Inspirations Sonores","description":"La musique, mais pas que...","publisher":{"@id":"https:\/\/inspirations-sonores.com\/#organization"},"potentialAction":[{"@type":"SearchAction","target":{"@type":"EntryPoint","urlTemplate":"https:\/\/inspirations-sonores.com\/?s={search_term_string}"},"query-input":{"@type":"PropertyValueSpecification","valueRequired":true,"valueName":"search_term_string"}}],"inLanguage":"fr-FR"},{"@type":"Organization","@id":"https:\/\/inspirations-sonores.com\/#organization","name":"Inspirations Sonores","url":"https:\/\/inspirations-sonores.com\/","logo":{"@type":"ImageObject","inLanguage":"fr-FR","@id":"https:\/\/inspirations-sonores.com\/#\/schema\/logo\/image\/","url":"https:\/\/inspirations-sonores.com\/wp-content\/uploads\/2017\/01\/cropped-logo-fondblanc.jpg","contentUrl":"https:\/\/inspirations-sonores.com\/wp-content\/uploads\/2017\/01\/cropped-logo-fondblanc.jpg","width":512,"height":512,"caption":"Inspirations Sonores"},"image":{"@id":"https:\/\/inspirations-sonores.com\/#\/schema\/logo\/image\/"},"sameAs":["https:\/\/www.facebook.com\/InspirationsSonores\/","https:\/\/www.instagram.com\/claire_sax_in_the_wood\/reels\/"]}]}},"_links":{"self":[{"href":"https:\/\/inspirations-sonores.com\/index.php\/wp-json\/wp\/v2\/pages\/271","targetHints":{"allow":["GET"]}}],"collection":[{"href":"https:\/\/inspirations-sonores.com\/index.php\/wp-json\/wp\/v2\/pages"}],"about":[{"href":"https:\/\/inspirations-sonores.com\/index.php\/wp-json\/wp\/v2\/types\/page"}],"author":[{"embeddable":true,"href":"https:\/\/inspirations-sonores.com\/index.php\/wp-json\/wp\/v2\/users\/1"}],"replies":[{"embeddable":true,"href":"https:\/\/inspirations-sonores.com\/index.php\/wp-json\/wp\/v2\/comments?post=271"}],"version-history":[{"count":0,"href":"https:\/\/inspirations-sonores.com\/index.php\/wp-json\/wp\/v2\/pages\/271\/revisions"}],"wp:featuredmedia":[{"embeddable":true,"href":"https:\/\/inspirations-sonores.com\/index.php\/wp-json\/wp\/v2\/media\/1635"}],"wp:attachment":[{"href":"https:\/\/inspirations-sonores.com\/index.php\/wp-json\/wp\/v2\/media?parent=271"}],"curies":[{"name":"wp","href":"https:\/\/api.w.org\/{rel}","templated":true}]}}