{"id":253,"date":"2018-12-31T14:48:56","date_gmt":"2018-12-31T13:48:56","guid":{"rendered":"http:\/\/zo2rkaezon.preview.infomaniak.website\/?page_id=253"},"modified":"2019-09-06T10:29:59","modified_gmt":"2019-09-06T08:29:59","slug":"votre-mariage","status":"publish","type":"page","link":"https:\/\/inspirations-sonores.com\/index.php\/votre-mariage\/","title":{"rendered":"Votre mariage"},"content":{"rendered":"\n<p class=\"has-text-color has-medium-font-size has-vivid-red-color\">Des musiciens pour votre c\u00e9r\u00e9monie, votre vin d&rsquo;honneur, votre repas&#8230;  <\/p>\n\n\n\n<p>Pour cet \u00e9v\u00e9nement exceptionnel, faites appel \u00e0 des <strong>musiciens professionnels<\/strong> qui pourront cr\u00e9er pour vous une ambiance musicale unique. <\/p>\n\n\n\n<p>En duo, ou en trio, Sax in the Wood fera de votre soir\u00e9e un moment inoubliable, avec un r\u00e9pertoire m\u00ealant <strong>jazz, pop, soul, funk, vari\u00e9t\u00e9 internationale<\/strong> et <strong>compositions originales<\/strong> pour une <strong>prestation haut-de-gamme.<\/strong><\/p>\n\n\n\n<p>Vous avez un titre musical qui vous tient particuli\u00e8rement \u00e0 c\u0153ur ? Le duo se fera un plaisir de cr\u00e9er pour vous une <strong>r\u00e9adaptation unique<\/strong> et personnelle de ce titre.<\/p>\n\n\n\n<p class=\"has-text-color has-medium-font-size has-vivid-red-color\">Une prestation adaptable<\/p>\n\n\n\n<p>Selon l&rsquo;ambiance choisie, les musiciens peuvent vous proposer 3 formules : <\/p>\n\n\n\n<p class=\"has-text-color has-background has-very-dark-gray-color has-very-light-gray-background-color\"><strong>Formule n\u00b01 :<\/strong> <br>Une intervention ponctuelle \u00e0 l&rsquo;\u00e9glise ou dans le lieu de votre choix sur un titre choisi (Chant lyrique ou gospel, th\u00e8mes c\u00e9l\u00e8bres au saxophone\u2026 ) <\/p>\n\n\n\n<p class=\"has-background has-very-light-gray-background-color\"><strong>Formule n\u00b02 : <\/strong><br>Concert priv\u00e9 dans un esprit Lounge pour le vin d&rsquo;honneur, le repas ou le cocktail (environ deux heures entrecoup\u00e9es de pauses musicales)<\/p>\n\n\n\n<p class=\"has-background has-very-light-gray-background-color\"><strong>Formule n\u00b03 : <\/strong><br>Premi\u00e8re partie de soir\u00e9e festive et dansante (environ 1h30) avant l&rsquo;intervention \u00e9ventuelle d&rsquo;un DJ et Sax performing.<\/p>\n\n\n\n<p>Possibilit\u00e9 de jouer en<strong> int\u00e9rieur <\/strong>ou en <strong>ext\u00e9rieur<\/strong>, dans l&rsquo;H\u00e9rault, le Gard et le sud de la France. Lors de la prestation, une <strong>musique d&rsquo;ambiance<\/strong>, dans l&rsquo;esprit de la formule choisie, prendra le relais lors des moments de pause des artistes, ou fera les encha\u00eenements entre les diff\u00e9rentes formules. <\/p>\n\n\n\n<p class=\"has-text-color has-medium-font-size has-vivid-red-color\">Un r\u00e9pertoire vari\u00e9<\/p>\n\n\n\n<p>Le r\u00e9pertoire de Sax in the Wood se constitue de <strong>compositions personnelles <\/strong>et de <strong>reprises c\u00e9l\u00e8bres<\/strong>, r\u00e9adapt\u00e9es dans un style unique, m\u00ealant tour \u00e0 tour chanson fran\u00e7aise, pop, funk, soul, jazz ou electro.<\/p>\n\n\n\n<p class=\"has-background has-very-light-gray-background-color\"><em>Reprises et influences : Amy Winehouse, Aretha Franklin, James Brown, Stevie Wonder, Ed Sheeran, Sting, Sia, Beyonc\u00e9, Camillia Cabelo, Bruno Mars, Jamiroquai, Pharrell Williams, Nina Simone, Meghan Trainor, Justin Timberlake ..<\/em><br><\/p>\n\n\n\n<p style=\"text-align:center\" class=\"has-medium-font-size\">2 ambiances au choix : lounge ou festive<\/p>\n\n\n\n<p><strong>Ambiance lounge : concert acoustique<\/strong><\/p>\n\n\n\n<figure class=\"wp-block-embed-youtube wp-block-embed is-type-video is-provider-youtube wp-embed-aspect-16-9 wp-has-aspect-ratio\"><div class=\"wp-block-embed__wrapper\">\n<iframe loading=\"lazy\" width=\"750\" height=\"422\" src=\"https:\/\/www.youtube.com\/embed\/0eAmZsuLy3s?feature=oembed\" frameborder=\"0\" allow=\"accelerometer; autoplay; encrypted-media; gyroscope; picture-in-picture\" allowfullscreen><\/iframe>\n<\/div><figcaption>Concert acoustique live, saxophone, piano, looper et voix<\/figcaption><\/figure>\n\n\n\n<p><strong>Ambiance festive : un r\u00e9pertoire plus funk et Punchy<\/strong><\/p>\n\n\n\n<figure class=\"wp-block-embed-youtube wp-block-embed is-type-video is-provider-youtube wp-embed-aspect-16-9 wp-has-aspect-ratio\"><div class=\"wp-block-embed__wrapper\">\n<iframe loading=\"lazy\" width=\"750\" height=\"422\" src=\"https:\/\/www.youtube.com\/embed\/nPwYat2Fws4?feature=oembed\" frameborder=\"0\" allow=\"accelerometer; autoplay; encrypted-media; gyroscope; picture-in-picture\" allowfullscreen><\/iframe>\n<\/div><figcaption>R\u00e9pertoire dansant, saxophone, piano, Looper, programmation \u00e9lectro et voix<\/figcaption><\/figure>\n","protected":false},"excerpt":{"rendered":"<p>Des musiciens pour votre c\u00e9r\u00e9monie, votre vin d&rsquo;honneur, votre repas&#8230; Pour cet \u00e9v\u00e9nement exceptionnel, faites appel \u00e0 des musiciens professionnels qui pourront cr\u00e9er pour vous une ambiance musicale unique. En duo, ou en trio, Sax in the Wood fera de votre soir\u00e9e un moment inoubliable, avec un r\u00e9pertoire m\u00ealant jazz, pop, soul, funk, vari\u00e9t\u00e9 internationale&#8230;<\/p>\n<p><a href=\"https:\/\/inspirations-sonores.com\/index.php\/votre-mariage\/\"><span class=\"glyphicon glyphicon-arrow-right\"><\/span>&nbsp;Poursuivre la lecture<\/a><\/p>","protected":false},"author":1,"featured_media":254,"parent":0,"menu_order":0,"comment_status":"closed","ping_status":"closed","template":"","meta":{"footnotes":""},"class_list":["post-253","page","type-page","status-publish","has-post-thumbnail","hentry"],"yoast_head":"<!-- This site is optimized with the Yoast SEO plugin v27.3 - https:\/\/yoast.com\/product\/yoast-seo-wordpress\/ -->\n<title>Votre mariage - Inspirations Sonores - Musiciens Gard (30) et H\u00e9rault (34)<\/title>\n<meta name=\"description\" content=\"Des musiciens professionnels pour votre c\u00e9r\u00e9monie de mariage, votre repas ou votre vin d&#039;honneur dans le Gard (30) et l&#039;H\u00e9rault (34). En groupe ou en duo, dans un style pop, funk, jazz ou soul, Sax in the Wood vous propose concerts et animations musicales dans le sud de la France. Inspirations Sonores\" \/>\n<meta name=\"robots\" content=\"index, follow, max-snippet:-1, max-image-preview:large, max-video-preview:-1\" \/>\n<link rel=\"canonical\" href=\"https:\/\/inspirations-sonores.com\/index.php\/votre-mariage\/\" \/>\n<meta property=\"og:locale\" content=\"fr_FR\" \/>\n<meta property=\"og:type\" content=\"article\" \/>\n<meta property=\"og:title\" content=\"Votre mariage - Inspirations Sonores - Musiciens Gard (30) et H\u00e9rault (34)\" \/>\n<meta property=\"og:description\" content=\"Des musiciens professionnels pour votre c\u00e9r\u00e9monie de mariage, votre repas ou votre vin d&#039;honneur dans le Gard (30) et l&#039;H\u00e9rault (34). En groupe ou en duo, dans un style pop, funk, jazz ou soul, Sax in the Wood vous propose concerts et animations musicales dans le sud de la France. Inspirations Sonores\" \/>\n<meta property=\"og:url\" content=\"https:\/\/inspirations-sonores.com\/index.php\/votre-mariage\/\" \/>\n<meta property=\"og:site_name\" content=\"Inspirations Sonores\" \/>\n<meta property=\"article:publisher\" content=\"https:\/\/www.facebook.com\/InspirationsSonores\/\" \/>\n<meta property=\"article:modified_time\" content=\"2019-09-06T08:29:59+00:00\" \/>\n<meta property=\"og:image\" content=\"https:\/\/inspirations-sonores.com\/wp-content\/uploads\/2018\/12\/beaded-detail-on-wedding-dress_925x.jpg\" \/>\n\t<meta property=\"og:image:width\" content=\"924\" \/>\n\t<meta property=\"og:image:height\" content=\"617\" \/>\n\t<meta property=\"og:image:type\" content=\"image\/jpeg\" \/>\n<meta name=\"twitter:card\" content=\"summary_large_image\" \/>\n<meta name=\"twitter:label1\" content=\"Dur\u00e9e de lecture estim\u00e9e\" \/>\n\t<meta name=\"twitter:data1\" content=\"2 minutes\" \/>\n<script type=\"application\/ld+json\" class=\"yoast-schema-graph\">{\"@context\":\"https:\\\/\\\/schema.org\",\"@graph\":[{\"@type\":\"WebPage\",\"@id\":\"https:\\\/\\\/inspirations-sonores.com\\\/index.php\\\/votre-mariage\\\/\",\"url\":\"https:\\\/\\\/inspirations-sonores.com\\\/index.php\\\/votre-mariage\\\/\",\"name\":\"Votre mariage - Inspirations Sonores - Musiciens Gard (30) et H\u00e9rault (34)\",\"isPartOf\":{\"@id\":\"https:\\\/\\\/inspirations-sonores.com\\\/#website\"},\"primaryImageOfPage\":{\"@id\":\"https:\\\/\\\/inspirations-sonores.com\\\/index.php\\\/votre-mariage\\\/#primaryimage\"},\"image\":{\"@id\":\"https:\\\/\\\/inspirations-sonores.com\\\/index.php\\\/votre-mariage\\\/#primaryimage\"},\"thumbnailUrl\":\"https:\\\/\\\/inspirations-sonores.com\\\/wp-content\\\/uploads\\\/2018\\\/12\\\/beaded-detail-on-wedding-dress_925x.jpg\",\"datePublished\":\"2018-12-31T13:48:56+00:00\",\"dateModified\":\"2019-09-06T08:29:59+00:00\",\"description\":\"Des musiciens professionnels pour votre c\u00e9r\u00e9monie de mariage, votre repas ou votre vin d'honneur dans le Gard (30) et l'H\u00e9rault (34). En groupe ou en duo, dans un style pop, funk, jazz ou soul, Sax in the Wood vous propose concerts et animations musicales dans le sud de la France. Inspirations Sonores\",\"breadcrumb\":{\"@id\":\"https:\\\/\\\/inspirations-sonores.com\\\/index.php\\\/votre-mariage\\\/#breadcrumb\"},\"inLanguage\":\"fr-FR\",\"potentialAction\":[{\"@type\":\"ReadAction\",\"target\":[\"https:\\\/\\\/inspirations-sonores.com\\\/index.php\\\/votre-mariage\\\/\"]}]},{\"@type\":\"ImageObject\",\"inLanguage\":\"fr-FR\",\"@id\":\"https:\\\/\\\/inspirations-sonores.com\\\/index.php\\\/votre-mariage\\\/#primaryimage\",\"url\":\"https:\\\/\\\/inspirations-sonores.com\\\/wp-content\\\/uploads\\\/2018\\\/12\\\/beaded-detail-on-wedding-dress_925x.jpg\",\"contentUrl\":\"https:\\\/\\\/inspirations-sonores.com\\\/wp-content\\\/uploads\\\/2018\\\/12\\\/beaded-detail-on-wedding-dress_925x.jpg\",\"width\":924,\"height\":617,\"caption\":\"https:\\\/\\\/burst.shopify.com\\\/@pegleess\"},{\"@type\":\"BreadcrumbList\",\"@id\":\"https:\\\/\\\/inspirations-sonores.com\\\/index.php\\\/votre-mariage\\\/#breadcrumb\",\"itemListElement\":[{\"@type\":\"ListItem\",\"position\":1,\"name\":\"Accueil\",\"item\":\"https:\\\/\\\/inspirations-sonores.com\\\/\"},{\"@type\":\"ListItem\",\"position\":2,\"name\":\"Votre mariage\"}]},{\"@type\":\"WebSite\",\"@id\":\"https:\\\/\\\/inspirations-sonores.com\\\/#website\",\"url\":\"https:\\\/\\\/inspirations-sonores.com\\\/\",\"name\":\"Inspirations Sonores\",\"description\":\"La musique, mais pas que...\",\"publisher\":{\"@id\":\"https:\\\/\\\/inspirations-sonores.com\\\/#organization\"},\"potentialAction\":[{\"@type\":\"SearchAction\",\"target\":{\"@type\":\"EntryPoint\",\"urlTemplate\":\"https:\\\/\\\/inspirations-sonores.com\\\/?s={search_term_string}\"},\"query-input\":{\"@type\":\"PropertyValueSpecification\",\"valueRequired\":true,\"valueName\":\"search_term_string\"}}],\"inLanguage\":\"fr-FR\"},{\"@type\":\"Organization\",\"@id\":\"https:\\\/\\\/inspirations-sonores.com\\\/#organization\",\"name\":\"Inspirations Sonores\",\"url\":\"https:\\\/\\\/inspirations-sonores.com\\\/\",\"logo\":{\"@type\":\"ImageObject\",\"inLanguage\":\"fr-FR\",\"@id\":\"https:\\\/\\\/inspirations-sonores.com\\\/#\\\/schema\\\/logo\\\/image\\\/\",\"url\":\"https:\\\/\\\/inspirations-sonores.com\\\/wp-content\\\/uploads\\\/2017\\\/01\\\/cropped-logo-fondblanc.jpg\",\"contentUrl\":\"https:\\\/\\\/inspirations-sonores.com\\\/wp-content\\\/uploads\\\/2017\\\/01\\\/cropped-logo-fondblanc.jpg\",\"width\":512,\"height\":512,\"caption\":\"Inspirations Sonores\"},\"image\":{\"@id\":\"https:\\\/\\\/inspirations-sonores.com\\\/#\\\/schema\\\/logo\\\/image\\\/\"},\"sameAs\":[\"https:\\\/\\\/www.facebook.com\\\/InspirationsSonores\\\/\",\"https:\\\/\\\/www.instagram.com\\\/claire_sax_in_the_wood\\\/reels\\\/\"]}]}<\/script>\n<!-- \/ Yoast SEO plugin. -->","yoast_head_json":{"title":"Votre mariage - Inspirations Sonores - Musiciens Gard (30) et H\u00e9rault (34)","description":"Des musiciens professionnels pour votre c\u00e9r\u00e9monie de mariage, votre repas ou votre vin d'honneur dans le Gard (30) et l'H\u00e9rault (34). En groupe ou en duo, dans un style pop, funk, jazz ou soul, Sax in the Wood vous propose concerts et animations musicales dans le sud de la France. Inspirations Sonores","robots":{"index":"index","follow":"follow","max-snippet":"max-snippet:-1","max-image-preview":"max-image-preview:large","max-video-preview":"max-video-preview:-1"},"canonical":"https:\/\/inspirations-sonores.com\/index.php\/votre-mariage\/","og_locale":"fr_FR","og_type":"article","og_title":"Votre mariage - Inspirations Sonores - Musiciens Gard (30) et H\u00e9rault (34)","og_description":"Des musiciens professionnels pour votre c\u00e9r\u00e9monie de mariage, votre repas ou votre vin d'honneur dans le Gard (30) et l'H\u00e9rault (34). En groupe ou en duo, dans un style pop, funk, jazz ou soul, Sax in the Wood vous propose concerts et animations musicales dans le sud de la France. Inspirations Sonores","og_url":"https:\/\/inspirations-sonores.com\/index.php\/votre-mariage\/","og_site_name":"Inspirations Sonores","article_publisher":"https:\/\/www.facebook.com\/InspirationsSonores\/","article_modified_time":"2019-09-06T08:29:59+00:00","og_image":[{"width":924,"height":617,"url":"https:\/\/inspirations-sonores.com\/wp-content\/uploads\/2018\/12\/beaded-detail-on-wedding-dress_925x.jpg","type":"image\/jpeg"}],"twitter_card":"summary_large_image","twitter_misc":{"Dur\u00e9e de lecture estim\u00e9e":"2 minutes"},"schema":{"@context":"https:\/\/schema.org","@graph":[{"@type":"WebPage","@id":"https:\/\/inspirations-sonores.com\/index.php\/votre-mariage\/","url":"https:\/\/inspirations-sonores.com\/index.php\/votre-mariage\/","name":"Votre mariage - Inspirations Sonores - Musiciens Gard (30) et H\u00e9rault (34)","isPartOf":{"@id":"https:\/\/inspirations-sonores.com\/#website"},"primaryImageOfPage":{"@id":"https:\/\/inspirations-sonores.com\/index.php\/votre-mariage\/#primaryimage"},"image":{"@id":"https:\/\/inspirations-sonores.com\/index.php\/votre-mariage\/#primaryimage"},"thumbnailUrl":"https:\/\/inspirations-sonores.com\/wp-content\/uploads\/2018\/12\/beaded-detail-on-wedding-dress_925x.jpg","datePublished":"2018-12-31T13:48:56+00:00","dateModified":"2019-09-06T08:29:59+00:00","description":"Des musiciens professionnels pour votre c\u00e9r\u00e9monie de mariage, votre repas ou votre vin d'honneur dans le Gard (30) et l'H\u00e9rault (34). En groupe ou en duo, dans un style pop, funk, jazz ou soul, Sax in the Wood vous propose concerts et animations musicales dans le sud de la France. Inspirations Sonores","breadcrumb":{"@id":"https:\/\/inspirations-sonores.com\/index.php\/votre-mariage\/#breadcrumb"},"inLanguage":"fr-FR","potentialAction":[{"@type":"ReadAction","target":["https:\/\/inspirations-sonores.com\/index.php\/votre-mariage\/"]}]},{"@type":"ImageObject","inLanguage":"fr-FR","@id":"https:\/\/inspirations-sonores.com\/index.php\/votre-mariage\/#primaryimage","url":"https:\/\/inspirations-sonores.com\/wp-content\/uploads\/2018\/12\/beaded-detail-on-wedding-dress_925x.jpg","contentUrl":"https:\/\/inspirations-sonores.com\/wp-content\/uploads\/2018\/12\/beaded-detail-on-wedding-dress_925x.jpg","width":924,"height":617,"caption":"https:\/\/burst.shopify.com\/@pegleess"},{"@type":"BreadcrumbList","@id":"https:\/\/inspirations-sonores.com\/index.php\/votre-mariage\/#breadcrumb","itemListElement":[{"@type":"ListItem","position":1,"name":"Accueil","item":"https:\/\/inspirations-sonores.com\/"},{"@type":"ListItem","position":2,"name":"Votre mariage"}]},{"@type":"WebSite","@id":"https:\/\/inspirations-sonores.com\/#website","url":"https:\/\/inspirations-sonores.com\/","name":"Inspirations Sonores","description":"La musique, mais pas que...","publisher":{"@id":"https:\/\/inspirations-sonores.com\/#organization"},"potentialAction":[{"@type":"SearchAction","target":{"@type":"EntryPoint","urlTemplate":"https:\/\/inspirations-sonores.com\/?s={search_term_string}"},"query-input":{"@type":"PropertyValueSpecification","valueRequired":true,"valueName":"search_term_string"}}],"inLanguage":"fr-FR"},{"@type":"Organization","@id":"https:\/\/inspirations-sonores.com\/#organization","name":"Inspirations Sonores","url":"https:\/\/inspirations-sonores.com\/","logo":{"@type":"ImageObject","inLanguage":"fr-FR","@id":"https:\/\/inspirations-sonores.com\/#\/schema\/logo\/image\/","url":"https:\/\/inspirations-sonores.com\/wp-content\/uploads\/2017\/01\/cropped-logo-fondblanc.jpg","contentUrl":"https:\/\/inspirations-sonores.com\/wp-content\/uploads\/2017\/01\/cropped-logo-fondblanc.jpg","width":512,"height":512,"caption":"Inspirations Sonores"},"image":{"@id":"https:\/\/inspirations-sonores.com\/#\/schema\/logo\/image\/"},"sameAs":["https:\/\/www.facebook.com\/InspirationsSonores\/","https:\/\/www.instagram.com\/claire_sax_in_the_wood\/reels\/"]}]}},"_links":{"self":[{"href":"https:\/\/inspirations-sonores.com\/index.php\/wp-json\/wp\/v2\/pages\/253","targetHints":{"allow":["GET"]}}],"collection":[{"href":"https:\/\/inspirations-sonores.com\/index.php\/wp-json\/wp\/v2\/pages"}],"about":[{"href":"https:\/\/inspirations-sonores.com\/index.php\/wp-json\/wp\/v2\/types\/page"}],"author":[{"embeddable":true,"href":"https:\/\/inspirations-sonores.com\/index.php\/wp-json\/wp\/v2\/users\/1"}],"replies":[{"embeddable":true,"href":"https:\/\/inspirations-sonores.com\/index.php\/wp-json\/wp\/v2\/comments?post=253"}],"version-history":[{"count":0,"href":"https:\/\/inspirations-sonores.com\/index.php\/wp-json\/wp\/v2\/pages\/253\/revisions"}],"wp:featuredmedia":[{"embeddable":true,"href":"https:\/\/inspirations-sonores.com\/index.php\/wp-json\/wp\/v2\/media\/254"}],"wp:attachment":[{"href":"https:\/\/inspirations-sonores.com\/index.php\/wp-json\/wp\/v2\/media?parent=253"}],"curies":[{"name":"wp","href":"https:\/\/api.w.org\/{rel}","templated":true}]}}