{"id":2,"date":"2017-01-03T15:34:25","date_gmt":"2017-01-03T14:34:25","guid":{"rendered":"http:\/\/zo2rkaezon.preview.infomaniak.website\/?page_id=2"},"modified":"2019-09-07T12:11:31","modified_gmt":"2019-09-07T10:11:31","slug":"a-propos","status":"publish","type":"page","link":"https:\/\/inspirations-sonores.com\/index.php\/a-propos\/","title":{"rendered":"A propos"},"content":{"rendered":"\r\n<p class=\"has-text-color has-medium-font-size has-vivid-red-color\">Inspirations sonores, k\u00e9saco ?<\/p>\r\n\r\n\r\n\r\n<p>Inspirations sonores est avant tout un espace destin\u00e9 aux <strong>particuliers<\/strong> et aux <strong>professionnels<\/strong> d\u00e9sireux d&rsquo;organiser chez eux, ou dans leur \u00e9tablissement, un <strong>\u00e9v\u00e9nement original<\/strong>, haut de gamme et prestigieux. <\/p>\r\n\r\n\r\n\r\n<p>C&rsquo;est aussi le terrain de jeu, musical, visuel, litt\u00e9raire ou simplement journalistique de <strong>Sax in the Wood&nbsp;<\/strong>: Un <strong>duo acoustique <\/strong>aux influences jazz, electro, pop ou encore emprunt de musique du monde, constitu\u00e9 d&rsquo;une pianiste chanteuse et d&rsquo;un saxophoniste.<\/p>\r\n\r\n\r\n\r\n<p>Tous deux bouclent en direct des rythmiques, des m\u00e9lop\u00e9es vocales ou des harmonies \u00ab\u00a0saxophoniques\u00a0\u00bb, cr\u00e9ant un univers sonore feutr\u00e9, atypique et rythm\u00e9.<\/p>\r\n\r\n\r\n\r\n<p class=\"has-text-color has-medium-font-size has-vivid-red-color\">Parcours et comp\u00e9tences <\/p>\r\n\r\n\r\n\r\n<p>Riche de son exp\u00e9rience dans le domaine du <strong>Web marketing<\/strong>, du <strong>blogging <\/strong>et de la<strong> communication<\/strong>, Claire vous fera partager ses conseils et ses <strong>astuces pour cr\u00e9er un \u00e9v\u00e9nement<\/strong> de qualit\u00e9. (En dehors de ses activit\u00e9s musicales, elle est aussi formatrice, consultante et coach dans les domaines de la communication).<\/p>\r\n\r\n\r\n\r\n<p style=\"text-align:center\" class=\"has-text-color has-background has-vivid-red-color has-very-light-gray-background-color\">Des conseils en coaching vocal ou en communication, <br>Besoin d&rsquo;une formation innovante pour votre entreprise, <br>Pour d\u00e9couvrir les blogs de Claire, c&rsquo;est ici : <br><a rel=\"noreferrer noopener\" aria-label=\" (s\u2019ouvre dans un nouvel onglet)\" href=\"http:\/\/univoix.fr\" target=\"_blank\">&#8212; Coaching vocal<\/a> &#8212; <br><a rel=\"noreferrer noopener\" aria-label=\" (s\u2019ouvre dans un nouvel onglet)\" href=\"http:\/\/psycorpophonie-relationnelle.fr\" target=\"_blank\">&#8212; Communication<\/a> &#8212;<\/p>\r\n\r\n\r\n\r\n<p>Apr\u00e8s de longues <strong>\u00e9tudes musicales<\/strong> (11 ans de conservatoire puis quatre ann\u00e9es \u00e0 la facult\u00e9 de musicologie, avec un CAPES en poche), elle enseigne la musique et le chant et se sp\u00e9cialise ensuite dans le coaching vocal et la communication. Parall\u00e8lement, elle fera de nombreuses <strong>premi\u00e8res parties d&rsquo;artistes<\/strong> en tant qu&rsquo;auteur-compositeur-int\u00e8rpr\u00e8te. Et c&rsquo;est en tant que chanteuse, qu&rsquo;elle int\u00e9grera le monde de l&rsquo;\u00e9v\u00e9nementiel en faisant partie de diverses formations (orchestres, duos, trios&#8230;) depuis une quinzaine d&rsquo;ann\u00e9es. <\/p>\r\n\r\n\r\n\r\n<p>Fabien est aussi un musicien atypique. <strong>Multi instrumentiste<\/strong> (saxophone, fl\u00fbte, piano, guitare, batterie\u2026), il se passionne pour l&rsquo;illustration et la bande dessin\u00e9e.<\/p>\r\n\r\n\r\n\r\n<p style=\"text-align:center\" class=\"has-background has-very-light-gray-background-color\"><a href=\"http:\/\/illustrations-humoristiques.fr\" target=\"_blank\" rel=\"noreferrer noopener\" aria-label=\"Des articles amusants remplis de jeux de mots,\r\nUn regard d\u00e9cal\u00e9 sur l'actualit\u00e9, \r\nPour d\u00e9couvrir le blog de Fabien, c'est ici ! (s\u2019ouvre dans un nouvel onglet)\">Des articles amusants remplis de jeux de mots,<br>Un regard d\u00e9cal\u00e9 sur l&rsquo;actualit\u00e9, <br>Pour d\u00e9couvrir le blog de Fabien, c&rsquo;est ici !<\/a><\/p>\r\n\r\n\r\n\r\n<p>Parall\u00e8lement \u00e0 son d\u00e9sir ardent de devenir <strong>journaliste<\/strong> (et un d\u00e9but d&rsquo;\u00e9tudes dans la m\u00e9diation culturelle et la communication), Fabien \u00e9tudiera la musique (IMFP, classe de jazz au conservatoire de Perpignan&#8230;) pour devenir <strong>musicien professionnel<\/strong>. <\/p>\r\n\r\n\r\n\r\n<p>Il int\u00e8gre ainsi, depuis 15 ans, des <strong>formations diverses<\/strong> (orchestre de vari\u00e9t\u00e9, big band, groupe de funk, trio acoustique, groupe de jazz,&#8230;) et a accompagn\u00e9 sur sc\u00e8ne de <strong>nombreux artistes reconnus<\/strong>. Parall\u00e8lement, il enseignera le saxophone dans les \u00e9coles de musique de Beziers et de Clermont l&rsquo;H\u00e9rault.<\/p>\r\n\r\n\r\n\r\n<p><em>Son fr\u00e8re est d&rsquo;ailleurs un musicien c\u00e9l\u00e8bre \u00e9m\u00e9rite et son beau-fr\u00e8re est gendarme. (Comment \u00e7a on s&rsquo;en moque ?) <\/em><\/p>\r\n\r\n\r\n\r\n<p style=\"text-align:center\" class=\"has-text-color has-medium-font-size has-vivid-red-color\">Fiche signal\u00e9tique des artistes<\/p>\r\n\r\n\r\n\r\n<div class=\"wp-block-media-text alignwide\"><figure class=\"wp-block-media-text__media\"><img loading=\"lazy\" decoding=\"async\" width=\"300\" height=\"296\" src=\"http:\/\/zo2rkaezon.preview.infomaniak.website\/wp-content\/uploads\/2017\/01\/portraits-blog-C-e1483469650834.jpeg\" alt=\"\" class=\"wp-image-27\"\/><\/figure><div class=\"wp-block-media-text__content\">\r\n<h4 class=\"wp-block-heading\">Claire L.<\/h4>\r\n\r\n\r\n\r\n<p><em>\u00c2ge :<\/em> inconnu<\/p>\r\n\r\n\r\n\r\n<p><em>Profession :<\/em> nombreuses<\/p>\r\n\r\n\r\n\r\n<p><em>Activit\u00e9s :<\/em> chant, piano, loops, composition et shopping<\/p>\r\n<\/div><\/div>\r\n\r\n\r\n\r\n<div class=\"wp-block-media-text alignwide\"><figure class=\"wp-block-media-text__media\"><img loading=\"lazy\" decoding=\"async\" width=\"300\" height=\"300\" src=\"http:\/\/zo2rkaezon.preview.infomaniak.website\/wp-content\/uploads\/2017\/01\/portraits-blog-F-e1483469724458.jpeg\" alt=\"\" class=\"wp-image-28\"\/><\/figure><div class=\"wp-block-media-text__content\">\r\n<h4 class=\"wp-block-heading\">Fabien D-R.<\/h4>\r\n\r\n\r\n\r\n<p><em>\u00c2ge :<\/em>&nbsp;certain<\/p>\r\n\r\n\r\n\r\n<p><em>Profession :<\/em>&nbsp;musicien (mais est-ce vraiment une<br>profession ?)<\/p>\r\n\r\n\r\n\r\n<p><em>Activit\u00e9s :<\/em>&nbsp;saxophone, chant, loops et footing<\/p>\r\n<\/div><\/div>\r\n\r\n\r\n\r\n<p><em>&nbsp;Une envie irr\u00e9pressible de les voir et de les entendre ? Vous pouvez directement d\u00e9filer tout en bas de la page et cliquez sur la vid\u00e9o \ud83d\ude09<\/em><br><br><\/p>\r\n\r\n\r\n\r\n<p style=\"text-align:center\" class=\"has-text-color has-background has-medium-font-size has-vivid-red-color has-very-light-gray-background-color\">Des questions ? Besoin de conseils avis\u00e9s ou de musiciens pour un \u00e9v\u00e9nement particulier ? <br>Pour les contacter, <a href=\"http:\/\/zo2rkaezon.preview.infomaniak.website\/index.php\/contact\/\" target=\"_blank\" rel=\"noreferrer noopener\" aria-label=\" (s\u2019ouvre dans un nouvel onglet)\">c&rsquo;est ici !<\/a><\/p>\r\n\r\n\r\n\r\n<p class=\"has-text-color has-medium-font-size has-vivid-red-color\">De la musique dans votre salon <\/p>\r\n\r\n\r\n\r\n<div class=\"wp-block-image\"><figure class=\"aligncenter\"><img loading=\"lazy\" decoding=\"async\" width=\"2472\" height=\"2463\" src=\"http:\/\/zo2rkaezon.preview.infomaniak.website\/wp-content\/uploads\/2017\/01\/prestations.jpeg\" alt=\"prestations\" class=\"wp-image-44\"\/><\/figure><\/div>\r\n\r\n\r\n\r\n<p>Il fut un temps o\u00f9 le CD n&rsquo;existait pas, que dis-je&#8230; o\u00f9 l&rsquo;\u00e9lectricit\u00e9 n&rsquo;existait pas. Les musiciens se d\u00e9pla\u00e7aient alors dans l&rsquo;intimit\u00e9 des salons pour enchanter les oreilles des seigneurs et des amateurs fortun\u00e9s.&nbsp;Ainsi la <strong>musique de chambre<\/strong> prenait vie au c\u0153ur m\u00eame du public.<\/p>\r\n\r\n\r\n\r\n<p>C&rsquo;est dans cet esprit intime et raffin\u00e9, \u00e0 travers des influences jazz, pop, ethniques et \u00e9lectro, que Sax in the Wood&nbsp;se produit pour <strong>enchanter vos soir\u00e9es<\/strong>.<\/p>\r\n\r\n\r\n\r\n<p><strong>Soir\u00e9es priv\u00e9es<\/strong>, cocktails, <strong>piano bar<\/strong>, c\u00e9r\u00e9monies diverses, <strong>anniversaires chics et d\u00e9cal\u00e9s<\/strong>, d\u00eeners romantiques en for\u00eat, ateliers litt\u00e9raires d\u00e9guis\u00e9s, croisi\u00e8res mille et une nuits, soir\u00e9es cabaret-philosophie&#8230; aussi loin que porte votre imagination, <strong>n&rsquo;h\u00e9sitez pas \u00e0 les solliciter<\/strong>.<\/p>\r\n\r\n\r\n\r\n<blockquote class=\"wp-block-quote is-layout-flow wp-block-quote-is-layout-flow\"><p>\u00ab\u00a0Prends un bain de musique une \u00e0 deux fois par semaine pendant quelques ann\u00e9es et tu verras que la musique est \u00e0 l&rsquo;\u00e2me ce que l&rsquo;eau du bain est au corps.\u00a0\u00bb Oliver Wendell Holmes <em>(Artiste, \u00e9crivain, Essayiste, M\u00e9decin, Po\u00e8te, Scientifique&#8230; c&rsquo;est tout ?)<\/em><\/p><\/blockquote>\r\n\r\n\r\n\r\n<p class=\"has-text-color has-medium-font-size has-vivid-red-color\">Et en r\u00e9sum\u00e9, Sax in the Wood, c&rsquo;est quoi ?<\/p>\r\n\r\n\r\n\r\n<p style=\"text-align:center\" class=\"has-background has-very-light-gray-background-color\">Un duo audacieux <br>Un saxophoniste jazzeux<br>Une chanteuse espi\u00e8gle<br>La pr\u00e9cision de l&rsquo;aigle<br>Le chant de l&rsquo;alouette<br>Le groove de la belette<\/p>\r\n\r\n\r\n\r\n<p class=\"has-text-color has-medium-font-size has-vivid-red-color\">Et tout \u00e7a en son et en image&#8230;<\/p>\r\n\r\n\r\n\r\n<figure class=\"wp-block-embed-youtube wp-block-embed is-type-video is-provider-youtube wp-embed-aspect-16-9 wp-has-aspect-ratio\"><div class=\"wp-block-embed__wrapper\">\r\n<iframe loading=\"lazy\" width=\"750\" height=\"422\" src=\"https:\/\/www.youtube.com\/embed\/0eAmZsuLy3s?feature=oembed\" frameborder=\"0\" allow=\"accelerometer; autoplay; encrypted-media; gyroscope; picture-in-picture\" allowfullscreen><\/iframe>\r\n<\/div><\/figure>\r\n\r\n\r\n\r\n<p style=\"text-align:center\" class=\"has-text-color has-background has-medium-font-size has-vivid-red-color has-very-light-gray-background-color\">Des questions ? Envie de profiter des conseils avis\u00e9s des artistes ou de les voir intervenir chez vous ? <a rel=\"noreferrer noopener\" aria-label=\" (s\u2019ouvre dans un nouvel onglet)\" href=\"http:\/\/zo2rkaezon.preview.infomaniak.website\/index.php\/contact\/\" target=\"_blank\">Contactez-les<\/a> \ud83d\ude42 <\/p>\r\n\r\n\r\n\r\n<p>Le Duo travaille r\u00e9guli\u00e8rement en collaboration avec&nbsp;<a rel=\"noreferrer noopener\" href=\"http:\/\/zo2rkaezon.preview.infomaniak.website\/index.php\/prestataires\/\" target=\"_blank\">divers prestataires<\/a>&nbsp;tels que des&nbsp;<strong>lieux de r\u00e9ception<\/strong>, traiteurs,&nbsp;<strong>photographes<\/strong>, ou agences d\u2019<strong>\u00e9v\u00e9nementiel<\/strong>dans l\u2019H\u00e9rault, le Gard et le sud de la France, et pourra vous conseiller, si besoin, lors de la pr\u00e9paration de vos \u00e9v\u00e9nements.<\/p>\r\n\r\n\r\n\r\n<figure class=\"wp-block-image\"><img loading=\"lazy\" decoding=\"async\" width=\"1024\" height=\"768\" src=\"http:\/\/zo2rkaezon.preview.infomaniak.website\/wp-content\/uploads\/2019\/09\/69477331_2295988590731225_8816583662637154304_o-1024x768.jpg\" alt=\"\" class=\"wp-image-1477\" srcset=\"https:\/\/inspirations-sonores.com\/wp-content\/uploads\/2019\/09\/69477331_2295988590731225_8816583662637154304_o-1024x768.jpg 1024w, https:\/\/inspirations-sonores.com\/wp-content\/uploads\/2019\/09\/69477331_2295988590731225_8816583662637154304_o-300x225.jpg 300w, https:\/\/inspirations-sonores.com\/wp-content\/uploads\/2019\/09\/69477331_2295988590731225_8816583662637154304_o-768x576.jpg 768w, https:\/\/inspirations-sonores.com\/wp-content\/uploads\/2019\/09\/69477331_2295988590731225_8816583662637154304_o.jpg 2048w\" sizes=\"auto, (max-width: 1024px) 100vw, 1024px\" \/><figcaption>Cocktails, Soir\u00e9es priv\u00e9es, \u00e9v\u00e9nements h\u00f4teliers, vins d\u2019honneur, Soir\u00e9es d\u2019entreprises\u2026<\/figcaption><\/figure>\r\n\r\n\r\n\r\n<p><\/p>\r\n\r\n","protected":false},"excerpt":{"rendered":"<p>Inspirations sonores, k\u00e9saco ? Inspirations sonores est avant tout un espace destin\u00e9 aux particuliers et aux professionnels d\u00e9sireux d&rsquo;organiser chez eux, ou dans leur \u00e9tablissement, un \u00e9v\u00e9nement original, haut de gamme et prestigieux. C&rsquo;est aussi le terrain de jeu, musical, visuel, litt\u00e9raire ou simplement journalistique de Sax in the Wood&nbsp;: Un duo acoustique aux influences&#8230;<\/p>\n<p><a href=\"https:\/\/inspirations-sonores.com\/index.php\/a-propos\/\"><span class=\"glyphicon glyphicon-arrow-right\"><\/span>&nbsp;Poursuivre la lecture<\/a><\/p>","protected":false},"author":1,"featured_media":506,"parent":0,"menu_order":0,"comment_status":"closed","ping_status":"open","template":"","meta":{"footnotes":""},"class_list":["post-2","page","type-page","status-publish","has-post-thumbnail","hentry"],"yoast_head":"<!-- This site is optimized with the Yoast SEO plugin v27.3 - https:\/\/yoast.com\/product\/yoast-seo-wordpress\/ -->\n<title>A propos - Inspirations Sonores - musiciens Montpellier - \u00e9v\u00e9nementiel<\/title>\n<meta name=\"description\" content=\"Musiciens professionnels sp\u00e9cialis\u00e9s dans la communication vous offrent des conseils gratuits pour vos \u00e9v\u00e9nements. Il se d\u00e9placent pour des concerts priv\u00e9s ou de l&#039;animation musicale. Sax in the Wood\" \/>\n<meta name=\"robots\" content=\"index, follow, max-snippet:-1, max-image-preview:large, max-video-preview:-1\" \/>\n<link rel=\"canonical\" href=\"https:\/\/inspirations-sonores.com\/index.php\/a-propos\/\" \/>\n<meta property=\"og:locale\" content=\"fr_FR\" \/>\n<meta property=\"og:type\" content=\"article\" \/>\n<meta property=\"og:title\" content=\"A propos - Inspirations Sonores - musiciens Montpellier - \u00e9v\u00e9nementiel\" \/>\n<meta property=\"og:description\" content=\"Musiciens professionnels sp\u00e9cialis\u00e9s dans la communication vous offrent des conseils gratuits pour vos \u00e9v\u00e9nements. Il se d\u00e9placent pour des concerts priv\u00e9s ou de l&#039;animation musicale. Sax in the Wood\" \/>\n<meta property=\"og:url\" content=\"https:\/\/inspirations-sonores.com\/index.php\/a-propos\/\" \/>\n<meta property=\"og:site_name\" content=\"Inspirations Sonores\" \/>\n<meta property=\"article:publisher\" content=\"https:\/\/www.facebook.com\/InspirationsSonores\/\" \/>\n<meta property=\"article:modified_time\" content=\"2019-09-07T10:11:31+00:00\" \/>\n<meta property=\"og:image\" content=\"https:\/\/inspirations-sonores.com\/wp-content\/uploads\/2019\/01\/en-t\u00eate-\u00e0-propos5-e1547368170183.jpg\" \/>\n\t<meta property=\"og:image:width\" content=\"2575\" \/>\n\t<meta property=\"og:image:height\" content=\"1037\" \/>\n\t<meta property=\"og:image:type\" content=\"image\/jpeg\" \/>\n<meta name=\"twitter:card\" content=\"summary_large_image\" \/>\n<meta name=\"twitter:label1\" content=\"Dur\u00e9e de lecture estim\u00e9e\" \/>\n\t<meta name=\"twitter:data1\" content=\"4 minutes\" \/>\n<script type=\"application\/ld+json\" class=\"yoast-schema-graph\">{\"@context\":\"https:\\\/\\\/schema.org\",\"@graph\":[{\"@type\":\"WebPage\",\"@id\":\"https:\\\/\\\/inspirations-sonores.com\\\/index.php\\\/a-propos\\\/\",\"url\":\"https:\\\/\\\/inspirations-sonores.com\\\/index.php\\\/a-propos\\\/\",\"name\":\"A propos - Inspirations Sonores - musiciens Montpellier - \u00e9v\u00e9nementiel\",\"isPartOf\":{\"@id\":\"https:\\\/\\\/inspirations-sonores.com\\\/#website\"},\"primaryImageOfPage\":{\"@id\":\"https:\\\/\\\/inspirations-sonores.com\\\/index.php\\\/a-propos\\\/#primaryimage\"},\"image\":{\"@id\":\"https:\\\/\\\/inspirations-sonores.com\\\/index.php\\\/a-propos\\\/#primaryimage\"},\"thumbnailUrl\":\"https:\\\/\\\/inspirations-sonores.com\\\/wp-content\\\/uploads\\\/2019\\\/01\\\/en-t\u00eate-\u00e0-propos5-e1547368170183.jpg\",\"datePublished\":\"2017-01-03T14:34:25+00:00\",\"dateModified\":\"2019-09-07T10:11:31+00:00\",\"description\":\"Musiciens professionnels sp\u00e9cialis\u00e9s dans la communication vous offrent des conseils gratuits pour vos \u00e9v\u00e9nements. Il se d\u00e9placent pour des concerts priv\u00e9s ou de l'animation musicale. Sax in the Wood\",\"breadcrumb\":{\"@id\":\"https:\\\/\\\/inspirations-sonores.com\\\/index.php\\\/a-propos\\\/#breadcrumb\"},\"inLanguage\":\"fr-FR\",\"potentialAction\":[{\"@type\":\"ReadAction\",\"target\":[\"https:\\\/\\\/inspirations-sonores.com\\\/index.php\\\/a-propos\\\/\"]}]},{\"@type\":\"ImageObject\",\"inLanguage\":\"fr-FR\",\"@id\":\"https:\\\/\\\/inspirations-sonores.com\\\/index.php\\\/a-propos\\\/#primaryimage\",\"url\":\"https:\\\/\\\/inspirations-sonores.com\\\/wp-content\\\/uploads\\\/2019\\\/01\\\/en-t\u00eate-\u00e0-propos5-e1547368170183.jpg\",\"contentUrl\":\"https:\\\/\\\/inspirations-sonores.com\\\/wp-content\\\/uploads\\\/2019\\\/01\\\/en-t\u00eate-\u00e0-propos5-e1547368170183.jpg\",\"width\":2575,\"height\":1037,\"caption\":\"Animation musicale, Concert priv\u00e9, \u00c9v\u00e9nements, Soir\u00e9e d'entreprise, anniversaire...\"},{\"@type\":\"BreadcrumbList\",\"@id\":\"https:\\\/\\\/inspirations-sonores.com\\\/index.php\\\/a-propos\\\/#breadcrumb\",\"itemListElement\":[{\"@type\":\"ListItem\",\"position\":1,\"name\":\"Accueil\",\"item\":\"https:\\\/\\\/inspirations-sonores.com\\\/\"},{\"@type\":\"ListItem\",\"position\":2,\"name\":\"A propos\"}]},{\"@type\":\"WebSite\",\"@id\":\"https:\\\/\\\/inspirations-sonores.com\\\/#website\",\"url\":\"https:\\\/\\\/inspirations-sonores.com\\\/\",\"name\":\"Inspirations Sonores\",\"description\":\"La musique, mais pas que...\",\"publisher\":{\"@id\":\"https:\\\/\\\/inspirations-sonores.com\\\/#organization\"},\"potentialAction\":[{\"@type\":\"SearchAction\",\"target\":{\"@type\":\"EntryPoint\",\"urlTemplate\":\"https:\\\/\\\/inspirations-sonores.com\\\/?s={search_term_string}\"},\"query-input\":{\"@type\":\"PropertyValueSpecification\",\"valueRequired\":true,\"valueName\":\"search_term_string\"}}],\"inLanguage\":\"fr-FR\"},{\"@type\":\"Organization\",\"@id\":\"https:\\\/\\\/inspirations-sonores.com\\\/#organization\",\"name\":\"Inspirations Sonores\",\"url\":\"https:\\\/\\\/inspirations-sonores.com\\\/\",\"logo\":{\"@type\":\"ImageObject\",\"inLanguage\":\"fr-FR\",\"@id\":\"https:\\\/\\\/inspirations-sonores.com\\\/#\\\/schema\\\/logo\\\/image\\\/\",\"url\":\"https:\\\/\\\/inspirations-sonores.com\\\/wp-content\\\/uploads\\\/2017\\\/01\\\/cropped-logo-fondblanc.jpg\",\"contentUrl\":\"https:\\\/\\\/inspirations-sonores.com\\\/wp-content\\\/uploads\\\/2017\\\/01\\\/cropped-logo-fondblanc.jpg\",\"width\":512,\"height\":512,\"caption\":\"Inspirations Sonores\"},\"image\":{\"@id\":\"https:\\\/\\\/inspirations-sonores.com\\\/#\\\/schema\\\/logo\\\/image\\\/\"},\"sameAs\":[\"https:\\\/\\\/www.facebook.com\\\/InspirationsSonores\\\/\",\"https:\\\/\\\/www.instagram.com\\\/claire_sax_in_the_wood\\\/reels\\\/\"]}]}<\/script>\n<!-- \/ Yoast SEO plugin. -->","yoast_head_json":{"title":"A propos - Inspirations Sonores - musiciens Montpellier - \u00e9v\u00e9nementiel","description":"Musiciens professionnels sp\u00e9cialis\u00e9s dans la communication vous offrent des conseils gratuits pour vos \u00e9v\u00e9nements. Il se d\u00e9placent pour des concerts priv\u00e9s ou de l'animation musicale. Sax in the Wood","robots":{"index":"index","follow":"follow","max-snippet":"max-snippet:-1","max-image-preview":"max-image-preview:large","max-video-preview":"max-video-preview:-1"},"canonical":"https:\/\/inspirations-sonores.com\/index.php\/a-propos\/","og_locale":"fr_FR","og_type":"article","og_title":"A propos - Inspirations Sonores - musiciens Montpellier - \u00e9v\u00e9nementiel","og_description":"Musiciens professionnels sp\u00e9cialis\u00e9s dans la communication vous offrent des conseils gratuits pour vos \u00e9v\u00e9nements. Il se d\u00e9placent pour des concerts priv\u00e9s ou de l'animation musicale. Sax in the Wood","og_url":"https:\/\/inspirations-sonores.com\/index.php\/a-propos\/","og_site_name":"Inspirations Sonores","article_publisher":"https:\/\/www.facebook.com\/InspirationsSonores\/","article_modified_time":"2019-09-07T10:11:31+00:00","og_image":[{"width":2575,"height":1037,"url":"https:\/\/inspirations-sonores.com\/wp-content\/uploads\/2019\/01\/en-t\u00eate-\u00e0-propos5-e1547368170183.jpg","type":"image\/jpeg"}],"twitter_card":"summary_large_image","twitter_misc":{"Dur\u00e9e de lecture estim\u00e9e":"4 minutes"},"schema":{"@context":"https:\/\/schema.org","@graph":[{"@type":"WebPage","@id":"https:\/\/inspirations-sonores.com\/index.php\/a-propos\/","url":"https:\/\/inspirations-sonores.com\/index.php\/a-propos\/","name":"A propos - Inspirations Sonores - musiciens Montpellier - \u00e9v\u00e9nementiel","isPartOf":{"@id":"https:\/\/inspirations-sonores.com\/#website"},"primaryImageOfPage":{"@id":"https:\/\/inspirations-sonores.com\/index.php\/a-propos\/#primaryimage"},"image":{"@id":"https:\/\/inspirations-sonores.com\/index.php\/a-propos\/#primaryimage"},"thumbnailUrl":"https:\/\/inspirations-sonores.com\/wp-content\/uploads\/2019\/01\/en-t\u00eate-\u00e0-propos5-e1547368170183.jpg","datePublished":"2017-01-03T14:34:25+00:00","dateModified":"2019-09-07T10:11:31+00:00","description":"Musiciens professionnels sp\u00e9cialis\u00e9s dans la communication vous offrent des conseils gratuits pour vos \u00e9v\u00e9nements. Il se d\u00e9placent pour des concerts priv\u00e9s ou de l'animation musicale. Sax in the Wood","breadcrumb":{"@id":"https:\/\/inspirations-sonores.com\/index.php\/a-propos\/#breadcrumb"},"inLanguage":"fr-FR","potentialAction":[{"@type":"ReadAction","target":["https:\/\/inspirations-sonores.com\/index.php\/a-propos\/"]}]},{"@type":"ImageObject","inLanguage":"fr-FR","@id":"https:\/\/inspirations-sonores.com\/index.php\/a-propos\/#primaryimage","url":"https:\/\/inspirations-sonores.com\/wp-content\/uploads\/2019\/01\/en-t\u00eate-\u00e0-propos5-e1547368170183.jpg","contentUrl":"https:\/\/inspirations-sonores.com\/wp-content\/uploads\/2019\/01\/en-t\u00eate-\u00e0-propos5-e1547368170183.jpg","width":2575,"height":1037,"caption":"Animation musicale, Concert priv\u00e9, \u00c9v\u00e9nements, Soir\u00e9e d'entreprise, anniversaire..."},{"@type":"BreadcrumbList","@id":"https:\/\/inspirations-sonores.com\/index.php\/a-propos\/#breadcrumb","itemListElement":[{"@type":"ListItem","position":1,"name":"Accueil","item":"https:\/\/inspirations-sonores.com\/"},{"@type":"ListItem","position":2,"name":"A propos"}]},{"@type":"WebSite","@id":"https:\/\/inspirations-sonores.com\/#website","url":"https:\/\/inspirations-sonores.com\/","name":"Inspirations Sonores","description":"La musique, mais pas que...","publisher":{"@id":"https:\/\/inspirations-sonores.com\/#organization"},"potentialAction":[{"@type":"SearchAction","target":{"@type":"EntryPoint","urlTemplate":"https:\/\/inspirations-sonores.com\/?s={search_term_string}"},"query-input":{"@type":"PropertyValueSpecification","valueRequired":true,"valueName":"search_term_string"}}],"inLanguage":"fr-FR"},{"@type":"Organization","@id":"https:\/\/inspirations-sonores.com\/#organization","name":"Inspirations Sonores","url":"https:\/\/inspirations-sonores.com\/","logo":{"@type":"ImageObject","inLanguage":"fr-FR","@id":"https:\/\/inspirations-sonores.com\/#\/schema\/logo\/image\/","url":"https:\/\/inspirations-sonores.com\/wp-content\/uploads\/2017\/01\/cropped-logo-fondblanc.jpg","contentUrl":"https:\/\/inspirations-sonores.com\/wp-content\/uploads\/2017\/01\/cropped-logo-fondblanc.jpg","width":512,"height":512,"caption":"Inspirations Sonores"},"image":{"@id":"https:\/\/inspirations-sonores.com\/#\/schema\/logo\/image\/"},"sameAs":["https:\/\/www.facebook.com\/InspirationsSonores\/","https:\/\/www.instagram.com\/claire_sax_in_the_wood\/reels\/"]}]}},"_links":{"self":[{"href":"https:\/\/inspirations-sonores.com\/index.php\/wp-json\/wp\/v2\/pages\/2","targetHints":{"allow":["GET"]}}],"collection":[{"href":"https:\/\/inspirations-sonores.com\/index.php\/wp-json\/wp\/v2\/pages"}],"about":[{"href":"https:\/\/inspirations-sonores.com\/index.php\/wp-json\/wp\/v2\/types\/page"}],"author":[{"embeddable":true,"href":"https:\/\/inspirations-sonores.com\/index.php\/wp-json\/wp\/v2\/users\/1"}],"replies":[{"embeddable":true,"href":"https:\/\/inspirations-sonores.com\/index.php\/wp-json\/wp\/v2\/comments?post=2"}],"version-history":[{"count":0,"href":"https:\/\/inspirations-sonores.com\/index.php\/wp-json\/wp\/v2\/pages\/2\/revisions"}],"wp:featuredmedia":[{"embeddable":true,"href":"https:\/\/inspirations-sonores.com\/index.php\/wp-json\/wp\/v2\/media\/506"}],"wp:attachment":[{"href":"https:\/\/inspirations-sonores.com\/index.php\/wp-json\/wp\/v2\/media?parent=2"}],"curies":[{"name":"wp","href":"https:\/\/api.w.org\/{rel}","templated":true}]}}