{"id":1835,"date":"2020-03-06T11:32:56","date_gmt":"2020-03-06T10:32:56","guid":{"rendered":"http:\/\/zo2rkaezon.preview.infomaniak.website\/?page_id=1835"},"modified":"2020-03-06T20:53:58","modified_gmt":"2020-03-06T19:53:58","slug":"groupe-musique-soiree-entreprise-montpellier-nimes","status":"publish","type":"page","link":"https:\/\/inspirations-sonores.com\/index.php\/groupe-musique-soiree-entreprise-montpellier-nimes\/","title":{"rendered":"Des Musiciens pour votre Soir\u00e9e d&rsquo;entreprise sur Montpellier ou N\u00eemes"},"content":{"rendered":"\n<p>Vous organisez une soir\u00e9e d&rsquo;entreprise, un \u00e9v\u00e9nement, un cocktail ou une inauguration sur Montpellier et sa r\u00e9gion ? <\/p>\n\n\n\n<p>Et vous recherchez un groupe de musique avec des musiciens professionnels et sympathiques pour animer votre soir\u00e9e ?<\/p>\n\n\n\n<p>Le duo <strong>Sax in the Wood<\/strong> saura vous accompagner et faire de votre <strong>soir\u00e9e d&rsquo;entreprise<\/strong> un \u00e9v\u00e9nement r\u00e9ussi !<\/p>\n\n\n\n<h4 class=\"wp-block-heading\">Un groupe de musique pour un concert live lors de votre \u00e9v\u00e9nement professionnel <\/h4>\n\n\n\n<p>Envie de changer de la formule habituelle <strong>DJ <\/strong>ou <strong>playlist<\/strong> en fond sonore ? Quoi de mieux qu&rsquo;un <strong>concert live<\/strong> pour vos \u00e9v\u00e9nements d&rsquo;entreprise ?<\/p>\n\n\n\n<p>La <strong>vibration<\/strong> des instruments en direct, la chaleur de la voix humaine, le <strong>contact<\/strong> et la proximit\u00e9 des musiciens, &#8230; autant d&rsquo;\u00e9l\u00e9ment qui contribuent \u00e0 la <strong>dimension humaine <\/strong>et chaleureuse de votre soir\u00e9e.<\/p>\n\n\n\n<figure class=\"wp-block-image\"><img loading=\"lazy\" decoding=\"async\" width=\"1024\" height=\"1005\" src=\"http:\/\/zo2rkaezon.preview.infomaniak.website\/wp-content\/uploads\/2019\/12\/3-1024x1005.png\" alt=\"duo musique soir\u00e9e entreprise Sax in the Wood\" class=\"wp-image-1816\" srcset=\"https:\/\/inspirations-sonores.com\/wp-content\/uploads\/2019\/12\/3-1024x1005.png 1024w, https:\/\/inspirations-sonores.com\/wp-content\/uploads\/2019\/12\/3-300x294.png 300w, https:\/\/inspirations-sonores.com\/wp-content\/uploads\/2019\/12\/3-768x754.png 768w, https:\/\/inspirations-sonores.com\/wp-content\/uploads\/2019\/12\/3.png 1192w\" sizes=\"auto, (max-width: 1024px) 100vw, 1024px\" \/><\/figure>\n\n\n\n<p>Que ce soit lors d&rsquo;un s\u00e9minaire, d&rsquo;un cocktail, d&rsquo;un d\u00e9jeuner ou d&rsquo;une soir\u00e9e client\u00e8le, profitez de l&rsquo;exp\u00e9rience de <strong>musiciens professionnels<\/strong>. <\/p>\n\n\n\n<h4 class=\"wp-block-heading\">Des musiciens atypiques pour une soir\u00e9e d&rsquo;entreprise inoubliable <\/h4>\n\n\n\n<p>Constitu\u00e9 d&rsquo;un <strong>saxophoniste<\/strong>, <strong>beat-maker<\/strong> et d&rsquo;une <strong>pianiste chanteuse<\/strong>, le duo <strong>Sax in the Wood<\/strong> interpr\u00e8te un r\u00e9pertoire allant de la pop au funk en passant par le swing, le jazz et la musique \u00e9lectro. <\/p>\n\n\n\n<p>De la chanson fran\u00e7aise (avec de nombreuses compositions) \u00e0 la vari\u00e9t\u00e9 ou aux standards internationaux, ils proposent des <strong>versions uniques r\u00e9arrang\u00e9es<\/strong> dans des styles tour \u00e0 tour swing, lounge ou funk.<\/p>\n\n\n\n<div class=\"wp-block-media-text alignwide\" style=\"background-color:#fef9f8\"><figure class=\"wp-block-media-text__media\"><img loading=\"lazy\" decoding=\"async\" width=\"365\" height=\"300\" src=\"http:\/\/zo2rkaezon.preview.infomaniak.website\/wp-content\/uploads\/2019\/02\/ent\u00eate-site-copie-750x300-e1583488645303.jpg\" alt=\"\" class=\"wp-image-1026\" srcset=\"https:\/\/inspirations-sonores.com\/wp-content\/uploads\/2019\/02\/ent\u00eate-site-copie-750x300-e1583488645303.jpg 365w, https:\/\/inspirations-sonores.com\/wp-content\/uploads\/2019\/02\/ent\u00eate-site-copie-750x300-e1583488645303-300x247.jpg 300w\" sizes=\"auto, (max-width: 365px) 100vw, 365px\" \/><\/figure><div class=\"wp-block-media-text__content\">\n<p style=\"text-align:center\" class=\"has-medium-font-size\"><a href=\"http:\/\/zo2rkaezon.preview.infomaniak.website\/index.php\/videos\/\">Envie de d\u00e9couvrir leur musique et leurs formules ?<\/a><\/p>\n<\/div><\/div>\n\n\n\n<hr class=\"wp-block-separator\"\/>\n\n\n\n<h4 class=\"wp-block-heading\">\u00c9v\u00e9nements d&rsquo;entreprise : du concert \u00e0 l&rsquo;animation musicale&#8230;<\/h4>\n\n\n\n<p>Besoin d&rsquo;animations musicales ou de jeux lors de votre \u00e9v\u00e9nement ? Du <strong>quizz<\/strong> aux <strong>jeux musicaux<\/strong>, en passant par l&rsquo;<strong>animation d&rsquo;ateliers<\/strong>, n&rsquo;h\u00e9sitez pas \u00e0 les contacter. <\/p>\n\n\n\n<p>En plus du <strong>concert priv\u00e9<\/strong>, les musiciens peuvent vous proposer plusieurs activit\u00e9s pour animer votre soir\u00e9e, votre journ\u00e9e ou vos rencontres professionnelles et sauront \u00eatre \u00e0 l&rsquo;\u00e9coute de vos besoins et demandes sp\u00e9cifiques.<\/p>\n\n\n\n<p style=\"text-align:center\" class=\"has-text-color has-background has-medium-font-size has-vivid-red-color has-very-light-gray-background-color\"><a href=\"http:\/\/zo2rkaezon.preview.infomaniak.website\/index.php\/des-activites-team-bulding-pour-vos-evenements-dentreprise\/\">D\u00e9couvrir des activit\u00e9s originales pour vos \u00e9v\u00e9nements d&rsquo;entreprise<\/a><\/p>\n\n\n\n<hr class=\"wp-block-separator\"\/>\n\n\n\n<h4 class=\"wp-block-heading\">Un groupe de musique pour votre soir\u00e9e d&rsquo;entreprise sur Montpellier, N\u00eemes et sa r\u00e9gion<\/h4>\n\n\n\n<figure class=\"wp-block-image\"><img loading=\"lazy\" decoding=\"async\" width=\"2575\" height=\"1037\" src=\"http:\/\/zo2rkaezon.preview.infomaniak.website\/wp-content\/uploads\/2019\/01\/en-t\u00eate-\u00e0-propos5-e1547368170183.jpg\" alt=\"\" class=\"wp-image-506\"\/><figcaption>Animation musicale, Concert priv\u00e9, \u00c9v\u00e9nements, Soir\u00e9e d&rsquo;entreprise, anniversaire&#8230;<\/figcaption><\/figure>\n\n\n\n<p style=\"text-align:left\">Les musiciens peuvent intervenir sur la r\u00e9gion n\u00eemoise et montpelli\u00e9raine. Ils se d\u00e9placent aussi sur une zone plus \u00e9largie dans le sud de la France. <\/p>\n\n\n\n<p>Ils am\u00e8nent sur le lieu de votre choix toute la sonorisation indispensable \u00e0 votre \u00e9v\u00e9nement. <\/p>\n\n\n\n<p>N&rsquo;h\u00e9sitez pas \u00e0 les contacter pour demander un devis ou davantage d&rsquo;informations. <\/p>\n\n\n\n<div class=\"wp-block-media-text alignwide\" style=\"background-color:#fff8f4\"><figure class=\"wp-block-media-text__media\"><img loading=\"lazy\" decoding=\"async\" width=\"626\" height=\"256\" src=\"http:\/\/zo2rkaezon.preview.infomaniak.website\/wp-content\/uploads\/2019\/09\/Capture-d\u2019\u00e9cran-2019-03-28-\u00e0-17.03.03.png\" alt=\"\" class=\"wp-image-1657\" srcset=\"https:\/\/inspirations-sonores.com\/wp-content\/uploads\/2019\/09\/Capture-d\u2019\u00e9cran-2019-03-28-\u00e0-17.03.03.png 626w, https:\/\/inspirations-sonores.com\/wp-content\/uploads\/2019\/09\/Capture-d\u2019\u00e9cran-2019-03-28-\u00e0-17.03.03-300x123.png 300w\" sizes=\"auto, (max-width: 626px) 100vw, 626px\" \/><\/figure><div class=\"wp-block-media-text__content\">\n<p style=\"text-align:center\" class=\"has-medium-font-size\"><a href=\"http:\/\/zo2rkaezon.preview.infomaniak.website\/index.php\/contact\/\">Contacter les musiciens<\/a><\/p>\n<\/div><\/div>\n\n\n\n<p><\/p>\n","protected":false},"excerpt":{"rendered":"<p>Vous organisez une soir\u00e9e d&rsquo;entreprise, un \u00e9v\u00e9nement, un cocktail ou une inauguration sur Montpellier et sa r\u00e9gion ? Et vous recherchez un groupe de musique avec des musiciens professionnels et sympathiques pour animer votre soir\u00e9e ? Le duo Sax in the Wood saura vous accompagner et faire de votre soir\u00e9e d&rsquo;entreprise un \u00e9v\u00e9nement r\u00e9ussi !&#8230;<\/p>\n<p><a href=\"https:\/\/inspirations-sonores.com\/index.php\/groupe-musique-soiree-entreprise-montpellier-nimes\/\"><span class=\"glyphicon glyphicon-arrow-right\"><\/span>&nbsp;Poursuivre la lecture<\/a><\/p>","protected":false},"author":1,"featured_media":1851,"parent":0,"menu_order":0,"comment_status":"closed","ping_status":"closed","template":"","meta":{"footnotes":""},"class_list":["post-1835","page","type-page","status-publish","has-post-thumbnail","hentry"],"yoast_head":"<!-- This site is optimized with the Yoast SEO plugin v27.3 - https:\/\/yoast.com\/product\/yoast-seo-wordpress\/ -->\n<title>Des Musiciens pour votre Soir\u00e9e d&#039;entreprise sur Montpellier ou N\u00eemes - Inspirations Sonores<\/title>\n<meta name=\"description\" content=\"Trouver des musiciens pour votre soir\u00e9e d&#039;entreprise ou votre \u00e9v\u00e9nement entre coll\u00e8gues. Vous recherchez un groupe de musique sur Montpellier ou sur N\u00eemes ?\" \/>\n<meta name=\"robots\" content=\"index, follow, max-snippet:-1, max-image-preview:large, max-video-preview:-1\" \/>\n<link rel=\"canonical\" href=\"https:\/\/inspirations-sonores.com\/index.php\/groupe-musique-soiree-entreprise-montpellier-nimes\/\" \/>\n<meta property=\"og:locale\" content=\"fr_FR\" \/>\n<meta property=\"og:type\" content=\"article\" \/>\n<meta property=\"og:title\" content=\"Des Musiciens pour votre Soir\u00e9e d&#039;entreprise sur Montpellier ou N\u00eemes - Inspirations Sonores\" \/>\n<meta property=\"og:description\" content=\"Trouver des musiciens pour votre soir\u00e9e d&#039;entreprise ou votre \u00e9v\u00e9nement entre coll\u00e8gues. Vous recherchez un groupe de musique sur Montpellier ou sur N\u00eemes ?\" \/>\n<meta property=\"og:url\" content=\"https:\/\/inspirations-sonores.com\/index.php\/groupe-musique-soiree-entreprise-montpellier-nimes\/\" \/>\n<meta property=\"og:site_name\" content=\"Inspirations Sonores\" \/>\n<meta property=\"article:publisher\" content=\"https:\/\/www.facebook.com\/InspirationsSonores\/\" \/>\n<meta property=\"article:modified_time\" content=\"2020-03-06T19:53:58+00:00\" \/>\n<meta property=\"og:image\" content=\"https:\/\/inspirations-sonores.com\/wp-content\/uploads\/2020\/03\/IMG_1076.jpg\" \/>\n\t<meta property=\"og:image:width\" content=\"640\" \/>\n\t<meta property=\"og:image:height\" content=\"480\" \/>\n\t<meta property=\"og:image:type\" content=\"image\/jpeg\" \/>\n<meta name=\"twitter:card\" content=\"summary_large_image\" \/>\n<meta name=\"twitter:label1\" content=\"Dur\u00e9e de lecture estim\u00e9e\" \/>\n\t<meta name=\"twitter:data1\" content=\"2 minutes\" \/>\n<script type=\"application\/ld+json\" class=\"yoast-schema-graph\">{\"@context\":\"https:\\\/\\\/schema.org\",\"@graph\":[{\"@type\":\"WebPage\",\"@id\":\"https:\\\/\\\/inspirations-sonores.com\\\/index.php\\\/groupe-musique-soiree-entreprise-montpellier-nimes\\\/\",\"url\":\"https:\\\/\\\/inspirations-sonores.com\\\/index.php\\\/groupe-musique-soiree-entreprise-montpellier-nimes\\\/\",\"name\":\"Des Musiciens pour votre Soir\u00e9e d'entreprise sur Montpellier ou N\u00eemes - Inspirations Sonores\",\"isPartOf\":{\"@id\":\"https:\\\/\\\/inspirations-sonores.com\\\/#website\"},\"primaryImageOfPage\":{\"@id\":\"https:\\\/\\\/inspirations-sonores.com\\\/index.php\\\/groupe-musique-soiree-entreprise-montpellier-nimes\\\/#primaryimage\"},\"image\":{\"@id\":\"https:\\\/\\\/inspirations-sonores.com\\\/index.php\\\/groupe-musique-soiree-entreprise-montpellier-nimes\\\/#primaryimage\"},\"thumbnailUrl\":\"https:\\\/\\\/inspirations-sonores.com\\\/wp-content\\\/uploads\\\/2020\\\/03\\\/IMG_1076.jpg\",\"datePublished\":\"2020-03-06T10:32:56+00:00\",\"dateModified\":\"2020-03-06T19:53:58+00:00\",\"description\":\"Trouver des musiciens pour votre soir\u00e9e d'entreprise ou votre \u00e9v\u00e9nement entre coll\u00e8gues. Vous recherchez un groupe de musique sur Montpellier ou sur N\u00eemes ?\",\"breadcrumb\":{\"@id\":\"https:\\\/\\\/inspirations-sonores.com\\\/index.php\\\/groupe-musique-soiree-entreprise-montpellier-nimes\\\/#breadcrumb\"},\"inLanguage\":\"fr-FR\",\"potentialAction\":[{\"@type\":\"ReadAction\",\"target\":[\"https:\\\/\\\/inspirations-sonores.com\\\/index.php\\\/groupe-musique-soiree-entreprise-montpellier-nimes\\\/\"]}]},{\"@type\":\"ImageObject\",\"inLanguage\":\"fr-FR\",\"@id\":\"https:\\\/\\\/inspirations-sonores.com\\\/index.php\\\/groupe-musique-soiree-entreprise-montpellier-nimes\\\/#primaryimage\",\"url\":\"https:\\\/\\\/inspirations-sonores.com\\\/wp-content\\\/uploads\\\/2020\\\/03\\\/IMG_1076.jpg\",\"contentUrl\":\"https:\\\/\\\/inspirations-sonores.com\\\/wp-content\\\/uploads\\\/2020\\\/03\\\/IMG_1076.jpg\",\"width\":640,\"height\":480},{\"@type\":\"BreadcrumbList\",\"@id\":\"https:\\\/\\\/inspirations-sonores.com\\\/index.php\\\/groupe-musique-soiree-entreprise-montpellier-nimes\\\/#breadcrumb\",\"itemListElement\":[{\"@type\":\"ListItem\",\"position\":1,\"name\":\"Accueil\",\"item\":\"https:\\\/\\\/inspirations-sonores.com\\\/\"},{\"@type\":\"ListItem\",\"position\":2,\"name\":\"Des Musiciens pour votre Soir\u00e9e d&rsquo;entreprise sur Montpellier ou N\u00eemes\"}]},{\"@type\":\"WebSite\",\"@id\":\"https:\\\/\\\/inspirations-sonores.com\\\/#website\",\"url\":\"https:\\\/\\\/inspirations-sonores.com\\\/\",\"name\":\"Inspirations Sonores\",\"description\":\"La musique, mais pas que...\",\"publisher\":{\"@id\":\"https:\\\/\\\/inspirations-sonores.com\\\/#organization\"},\"potentialAction\":[{\"@type\":\"SearchAction\",\"target\":{\"@type\":\"EntryPoint\",\"urlTemplate\":\"https:\\\/\\\/inspirations-sonores.com\\\/?s={search_term_string}\"},\"query-input\":{\"@type\":\"PropertyValueSpecification\",\"valueRequired\":true,\"valueName\":\"search_term_string\"}}],\"inLanguage\":\"fr-FR\"},{\"@type\":\"Organization\",\"@id\":\"https:\\\/\\\/inspirations-sonores.com\\\/#organization\",\"name\":\"Inspirations Sonores\",\"url\":\"https:\\\/\\\/inspirations-sonores.com\\\/\",\"logo\":{\"@type\":\"ImageObject\",\"inLanguage\":\"fr-FR\",\"@id\":\"https:\\\/\\\/inspirations-sonores.com\\\/#\\\/schema\\\/logo\\\/image\\\/\",\"url\":\"https:\\\/\\\/inspirations-sonores.com\\\/wp-content\\\/uploads\\\/2017\\\/01\\\/cropped-logo-fondblanc.jpg\",\"contentUrl\":\"https:\\\/\\\/inspirations-sonores.com\\\/wp-content\\\/uploads\\\/2017\\\/01\\\/cropped-logo-fondblanc.jpg\",\"width\":512,\"height\":512,\"caption\":\"Inspirations Sonores\"},\"image\":{\"@id\":\"https:\\\/\\\/inspirations-sonores.com\\\/#\\\/schema\\\/logo\\\/image\\\/\"},\"sameAs\":[\"https:\\\/\\\/www.facebook.com\\\/InspirationsSonores\\\/\",\"https:\\\/\\\/www.instagram.com\\\/claire_sax_in_the_wood\\\/reels\\\/\"]}]}<\/script>\n<!-- \/ Yoast SEO plugin. -->","yoast_head_json":{"title":"Des Musiciens pour votre Soir\u00e9e d'entreprise sur Montpellier ou N\u00eemes - Inspirations Sonores","description":"Trouver des musiciens pour votre soir\u00e9e d'entreprise ou votre \u00e9v\u00e9nement entre coll\u00e8gues. Vous recherchez un groupe de musique sur Montpellier ou sur N\u00eemes ?","robots":{"index":"index","follow":"follow","max-snippet":"max-snippet:-1","max-image-preview":"max-image-preview:large","max-video-preview":"max-video-preview:-1"},"canonical":"https:\/\/inspirations-sonores.com\/index.php\/groupe-musique-soiree-entreprise-montpellier-nimes\/","og_locale":"fr_FR","og_type":"article","og_title":"Des Musiciens pour votre Soir\u00e9e d'entreprise sur Montpellier ou N\u00eemes - Inspirations Sonores","og_description":"Trouver des musiciens pour votre soir\u00e9e d'entreprise ou votre \u00e9v\u00e9nement entre coll\u00e8gues. Vous recherchez un groupe de musique sur Montpellier ou sur N\u00eemes ?","og_url":"https:\/\/inspirations-sonores.com\/index.php\/groupe-musique-soiree-entreprise-montpellier-nimes\/","og_site_name":"Inspirations Sonores","article_publisher":"https:\/\/www.facebook.com\/InspirationsSonores\/","article_modified_time":"2020-03-06T19:53:58+00:00","og_image":[{"width":640,"height":480,"url":"https:\/\/inspirations-sonores.com\/wp-content\/uploads\/2020\/03\/IMG_1076.jpg","type":"image\/jpeg"}],"twitter_card":"summary_large_image","twitter_misc":{"Dur\u00e9e de lecture estim\u00e9e":"2 minutes"},"schema":{"@context":"https:\/\/schema.org","@graph":[{"@type":"WebPage","@id":"https:\/\/inspirations-sonores.com\/index.php\/groupe-musique-soiree-entreprise-montpellier-nimes\/","url":"https:\/\/inspirations-sonores.com\/index.php\/groupe-musique-soiree-entreprise-montpellier-nimes\/","name":"Des Musiciens pour votre Soir\u00e9e d'entreprise sur Montpellier ou N\u00eemes - Inspirations Sonores","isPartOf":{"@id":"https:\/\/inspirations-sonores.com\/#website"},"primaryImageOfPage":{"@id":"https:\/\/inspirations-sonores.com\/index.php\/groupe-musique-soiree-entreprise-montpellier-nimes\/#primaryimage"},"image":{"@id":"https:\/\/inspirations-sonores.com\/index.php\/groupe-musique-soiree-entreprise-montpellier-nimes\/#primaryimage"},"thumbnailUrl":"https:\/\/inspirations-sonores.com\/wp-content\/uploads\/2020\/03\/IMG_1076.jpg","datePublished":"2020-03-06T10:32:56+00:00","dateModified":"2020-03-06T19:53:58+00:00","description":"Trouver des musiciens pour votre soir\u00e9e d'entreprise ou votre \u00e9v\u00e9nement entre coll\u00e8gues. Vous recherchez un groupe de musique sur Montpellier ou sur N\u00eemes ?","breadcrumb":{"@id":"https:\/\/inspirations-sonores.com\/index.php\/groupe-musique-soiree-entreprise-montpellier-nimes\/#breadcrumb"},"inLanguage":"fr-FR","potentialAction":[{"@type":"ReadAction","target":["https:\/\/inspirations-sonores.com\/index.php\/groupe-musique-soiree-entreprise-montpellier-nimes\/"]}]},{"@type":"ImageObject","inLanguage":"fr-FR","@id":"https:\/\/inspirations-sonores.com\/index.php\/groupe-musique-soiree-entreprise-montpellier-nimes\/#primaryimage","url":"https:\/\/inspirations-sonores.com\/wp-content\/uploads\/2020\/03\/IMG_1076.jpg","contentUrl":"https:\/\/inspirations-sonores.com\/wp-content\/uploads\/2020\/03\/IMG_1076.jpg","width":640,"height":480},{"@type":"BreadcrumbList","@id":"https:\/\/inspirations-sonores.com\/index.php\/groupe-musique-soiree-entreprise-montpellier-nimes\/#breadcrumb","itemListElement":[{"@type":"ListItem","position":1,"name":"Accueil","item":"https:\/\/inspirations-sonores.com\/"},{"@type":"ListItem","position":2,"name":"Des Musiciens pour votre Soir\u00e9e d&rsquo;entreprise sur Montpellier ou N\u00eemes"}]},{"@type":"WebSite","@id":"https:\/\/inspirations-sonores.com\/#website","url":"https:\/\/inspirations-sonores.com\/","name":"Inspirations Sonores","description":"La musique, mais pas que...","publisher":{"@id":"https:\/\/inspirations-sonores.com\/#organization"},"potentialAction":[{"@type":"SearchAction","target":{"@type":"EntryPoint","urlTemplate":"https:\/\/inspirations-sonores.com\/?s={search_term_string}"},"query-input":{"@type":"PropertyValueSpecification","valueRequired":true,"valueName":"search_term_string"}}],"inLanguage":"fr-FR"},{"@type":"Organization","@id":"https:\/\/inspirations-sonores.com\/#organization","name":"Inspirations Sonores","url":"https:\/\/inspirations-sonores.com\/","logo":{"@type":"ImageObject","inLanguage":"fr-FR","@id":"https:\/\/inspirations-sonores.com\/#\/schema\/logo\/image\/","url":"https:\/\/inspirations-sonores.com\/wp-content\/uploads\/2017\/01\/cropped-logo-fondblanc.jpg","contentUrl":"https:\/\/inspirations-sonores.com\/wp-content\/uploads\/2017\/01\/cropped-logo-fondblanc.jpg","width":512,"height":512,"caption":"Inspirations Sonores"},"image":{"@id":"https:\/\/inspirations-sonores.com\/#\/schema\/logo\/image\/"},"sameAs":["https:\/\/www.facebook.com\/InspirationsSonores\/","https:\/\/www.instagram.com\/claire_sax_in_the_wood\/reels\/"]}]}},"_links":{"self":[{"href":"https:\/\/inspirations-sonores.com\/index.php\/wp-json\/wp\/v2\/pages\/1835","targetHints":{"allow":["GET"]}}],"collection":[{"href":"https:\/\/inspirations-sonores.com\/index.php\/wp-json\/wp\/v2\/pages"}],"about":[{"href":"https:\/\/inspirations-sonores.com\/index.php\/wp-json\/wp\/v2\/types\/page"}],"author":[{"embeddable":true,"href":"https:\/\/inspirations-sonores.com\/index.php\/wp-json\/wp\/v2\/users\/1"}],"replies":[{"embeddable":true,"href":"https:\/\/inspirations-sonores.com\/index.php\/wp-json\/wp\/v2\/comments?post=1835"}],"version-history":[{"count":0,"href":"https:\/\/inspirations-sonores.com\/index.php\/wp-json\/wp\/v2\/pages\/1835\/revisions"}],"wp:featuredmedia":[{"embeddable":true,"href":"https:\/\/inspirations-sonores.com\/index.php\/wp-json\/wp\/v2\/media\/1851"}],"wp:attachment":[{"href":"https:\/\/inspirations-sonores.com\/index.php\/wp-json\/wp\/v2\/media?parent=1835"}],"curies":[{"name":"wp","href":"https:\/\/api.w.org\/{rel}","templated":true}]}}