{"id":15,"date":"2017-01-03T18:22:45","date_gmt":"2017-01-03T17:22:45","guid":{"rendered":"http:\/\/zo2rkaezon.preview.infomaniak.website\/?page_id=15"},"modified":"2019-09-06T09:38:29","modified_gmt":"2019-09-06T07:38:29","slug":"contact","status":"publish","type":"page","link":"https:\/\/inspirations-sonores.com\/index.php\/contact\/","title":{"rendered":"Contact"},"content":{"rendered":"\n<p class=\"has-text-color has-medium-font-size has-vivid-red-color\">Envie de nous t\u00e9l\u00e9phoner ?<\/p>\n\n\n\n<p>Vous d\u00e9sirez davantage d&rsquo;informations, ou avez un besoin irr\u00e9pressible d&rsquo;entendre Sax in the Wood en live ? Vous pouvez contacter les musiciens au : <strong>06 79 82 88 99 <\/strong><\/p>\n\n\n\n<p>Vous souhaitez vivre une c\u00e9r\u00e9monie la\u00efque \u00e0 votre image et faite sur mesure ? Contactez Claire au <strong>07 70 30 40 61<\/strong><\/p>\n\n\n\n<p><\/p>\n\n\n\n<p class=\"has-text-color has-medium-font-size has-vivid-red-color\">Plus branch\u00e9 r\u00e9seaux sociaux ?<\/p>\n\n\n\n<p>Les musiciens peuvent aussi \u00eatre contact\u00e9s via Facebook. N&rsquo;h\u00e9sitez pas \u00e0 liker la page pour \u00eatre inform\u00e9 de leur actualit\u00e9, recevoir des astuces et d\u00e9couvrir d&rsquo;autres artistes de la r\u00e9gion.  <a href=\"https:\/\/www.facebook.com\/InspirationsSonores\/\">La page Facebook, c&rsquo;est par ici \ud83d\ude09<\/a><\/p>\n\n\n\n<p><\/p>\n\n\n\n<div class=\"wp-block-image\"><figure class=\"aligncenter\"><img loading=\"lazy\" decoding=\"async\" width=\"300\" height=\"155\" src=\"http:\/\/zo2rkaezon.preview.infomaniak.website\/wp-content\/uploads\/2017\/01\/contact-300x155.jpeg\" alt=\"contact\" class=\"wp-image-51\" srcset=\"https:\/\/inspirations-sonores.com\/wp-content\/uploads\/2017\/01\/contact-300x155.jpeg 300w, https:\/\/inspirations-sonores.com\/wp-content\/uploads\/2017\/01\/contact-768x396.jpeg 768w, https:\/\/inspirations-sonores.com\/wp-content\/uploads\/2017\/01\/contact-1024x528.jpeg 1024w, https:\/\/inspirations-sonores.com\/wp-content\/uploads\/2017\/01\/contact.jpeg 1108w\" sizes=\"auto, (max-width: 300px) 100vw, 300px\" \/><\/figure><\/div>\n\n\n\n<p class=\"has-text-color has-medium-font-size has-vivid-red-color\">Plus adepte du mail ? C&rsquo;est par ici&#8230;<\/p>\n\n\n<p>Pour faire intervenir Sax in the Wood, ou contacter les artistes, n&rsquo;h\u00e9sitez pas \u00e0 laisser votre message\u00a0via le formulaire ci-dessous :<\/p>\n<p>[huge_it_forms id=\u00a0\u00bb3&Prime;]<\/p>\n<p>\u00a0<\/p>\n<p>\u00a0<\/p>\n<p>\u00a0<\/p>\n<p>\u00a0<\/p>\n<p>\u00a0<\/p>\n<p>\u00a0<\/p>\n<p>\u00a0<\/p>\n<p>\u00a0<\/p>\n<p>\u00a0<\/p>\n<p>\u00a0<\/p>\n<p>\u00a0<\/p>\n<p>\u00a0<\/p>\n<p>\u00a0<\/p>\n<p>\u00a0<\/p>\n\n\n<p><\/p>\n\n\n\n<p><\/p>\n","protected":false},"excerpt":{"rendered":"<p>Envie de nous t\u00e9l\u00e9phoner ? Vous d\u00e9sirez davantage d&rsquo;informations, ou avez un besoin irr\u00e9pressible d&rsquo;entendre Sax in the Wood en live ? Vous pouvez contacter les musiciens au : 06 79 82 88 99 Vous souhaitez vivre une c\u00e9r\u00e9monie la\u00efque \u00e0 votre image et faite sur mesure ? Contactez Claire au 07 70 30 40&#8230;<\/p>\n<p><a href=\"https:\/\/inspirations-sonores.com\/index.php\/contact\/\"><span class=\"glyphicon glyphicon-arrow-right\"><\/span>&nbsp;Poursuivre la lecture<\/a><\/p>","protected":false},"author":1,"featured_media":521,"parent":0,"menu_order":0,"comment_status":"closed","ping_status":"closed","template":"","meta":{"footnotes":""},"class_list":["post-15","page","type-page","status-publish","has-post-thumbnail","hentry"],"yoast_head":"<!-- This site is optimized with the Yoast SEO plugin v27.3 - https:\/\/yoast.com\/product\/yoast-seo-wordpress\/ -->\n<title>Contact - Inspirations Sonores<\/title>\n<meta name=\"robots\" content=\"index, follow, max-snippet:-1, max-image-preview:large, max-video-preview:-1\" \/>\n<link rel=\"canonical\" href=\"https:\/\/inspirations-sonores.com\/index.php\/contact\/\" \/>\n<meta property=\"og:locale\" content=\"fr_FR\" \/>\n<meta property=\"og:type\" content=\"article\" \/>\n<meta property=\"og:title\" content=\"Contact - Inspirations Sonores\" \/>\n<meta property=\"og:description\" content=\"Envie de nous t\u00e9l\u00e9phoner ? Vous d\u00e9sirez davantage d&rsquo;informations, ou avez un besoin irr\u00e9pressible d&rsquo;entendre Sax in the Wood en live ? Vous pouvez contacter les musiciens au : 06 79 82 88 99 Vous souhaitez vivre une c\u00e9r\u00e9monie la\u00efque \u00e0 votre image et faite sur mesure ? Contactez Claire au 07 70 30 40...\" \/>\n<meta property=\"og:url\" content=\"https:\/\/inspirations-sonores.com\/index.php\/contact\/\" \/>\n<meta property=\"og:site_name\" content=\"Inspirations Sonores\" \/>\n<meta property=\"article:publisher\" content=\"https:\/\/www.facebook.com\/InspirationsSonores\/\" \/>\n<meta property=\"article:modified_time\" content=\"2019-09-06T07:38:29+00:00\" \/>\n<meta property=\"og:image\" content=\"https:\/\/inspirations-sonores.com\/wp-content\/uploads\/2019\/01\/contact-us-image_925x-1.jpg\" \/>\n\t<meta property=\"og:image:width\" content=\"925\" \/>\n\t<meta property=\"og:image:height\" content=\"542\" \/>\n\t<meta property=\"og:image:type\" content=\"image\/jpeg\" \/>\n<meta name=\"twitter:card\" content=\"summary_large_image\" \/>\n<meta name=\"twitter:label1\" content=\"Dur\u00e9e de lecture estim\u00e9e\" \/>\n\t<meta name=\"twitter:data1\" content=\"1 minute\" \/>\n<script type=\"application\/ld+json\" class=\"yoast-schema-graph\">{\"@context\":\"https:\\\/\\\/schema.org\",\"@graph\":[{\"@type\":\"WebPage\",\"@id\":\"https:\\\/\\\/inspirations-sonores.com\\\/index.php\\\/contact\\\/\",\"url\":\"https:\\\/\\\/inspirations-sonores.com\\\/index.php\\\/contact\\\/\",\"name\":\"Contact - Inspirations Sonores\",\"isPartOf\":{\"@id\":\"https:\\\/\\\/inspirations-sonores.com\\\/#website\"},\"primaryImageOfPage\":{\"@id\":\"https:\\\/\\\/inspirations-sonores.com\\\/index.php\\\/contact\\\/#primaryimage\"},\"image\":{\"@id\":\"https:\\\/\\\/inspirations-sonores.com\\\/index.php\\\/contact\\\/#primaryimage\"},\"thumbnailUrl\":\"https:\\\/\\\/inspirations-sonores.com\\\/wp-content\\\/uploads\\\/2019\\\/01\\\/contact-us-image_925x-1.jpg\",\"datePublished\":\"2017-01-03T17:22:45+00:00\",\"dateModified\":\"2019-09-06T07:38:29+00:00\",\"breadcrumb\":{\"@id\":\"https:\\\/\\\/inspirations-sonores.com\\\/index.php\\\/contact\\\/#breadcrumb\"},\"inLanguage\":\"fr-FR\",\"potentialAction\":[{\"@type\":\"ReadAction\",\"target\":[\"https:\\\/\\\/inspirations-sonores.com\\\/index.php\\\/contact\\\/\"]}]},{\"@type\":\"ImageObject\",\"inLanguage\":\"fr-FR\",\"@id\":\"https:\\\/\\\/inspirations-sonores.com\\\/index.php\\\/contact\\\/#primaryimage\",\"url\":\"https:\\\/\\\/inspirations-sonores.com\\\/wp-content\\\/uploads\\\/2019\\\/01\\\/contact-us-image_925x-1.jpg\",\"contentUrl\":\"https:\\\/\\\/inspirations-sonores.com\\\/wp-content\\\/uploads\\\/2019\\\/01\\\/contact-us-image_925x-1.jpg\",\"width\":925,\"height\":542,\"caption\":\"https:\\\/\\\/burst.shopify.com\\\/@ndekhors\"},{\"@type\":\"BreadcrumbList\",\"@id\":\"https:\\\/\\\/inspirations-sonores.com\\\/index.php\\\/contact\\\/#breadcrumb\",\"itemListElement\":[{\"@type\":\"ListItem\",\"position\":1,\"name\":\"Accueil\",\"item\":\"https:\\\/\\\/inspirations-sonores.com\\\/\"},{\"@type\":\"ListItem\",\"position\":2,\"name\":\"Contact\"}]},{\"@type\":\"WebSite\",\"@id\":\"https:\\\/\\\/inspirations-sonores.com\\\/#website\",\"url\":\"https:\\\/\\\/inspirations-sonores.com\\\/\",\"name\":\"Inspirations Sonores\",\"description\":\"La musique, mais pas que...\",\"publisher\":{\"@id\":\"https:\\\/\\\/inspirations-sonores.com\\\/#organization\"},\"potentialAction\":[{\"@type\":\"SearchAction\",\"target\":{\"@type\":\"EntryPoint\",\"urlTemplate\":\"https:\\\/\\\/inspirations-sonores.com\\\/?s={search_term_string}\"},\"query-input\":{\"@type\":\"PropertyValueSpecification\",\"valueRequired\":true,\"valueName\":\"search_term_string\"}}],\"inLanguage\":\"fr-FR\"},{\"@type\":\"Organization\",\"@id\":\"https:\\\/\\\/inspirations-sonores.com\\\/#organization\",\"name\":\"Inspirations Sonores\",\"url\":\"https:\\\/\\\/inspirations-sonores.com\\\/\",\"logo\":{\"@type\":\"ImageObject\",\"inLanguage\":\"fr-FR\",\"@id\":\"https:\\\/\\\/inspirations-sonores.com\\\/#\\\/schema\\\/logo\\\/image\\\/\",\"url\":\"https:\\\/\\\/inspirations-sonores.com\\\/wp-content\\\/uploads\\\/2017\\\/01\\\/cropped-logo-fondblanc.jpg\",\"contentUrl\":\"https:\\\/\\\/inspirations-sonores.com\\\/wp-content\\\/uploads\\\/2017\\\/01\\\/cropped-logo-fondblanc.jpg\",\"width\":512,\"height\":512,\"caption\":\"Inspirations Sonores\"},\"image\":{\"@id\":\"https:\\\/\\\/inspirations-sonores.com\\\/#\\\/schema\\\/logo\\\/image\\\/\"},\"sameAs\":[\"https:\\\/\\\/www.facebook.com\\\/InspirationsSonores\\\/\",\"https:\\\/\\\/www.instagram.com\\\/claire_sax_in_the_wood\\\/reels\\\/\"]}]}<\/script>\n<!-- \/ Yoast SEO plugin. -->","yoast_head_json":{"title":"Contact - Inspirations Sonores","robots":{"index":"index","follow":"follow","max-snippet":"max-snippet:-1","max-image-preview":"max-image-preview:large","max-video-preview":"max-video-preview:-1"},"canonical":"https:\/\/inspirations-sonores.com\/index.php\/contact\/","og_locale":"fr_FR","og_type":"article","og_title":"Contact - Inspirations Sonores","og_description":"Envie de nous t\u00e9l\u00e9phoner ? Vous d\u00e9sirez davantage d&rsquo;informations, ou avez un besoin irr\u00e9pressible d&rsquo;entendre Sax in the Wood en live ? Vous pouvez contacter les musiciens au : 06 79 82 88 99 Vous souhaitez vivre une c\u00e9r\u00e9monie la\u00efque \u00e0 votre image et faite sur mesure ? Contactez Claire au 07 70 30 40...","og_url":"https:\/\/inspirations-sonores.com\/index.php\/contact\/","og_site_name":"Inspirations Sonores","article_publisher":"https:\/\/www.facebook.com\/InspirationsSonores\/","article_modified_time":"2019-09-06T07:38:29+00:00","og_image":[{"width":925,"height":542,"url":"https:\/\/inspirations-sonores.com\/wp-content\/uploads\/2019\/01\/contact-us-image_925x-1.jpg","type":"image\/jpeg"}],"twitter_card":"summary_large_image","twitter_misc":{"Dur\u00e9e de lecture estim\u00e9e":"1 minute"},"schema":{"@context":"https:\/\/schema.org","@graph":[{"@type":"WebPage","@id":"https:\/\/inspirations-sonores.com\/index.php\/contact\/","url":"https:\/\/inspirations-sonores.com\/index.php\/contact\/","name":"Contact - Inspirations Sonores","isPartOf":{"@id":"https:\/\/inspirations-sonores.com\/#website"},"primaryImageOfPage":{"@id":"https:\/\/inspirations-sonores.com\/index.php\/contact\/#primaryimage"},"image":{"@id":"https:\/\/inspirations-sonores.com\/index.php\/contact\/#primaryimage"},"thumbnailUrl":"https:\/\/inspirations-sonores.com\/wp-content\/uploads\/2019\/01\/contact-us-image_925x-1.jpg","datePublished":"2017-01-03T17:22:45+00:00","dateModified":"2019-09-06T07:38:29+00:00","breadcrumb":{"@id":"https:\/\/inspirations-sonores.com\/index.php\/contact\/#breadcrumb"},"inLanguage":"fr-FR","potentialAction":[{"@type":"ReadAction","target":["https:\/\/inspirations-sonores.com\/index.php\/contact\/"]}]},{"@type":"ImageObject","inLanguage":"fr-FR","@id":"https:\/\/inspirations-sonores.com\/index.php\/contact\/#primaryimage","url":"https:\/\/inspirations-sonores.com\/wp-content\/uploads\/2019\/01\/contact-us-image_925x-1.jpg","contentUrl":"https:\/\/inspirations-sonores.com\/wp-content\/uploads\/2019\/01\/contact-us-image_925x-1.jpg","width":925,"height":542,"caption":"https:\/\/burst.shopify.com\/@ndekhors"},{"@type":"BreadcrumbList","@id":"https:\/\/inspirations-sonores.com\/index.php\/contact\/#breadcrumb","itemListElement":[{"@type":"ListItem","position":1,"name":"Accueil","item":"https:\/\/inspirations-sonores.com\/"},{"@type":"ListItem","position":2,"name":"Contact"}]},{"@type":"WebSite","@id":"https:\/\/inspirations-sonores.com\/#website","url":"https:\/\/inspirations-sonores.com\/","name":"Inspirations Sonores","description":"La musique, mais pas que...","publisher":{"@id":"https:\/\/inspirations-sonores.com\/#organization"},"potentialAction":[{"@type":"SearchAction","target":{"@type":"EntryPoint","urlTemplate":"https:\/\/inspirations-sonores.com\/?s={search_term_string}"},"query-input":{"@type":"PropertyValueSpecification","valueRequired":true,"valueName":"search_term_string"}}],"inLanguage":"fr-FR"},{"@type":"Organization","@id":"https:\/\/inspirations-sonores.com\/#organization","name":"Inspirations Sonores","url":"https:\/\/inspirations-sonores.com\/","logo":{"@type":"ImageObject","inLanguage":"fr-FR","@id":"https:\/\/inspirations-sonores.com\/#\/schema\/logo\/image\/","url":"https:\/\/inspirations-sonores.com\/wp-content\/uploads\/2017\/01\/cropped-logo-fondblanc.jpg","contentUrl":"https:\/\/inspirations-sonores.com\/wp-content\/uploads\/2017\/01\/cropped-logo-fondblanc.jpg","width":512,"height":512,"caption":"Inspirations Sonores"},"image":{"@id":"https:\/\/inspirations-sonores.com\/#\/schema\/logo\/image\/"},"sameAs":["https:\/\/www.facebook.com\/InspirationsSonores\/","https:\/\/www.instagram.com\/claire_sax_in_the_wood\/reels\/"]}]}},"_links":{"self":[{"href":"https:\/\/inspirations-sonores.com\/index.php\/wp-json\/wp\/v2\/pages\/15","targetHints":{"allow":["GET"]}}],"collection":[{"href":"https:\/\/inspirations-sonores.com\/index.php\/wp-json\/wp\/v2\/pages"}],"about":[{"href":"https:\/\/inspirations-sonores.com\/index.php\/wp-json\/wp\/v2\/types\/page"}],"author":[{"embeddable":true,"href":"https:\/\/inspirations-sonores.com\/index.php\/wp-json\/wp\/v2\/users\/1"}],"replies":[{"embeddable":true,"href":"https:\/\/inspirations-sonores.com\/index.php\/wp-json\/wp\/v2\/comments?post=15"}],"version-history":[{"count":0,"href":"https:\/\/inspirations-sonores.com\/index.php\/wp-json\/wp\/v2\/pages\/15\/revisions"}],"wp:featuredmedia":[{"embeddable":true,"href":"https:\/\/inspirations-sonores.com\/index.php\/wp-json\/wp\/v2\/media\/521"}],"wp:attachment":[{"href":"https:\/\/inspirations-sonores.com\/index.php\/wp-json\/wp\/v2\/media?parent=15"}],"curies":[{"name":"wp","href":"https:\/\/api.w.org\/{rel}","templated":true}]}}