{"id":102,"date":"2017-01-06T08:17:10","date_gmt":"2017-01-06T07:17:10","guid":{"rendered":"http:\/\/zo2rkaezon.preview.infomaniak.website\/?page_id=102"},"modified":"2024-10-30T20:05:21","modified_gmt":"2024-10-30T19:05:21","slug":"bienvenue","status":"publish","type":"page","link":"https:\/\/inspirations-sonores.com\/","title":{"rendered":"Pour vos soir\u00e9es d&rsquo;entreprise, cocktails, anniversaires, mariage&#8230; dans le Gard et l&rsquo;H\u00e9rault"},"content":{"rendered":"\n<p class=\"has-vivid-red-color has-text-color has-medium-font-size\">Au coeur de vos \u00e9v\u00e9nements<\/p>\n\n\n\n<p>Vous \u00eates \u00e0 la <strong>recherche de musiciens <\/strong>pour jouer lors de votre cr\u00e9maill\u00e8re, de votre anniversaire, de votre mariage, de vos fian\u00e7ailles, de la pr\u00e9sentation de vos projets ou du passage en sixi\u00e8me de votre neveu ? <\/p>\n\n\n\n<p>Vous d\u00e9sirez collaborer avec des artistes talentueux et sympas ? Vous souhaitez une <strong>musique unique <\/strong>et originale ? <\/p>\n\n\n\n<p>Vous allez vous marier et souhaitez faire de votre <strong>c\u00e9r\u00e9monie<\/strong> ou de votre <strong>cocktail <\/strong>un \u00e9v\u00e9nement unique et inoubliable ?<\/p>\n\n\n\n<p>Vous recherchez des <strong>conseils<\/strong> ou des <strong>contacts<\/strong> pour organiser votre \u00e9v\u00e9nement ? <\/p>\n\n\n\n<p class=\"has-text-align-center\"><em>Ne cherchez pas plus loin : vous y \u00eates !<\/em><\/p>\n\n\n\n<hr class=\"wp-block-separator has-css-opacity\"\/>\n\n\n\n<div class=\"wp-block-media-text alignwide has-media-on-the-right has-very-light-gray-background-color has-background\"><div class=\"wp-block-media-text__content\">\n<p>Du <strong>concert live<\/strong> \u00e0 l&rsquo;animation de <strong>soir\u00e9es<\/strong> ou de <strong>cocktails<\/strong>, nous proposons <strong>diverses formules<\/strong> selon vos besoins : CE, anniversaire, bapt\u00eame, soir\u00e9e Lounge, \u00e9v\u00e9nements h\u00f4teliers et professionnels &#8230;<\/p>\n<\/div><figure class=\"wp-block-media-text__media\"><img loading=\"lazy\" decoding=\"async\" width=\"1024\" height=\"661\" src=\"http:\/\/zo2rkaezon.preview.infomaniak.website\/wp-content\/uploads\/2018\/02\/flyer-SaxintheWood3-1024x661.jpg\" alt=\"\" class=\"wp-image-221 size-full\" srcset=\"https:\/\/inspirations-sonores.com\/wp-content\/uploads\/2018\/02\/flyer-SaxintheWood3-1024x661.jpg 1024w, https:\/\/inspirations-sonores.com\/wp-content\/uploads\/2018\/02\/flyer-SaxintheWood3-300x194.jpg 300w, https:\/\/inspirations-sonores.com\/wp-content\/uploads\/2018\/02\/flyer-SaxintheWood3-768x496.jpg 768w\" sizes=\"auto, (max-width: 1024px) 100vw, 1024px\" \/><\/figure><\/div>\n\n\n\n<hr class=\"wp-block-separator has-css-opacity\"\/>\n\n\n\n<div class=\"wp-block-media-text alignwide has-very-light-gray-background-color has-background\"><figure class=\"wp-block-media-text__media\"><img loading=\"lazy\" decoding=\"async\" width=\"1024\" height=\"682\" src=\"http:\/\/zo2rkaezon.preview.infomaniak.website\/wp-content\/uploads\/2019\/09\/flower-archway-2477270_1280-2-1024x682.jpg\" alt=\"\" class=\"wp-image-1462 size-full\" srcset=\"https:\/\/inspirations-sonores.com\/wp-content\/uploads\/2019\/09\/flower-archway-2477270_1280-2-1024x682.jpg 1024w, https:\/\/inspirations-sonores.com\/wp-content\/uploads\/2019\/09\/flower-archway-2477270_1280-2-300x200.jpg 300w, https:\/\/inspirations-sonores.com\/wp-content\/uploads\/2019\/09\/flower-archway-2477270_1280-2-768x512.jpg 768w, https:\/\/inspirations-sonores.com\/wp-content\/uploads\/2019\/09\/flower-archway-2477270_1280-2.jpg 1280w\" sizes=\"auto, (max-width: 1024px) 100vw, 1024px\" \/><\/figure><div class=\"wp-block-media-text__content\">\n<p>Sp\u00e9cialis\u00e9s dans le mariage et l&rsquo;\u00e9v\u00e9nementiel, nous pouvons vous proposer la <strong>cr\u00e9ation sur mesure<\/strong> de votre <strong>c\u00e9r\u00e9monie la\u00efque<\/strong>. <a rel=\"noreferrer noopener\" href=\"http:\/\/zo2rkaezon.preview.infomaniak.website\/index.php\/ceremonie-laique-et-officiant\/\" target=\"_blank\">Plus d&rsquo;information ici !<\/a><\/p>\n<\/div><\/div>\n\n\n\n<hr class=\"wp-block-separator has-css-opacity\"\/>\n\n\n\n<p class=\"has-vivid-red-color has-text-color has-medium-font-size\">Des musiciens dans le Gard, l&rsquo;H\u00e9rault et le sud de la France<\/p>\n\n\n\n<p>Vous cherchez des musiciens dans l\u2019H\u00e9rault ? Vous cherchez des musiciens dans le Gard ? Vous cherchez des musiciens \u00e0 Kuala Lumpur ? <\/p>\n\n\n\n<p>Nos artistes interviennent dans le<strong>&nbsp;Gard<\/strong>&nbsp;et l\u2019<strong>H\u00e9rault<\/strong>, mais peuvent aussi&nbsp;<strong>se d\u00e9placer<\/strong>&nbsp;selon conditions.&nbsp;<br><\/p>\n\n\n\n<hr class=\"wp-block-separator has-css-opacity\"\/>\n\n\n\n<div class=\"wp-block-media-text alignwide has-very-light-gray-background-color has-background\"><figure class=\"wp-block-media-text__media\"><img loading=\"lazy\" decoding=\"async\" width=\"1024\" height=\"558\" src=\"http:\/\/zo2rkaezon.preview.infomaniak.website\/wp-content\/uploads\/2019\/01\/SITW-copie-1024x558.jpg\" alt=\"\" class=\"wp-image-325 size-full\" srcset=\"https:\/\/inspirations-sonores.com\/wp-content\/uploads\/2019\/01\/SITW-copie-1024x558.jpg 1024w, https:\/\/inspirations-sonores.com\/wp-content\/uploads\/2019\/01\/SITW-copie-300x163.jpg 300w, https:\/\/inspirations-sonores.com\/wp-content\/uploads\/2019\/01\/SITW-copie-768x418.jpg 768w\" sizes=\"auto, (max-width: 1024px) 100vw, 1024px\" \/><\/figure><div class=\"wp-block-media-text__content\">\n<p class=\"has-text-align-center has-vivid-red-color has-very-light-gray-background-color has-text-color has-background has-medium-font-size\">Sax in the Wood<br>Duo Lounge<\/p>\n<\/div><\/div>\n\n\n\n<hr class=\"wp-block-separator has-css-opacity\"\/>\n\n\n\n<p>Sp\u00e9cialis\u00e9 dans les <strong>\u00e9v\u00e9nements haut de gamme<\/strong>, le duo <strong>Sax in the Wood <\/strong>est constitu\u00e9 d&rsquo;un <strong>saxophoniste beatmaker <\/strong>et d&rsquo;une <strong>pianiste chanteuse<\/strong>. <\/p>\n\n\n\n<p>Leur r\u00e9pertoire alterne des compositions originales avec des <strong>reprises <\/strong>c\u00e9l\u00e8bres <strong>r\u00e9arrang\u00e9es&nbsp;<\/strong>dans un style<strong> swing, pop, funk, soul ou jazz<\/strong>. <\/p>\n\n\n\n<p>Avec une <strong>formule lounge <\/strong>et une autre plus <strong>dansante<\/strong>, le duo saura s&rsquo;adapter selon l&rsquo;ambiance de votre soir\u00e9e.<\/p>\n\n\n\n<div class=\"wp-block-button\"><a class=\"wp-block-button__link has-vivid-red-color has-text-color has-background wp-element-button\" href=\"http:\/\/zo2rkaezon.preview.infomaniak.website\/index.php\/videos\/\" style=\"background-color:#fef4ea\">Voir les prestations musicales<\/a><\/div>\n\n\n\n<hr class=\"wp-block-separator has-css-opacity\"\/>\n\n\n\n<p class=\"has-vivid-red-color has-text-color has-medium-font-size\">Un site rempli d&rsquo;astuces pour les professionnels et les particuliers<\/p>\n\n\n\n<p>Forts d&rsquo;une longue pratique, les musiciens vous font partager leur <strong>exp\u00e9rience<\/strong> du monde de l&rsquo;<strong>\u00e9v\u00e9nementiel<\/strong> et de l&rsquo;<strong>animation<\/strong>.<\/p>\n\n\n\n<p>Des <strong>conseils d\u00e9co<\/strong> aux propositions de <strong>th\u00e8mes pour vos soir\u00e9es<\/strong>, vous trouverez ici de nombreux articles, plein d&rsquo;infos utiles, d&rsquo;astuces insolites et d&rsquo;<strong>id\u00e9es pour vos \u00e9v\u00e9nements<\/strong>&nbsp;quels&nbsp;qu&rsquo;ils&nbsp;soient&nbsp;:&nbsp;soir\u00e9e&nbsp;d&rsquo;entreprise,&nbsp;anniversaire,&nbsp;mariage&#8230; <br>Notre objectif ? Vous <strong>inspirer<\/strong>, vous accompagner, vous apporter de nouvelles id\u00e9es ou simplement vous <strong>conseiller<\/strong> selon votre <strong>projet d&rsquo;\u00e9v\u00e9nement<\/strong> !<\/p>\n\n\n\n<hr class=\"wp-block-separator has-css-opacity\"\/>\n\n\n\n<div class=\"wp-block-media-text alignwide has-very-light-gray-background-color has-background\"><figure class=\"wp-block-media-text__media\"><img loading=\"lazy\" decoding=\"async\" width=\"960\" height=\"602\" src=\"http:\/\/zo2rkaezon.preview.infomaniak.website\/wp-content\/uploads\/2019\/01\/people-2595862_960_720.jpg\" alt=\"\" class=\"wp-image-819 size-full\" srcset=\"https:\/\/inspirations-sonores.com\/wp-content\/uploads\/2019\/01\/people-2595862_960_720.jpg 960w, https:\/\/inspirations-sonores.com\/wp-content\/uploads\/2019\/01\/people-2595862_960_720-300x188.jpg 300w, https:\/\/inspirations-sonores.com\/wp-content\/uploads\/2019\/01\/people-2595862_960_720-768x482.jpg 768w\" sizes=\"auto, (max-width: 960px) 100vw, 960px\" \/><\/figure><div class=\"wp-block-media-text__content\">\n<p class=\"has-text-align-center has-vivid-red-color has-very-light-gray-background-color has-text-color has-background has-medium-font-size\"><a rel=\"noreferrer noopener\" aria-label=\"Mariage : \nD\u00e9couvrir les articles (s\u2019ouvre dans un nouvel onglet)\" href=\"http:\/\/zo2rkaezon.preview.infomaniak.website\/index.php\/category\/articles\/mariage\/\" target=\"_blank\">Mariage  <br>Voir les articles<\/a><\/p>\n<\/div><\/div>\n\n\n\n<hr class=\"wp-block-separator has-css-opacity\"\/>\n\n\n\n<div class=\"wp-block-media-text alignwide has-media-on-the-right has-very-light-gray-background-color has-background\"><div class=\"wp-block-media-text__content\">\n<p class=\"has-text-align-center has-vivid-red-color has-text-color has-medium-font-size\"><a rel=\"noreferrer noopener\" aria-label=\"\u00c9v\u00e9nements et Soir\u00e9es priv\u00e9es\nVoir les articles (s\u2019ouvre dans un nouvel onglet)\" href=\"http:\/\/zo2rkaezon.preview.infomaniak.website\/index.php\/category\/articles\/soirees-et-evenements\/\" target=\"_blank\">\u00c9v\u00e9nements et <\/a><br><a rel=\"noreferrer noopener\" aria-label=\"\u00c9v\u00e9nements et Soir\u00e9es priv\u00e9es\nVoir les articles (s\u2019ouvre dans un nouvel onglet)\" href=\"http:\/\/zo2rkaezon.preview.infomaniak.website\/index.php\/category\/articles\/soirees-et-evenements\/\" target=\"_blank\">Soir\u00e9es Priv\u00e9es<br>Voir les articles<\/a><\/p>\n<\/div><figure class=\"wp-block-media-text__media\"><img loading=\"lazy\" decoding=\"async\" width=\"925\" height=\"485\" src=\"http:\/\/zo2rkaezon.preview.infomaniak.website\/wp-content\/uploads\/2019\/01\/poochie-party-treats_925x-2.jpg\" alt=\"\" class=\"wp-image-515 size-full\" srcset=\"https:\/\/inspirations-sonores.com\/wp-content\/uploads\/2019\/01\/poochie-party-treats_925x-2.jpg 925w, https:\/\/inspirations-sonores.com\/wp-content\/uploads\/2019\/01\/poochie-party-treats_925x-2-300x157.jpg 300w, https:\/\/inspirations-sonores.com\/wp-content\/uploads\/2019\/01\/poochie-party-treats_925x-2-768x403.jpg 768w\" sizes=\"auto, (max-width: 925px) 100vw, 925px\" \/><\/figure><\/div>\n\n\n\n<hr class=\"wp-block-separator has-css-opacity\"\/>\n\n\n\n<div class=\"wp-block-media-text alignwide has-very-light-gray-background-color has-background\"><figure class=\"wp-block-media-text__media\"><img loading=\"lazy\" decoding=\"async\" width=\"960\" height=\"615\" src=\"http:\/\/zo2rkaezon.preview.infomaniak.website\/wp-content\/uploads\/2019\/04\/drinks-2578446_960_720.jpg\" alt=\"\" class=\"wp-image-1116 size-full\" srcset=\"https:\/\/inspirations-sonores.com\/wp-content\/uploads\/2019\/04\/drinks-2578446_960_720.jpg 960w, https:\/\/inspirations-sonores.com\/wp-content\/uploads\/2019\/04\/drinks-2578446_960_720-300x192.jpg 300w, https:\/\/inspirations-sonores.com\/wp-content\/uploads\/2019\/04\/drinks-2578446_960_720-768x492.jpg 768w\" sizes=\"auto, (max-width: 960px) 100vw, 960px\" \/><\/figure><div class=\"wp-block-media-text__content\">\n<p class=\"has-text-align-center has-vivid-red-color has-text-color has-medium-font-size\"><a href=\"http:\/\/zo2rkaezon.preview.infomaniak.website\/index.php\/category\/articles\/soirees-dentreprise\/\" target=\"_blank\" rel=\"noreferrer noopener\" aria-label=\"\u00c9v\u00e9nements d'entreprise\nVoir les articles (s\u2019ouvre dans un nouvel onglet)\">\u00c9v\u00e9nements d&rsquo;entreprise<br>Voir les articles<\/a><\/p>\n<\/div><\/div>\n\n\n\n<hr class=\"wp-block-separator has-css-opacity\"\/>\n\n\n\n<p class=\"has-vivid-red-color has-text-color has-medium-font-size\">Professionnels<\/p>\n\n\n\n<p>Que vous teniez un caf\u00e9, un restaurant, que vous soyez un professionnel du spectacle ou toute autre entreprise, n\u2019h\u00e9sitez pas \u00e0&nbsp;<strong>collaborer&nbsp;<\/strong>avec nous pour vos&nbsp;<strong>\u00e9v\u00e9nements<\/strong>, r\u00e9guliers ou ponctuels. Nous mettrons en \u0153uvre notre savoir-faire et notre expertise pour la&nbsp;<strong>r\u00e9ussite de votre projet<\/strong>, avec professionnalisme et en ad\u00e9quation avec vos valeurs et vos attentes.<\/p>\n\n\n\n<p class=\"has-text-align-center has-vivid-red-color has-very-light-gray-background-color has-text-color has-background\"><a href=\"http:\/\/zo2rkaezon.preview.infomaniak.website\/index.php\/contact\/\" target=\"_blank\" rel=\"noreferrer noopener\" aria-label=\"CONTACTEZ-NOUS ! (s\u2019ouvre dans un nouvel onglet)\">CONTACTEZ-NOUS !<\/a><\/p>\n\n\n\n<figure class=\"wp-block-image\"><img loading=\"lazy\" decoding=\"async\" width=\"2575\" height=\"1037\" src=\"http:\/\/zo2rkaezon.preview.infomaniak.website\/wp-content\/uploads\/2019\/01\/en-t\u00eate-\u00e0-propos5-e1547368170183.jpg\" alt=\"\" class=\"wp-image-506\"\/><figcaption class=\"wp-element-caption\">Animation musicale, Concert priv\u00e9, \u00c9v\u00e9nementiel&#8230;<\/figcaption><\/figure>\n\n\n\n<hr class=\"wp-block-separator has-css-opacity\"\/>\n\n\n<\/p>","protected":false},"excerpt":{"rendered":"<p>Au coeur de vos \u00e9v\u00e9nements Vous \u00eates \u00e0 la recherche de musiciens pour jouer lors de votre cr\u00e9maill\u00e8re, de votre anniversaire, de votre mariage, de vos fian\u00e7ailles, de la pr\u00e9sentation de vos projets ou du passage en sixi\u00e8me de votre neveu ? Vous d\u00e9sirez collaborer avec des artistes talentueux et sympas ? Vous souhaitez une&#8230;<\/p>\n<p><a href=\"https:\/\/inspirations-sonores.com\/\"><span class=\"glyphicon glyphicon-arrow-right\"><\/span>&nbsp;Poursuivre la lecture<\/a><\/p>","protected":false},"author":1,"featured_media":1897,"parent":0,"menu_order":0,"comment_status":"closed","ping_status":"closed","template":"","meta":{"footnotes":""},"class_list":["post-102","page","type-page","status-publish","has-post-thumbnail","hentry"],"yoast_head":"<!-- This site is optimized with the Yoast SEO plugin v27.3 - https:\/\/yoast.com\/product\/yoast-seo-wordpress\/ -->\n<title>Pour vos soir\u00e9es d&#039;entreprise, cocktails, anniversaires, mariage... dans le Gard et l&#039;H\u00e9rault - Musiciens - \u00c9v\u00e9nementiel - Gard, H\u00e9rault, Sud...<\/title>\n<meta name=\"description\" content=\"\u00c9v\u00e9nementiel : Des musiciens dans le gard, l&#039;h\u00e9rault et le sud de la France, De la musique Live pour votre mariage, anniversaire, cr\u00e9maill\u00e8re, soir\u00e9e priv\u00e9e ou soir\u00e9e d&#039;entreprise . Des conseils gratuits pour vos \u00e9venements... Sax in the Wood : un duo pour vos soir\u00e9es musicales\" \/>\n<meta name=\"robots\" content=\"index, follow, max-snippet:-1, max-image-preview:large, max-video-preview:-1\" \/>\n<link rel=\"canonical\" href=\"https:\/\/inspirations-sonores.com\/\" \/>\n<meta property=\"og:locale\" content=\"fr_FR\" \/>\n<meta property=\"og:type\" content=\"article\" \/>\n<meta property=\"og:title\" content=\"Pour vos soir\u00e9es d&#039;entreprise, cocktails, anniversaires, mariage... dans le Gard et l&#039;H\u00e9rault - Musiciens - \u00c9v\u00e9nementiel - Gard, H\u00e9rault, Sud...\" \/>\n<meta property=\"og:description\" content=\"\u00c9v\u00e9nementiel : Des musiciens dans le gard, l&#039;h\u00e9rault et le sud de la France, De la musique Live pour votre mariage, anniversaire, cr\u00e9maill\u00e8re, soir\u00e9e priv\u00e9e ou soir\u00e9e d&#039;entreprise . Des conseils gratuits pour vos \u00e9venements... Sax in the Wood : un duo pour vos soir\u00e9es musicales\" \/>\n<meta property=\"og:url\" content=\"https:\/\/inspirations-sonores.com\/\" \/>\n<meta property=\"og:site_name\" content=\"Inspirations Sonores\" \/>\n<meta property=\"article:publisher\" content=\"https:\/\/www.facebook.com\/InspirationsSonores\/\" \/>\n<meta property=\"article:modified_time\" content=\"2024-10-30T19:05:21+00:00\" \/>\n<meta property=\"og:image\" content=\"https:\/\/inspirations-sonores.com\/wp-content\/uploads\/2020\/04\/Capture-d\u2019\u00e9cran-2020-04-21-\u00e0-11.13.18-1024x519.png\" \/>\n\t<meta property=\"og:image:width\" content=\"1024\" \/>\n\t<meta property=\"og:image:height\" content=\"519\" \/>\n\t<meta property=\"og:image:type\" content=\"image\/png\" \/>\n<meta name=\"twitter:card\" content=\"summary_large_image\" \/>\n<meta name=\"twitter:label1\" content=\"Dur\u00e9e de lecture estim\u00e9e\" \/>\n\t<meta name=\"twitter:data1\" content=\"2 minutes\" \/>\n<script type=\"application\/ld+json\" class=\"yoast-schema-graph\">{\"@context\":\"https:\\\/\\\/schema.org\",\"@graph\":[{\"@type\":\"WebPage\",\"@id\":\"https:\\\/\\\/inspirations-sonores.com\\\/\",\"url\":\"https:\\\/\\\/inspirations-sonores.com\\\/\",\"name\":\"Pour vos soir\u00e9es d'entreprise, cocktails, anniversaires, mariage... dans le Gard et l'H\u00e9rault - Musiciens - \u00c9v\u00e9nementiel - Gard, H\u00e9rault, Sud...\",\"isPartOf\":{\"@id\":\"https:\\\/\\\/inspirations-sonores.com\\\/#website\"},\"primaryImageOfPage\":{\"@id\":\"https:\\\/\\\/inspirations-sonores.com\\\/#primaryimage\"},\"image\":{\"@id\":\"https:\\\/\\\/inspirations-sonores.com\\\/#primaryimage\"},\"thumbnailUrl\":\"https:\\\/\\\/inspirations-sonores.com\\\/wp-content\\\/uploads\\\/2020\\\/04\\\/Capture-d\u2019\u00e9cran-2020-04-21-\u00e0-11.13.18.png\",\"datePublished\":\"2017-01-06T07:17:10+00:00\",\"dateModified\":\"2024-10-30T19:05:21+00:00\",\"description\":\"\u00c9v\u00e9nementiel : Des musiciens dans le gard, l'h\u00e9rault et le sud de la France, De la musique Live pour votre mariage, anniversaire, cr\u00e9maill\u00e8re, soir\u00e9e priv\u00e9e ou soir\u00e9e d'entreprise . Des conseils gratuits pour vos \u00e9venements... Sax in the Wood : un duo pour vos soir\u00e9es musicales\",\"breadcrumb\":{\"@id\":\"https:\\\/\\\/inspirations-sonores.com\\\/#breadcrumb\"},\"inLanguage\":\"fr-FR\",\"potentialAction\":[{\"@type\":\"ReadAction\",\"target\":[\"https:\\\/\\\/inspirations-sonores.com\\\/\"]}]},{\"@type\":\"ImageObject\",\"inLanguage\":\"fr-FR\",\"@id\":\"https:\\\/\\\/inspirations-sonores.com\\\/#primaryimage\",\"url\":\"https:\\\/\\\/inspirations-sonores.com\\\/wp-content\\\/uploads\\\/2020\\\/04\\\/Capture-d\u2019\u00e9cran-2020-04-21-\u00e0-11.13.18.png\",\"contentUrl\":\"https:\\\/\\\/inspirations-sonores.com\\\/wp-content\\\/uploads\\\/2020\\\/04\\\/Capture-d\u2019\u00e9cran-2020-04-21-\u00e0-11.13.18.png\",\"width\":2451,\"height\":1242},{\"@type\":\"BreadcrumbList\",\"@id\":\"https:\\\/\\\/inspirations-sonores.com\\\/#breadcrumb\",\"itemListElement\":[{\"@type\":\"ListItem\",\"position\":1,\"name\":\"Accueil\",\"item\":\"https:\\\/\\\/inspirations-sonores.com\\\/\"},{\"@type\":\"ListItem\",\"position\":2,\"name\":\"Pour vos soir\u00e9es d&rsquo;entreprise, cocktails, anniversaires, mariage&#8230; dans le Gard et l&rsquo;H\u00e9rault\"}]},{\"@type\":\"WebSite\",\"@id\":\"https:\\\/\\\/inspirations-sonores.com\\\/#website\",\"url\":\"https:\\\/\\\/inspirations-sonores.com\\\/\",\"name\":\"Inspirations Sonores\",\"description\":\"La musique, mais pas que...\",\"publisher\":{\"@id\":\"https:\\\/\\\/inspirations-sonores.com\\\/#organization\"},\"potentialAction\":[{\"@type\":\"SearchAction\",\"target\":{\"@type\":\"EntryPoint\",\"urlTemplate\":\"https:\\\/\\\/inspirations-sonores.com\\\/?s={search_term_string}\"},\"query-input\":{\"@type\":\"PropertyValueSpecification\",\"valueRequired\":true,\"valueName\":\"search_term_string\"}}],\"inLanguage\":\"fr-FR\"},{\"@type\":\"Organization\",\"@id\":\"https:\\\/\\\/inspirations-sonores.com\\\/#organization\",\"name\":\"Inspirations Sonores\",\"url\":\"https:\\\/\\\/inspirations-sonores.com\\\/\",\"logo\":{\"@type\":\"ImageObject\",\"inLanguage\":\"fr-FR\",\"@id\":\"https:\\\/\\\/inspirations-sonores.com\\\/#\\\/schema\\\/logo\\\/image\\\/\",\"url\":\"https:\\\/\\\/inspirations-sonores.com\\\/wp-content\\\/uploads\\\/2017\\\/01\\\/cropped-logo-fondblanc.jpg\",\"contentUrl\":\"https:\\\/\\\/inspirations-sonores.com\\\/wp-content\\\/uploads\\\/2017\\\/01\\\/cropped-logo-fondblanc.jpg\",\"width\":512,\"height\":512,\"caption\":\"Inspirations Sonores\"},\"image\":{\"@id\":\"https:\\\/\\\/inspirations-sonores.com\\\/#\\\/schema\\\/logo\\\/image\\\/\"},\"sameAs\":[\"https:\\\/\\\/www.facebook.com\\\/InspirationsSonores\\\/\",\"https:\\\/\\\/www.instagram.com\\\/claire_sax_in_the_wood\\\/reels\\\/\"]}]}<\/script>\n<!-- \/ Yoast SEO plugin. -->","yoast_head_json":{"title":"Pour vos soir\u00e9es d'entreprise, cocktails, anniversaires, mariage... dans le Gard et l'H\u00e9rault - Musiciens - \u00c9v\u00e9nementiel - Gard, H\u00e9rault, Sud...","description":"\u00c9v\u00e9nementiel : Des musiciens dans le gard, l'h\u00e9rault et le sud de la France, De la musique Live pour votre mariage, anniversaire, cr\u00e9maill\u00e8re, soir\u00e9e priv\u00e9e ou soir\u00e9e d'entreprise . Des conseils gratuits pour vos \u00e9venements... Sax in the Wood : un duo pour vos soir\u00e9es musicales","robots":{"index":"index","follow":"follow","max-snippet":"max-snippet:-1","max-image-preview":"max-image-preview:large","max-video-preview":"max-video-preview:-1"},"canonical":"https:\/\/inspirations-sonores.com\/","og_locale":"fr_FR","og_type":"article","og_title":"Pour vos soir\u00e9es d'entreprise, cocktails, anniversaires, mariage... dans le Gard et l'H\u00e9rault - Musiciens - \u00c9v\u00e9nementiel - Gard, H\u00e9rault, Sud...","og_description":"\u00c9v\u00e9nementiel : Des musiciens dans le gard, l'h\u00e9rault et le sud de la France, De la musique Live pour votre mariage, anniversaire, cr\u00e9maill\u00e8re, soir\u00e9e priv\u00e9e ou soir\u00e9e d'entreprise . Des conseils gratuits pour vos \u00e9venements... Sax in the Wood : un duo pour vos soir\u00e9es musicales","og_url":"https:\/\/inspirations-sonores.com\/","og_site_name":"Inspirations Sonores","article_publisher":"https:\/\/www.facebook.com\/InspirationsSonores\/","article_modified_time":"2024-10-30T19:05:21+00:00","og_image":[{"width":1024,"height":519,"url":"https:\/\/inspirations-sonores.com\/wp-content\/uploads\/2020\/04\/Capture-d\u2019\u00e9cran-2020-04-21-\u00e0-11.13.18-1024x519.png","type":"image\/png"}],"twitter_card":"summary_large_image","twitter_misc":{"Dur\u00e9e de lecture estim\u00e9e":"2 minutes"},"schema":{"@context":"https:\/\/schema.org","@graph":[{"@type":"WebPage","@id":"https:\/\/inspirations-sonores.com\/","url":"https:\/\/inspirations-sonores.com\/","name":"Pour vos soir\u00e9es d'entreprise, cocktails, anniversaires, mariage... dans le Gard et l'H\u00e9rault - Musiciens - \u00c9v\u00e9nementiel - Gard, H\u00e9rault, Sud...","isPartOf":{"@id":"https:\/\/inspirations-sonores.com\/#website"},"primaryImageOfPage":{"@id":"https:\/\/inspirations-sonores.com\/#primaryimage"},"image":{"@id":"https:\/\/inspirations-sonores.com\/#primaryimage"},"thumbnailUrl":"https:\/\/inspirations-sonores.com\/wp-content\/uploads\/2020\/04\/Capture-d\u2019\u00e9cran-2020-04-21-\u00e0-11.13.18.png","datePublished":"2017-01-06T07:17:10+00:00","dateModified":"2024-10-30T19:05:21+00:00","description":"\u00c9v\u00e9nementiel : Des musiciens dans le gard, l'h\u00e9rault et le sud de la France, De la musique Live pour votre mariage, anniversaire, cr\u00e9maill\u00e8re, soir\u00e9e priv\u00e9e ou soir\u00e9e d'entreprise . Des conseils gratuits pour vos \u00e9venements... Sax in the Wood : un duo pour vos soir\u00e9es musicales","breadcrumb":{"@id":"https:\/\/inspirations-sonores.com\/#breadcrumb"},"inLanguage":"fr-FR","potentialAction":[{"@type":"ReadAction","target":["https:\/\/inspirations-sonores.com\/"]}]},{"@type":"ImageObject","inLanguage":"fr-FR","@id":"https:\/\/inspirations-sonores.com\/#primaryimage","url":"https:\/\/inspirations-sonores.com\/wp-content\/uploads\/2020\/04\/Capture-d\u2019\u00e9cran-2020-04-21-\u00e0-11.13.18.png","contentUrl":"https:\/\/inspirations-sonores.com\/wp-content\/uploads\/2020\/04\/Capture-d\u2019\u00e9cran-2020-04-21-\u00e0-11.13.18.png","width":2451,"height":1242},{"@type":"BreadcrumbList","@id":"https:\/\/inspirations-sonores.com\/#breadcrumb","itemListElement":[{"@type":"ListItem","position":1,"name":"Accueil","item":"https:\/\/inspirations-sonores.com\/"},{"@type":"ListItem","position":2,"name":"Pour vos soir\u00e9es d&rsquo;entreprise, cocktails, anniversaires, mariage&#8230; dans le Gard et l&rsquo;H\u00e9rault"}]},{"@type":"WebSite","@id":"https:\/\/inspirations-sonores.com\/#website","url":"https:\/\/inspirations-sonores.com\/","name":"Inspirations Sonores","description":"La musique, mais pas que...","publisher":{"@id":"https:\/\/inspirations-sonores.com\/#organization"},"potentialAction":[{"@type":"SearchAction","target":{"@type":"EntryPoint","urlTemplate":"https:\/\/inspirations-sonores.com\/?s={search_term_string}"},"query-input":{"@type":"PropertyValueSpecification","valueRequired":true,"valueName":"search_term_string"}}],"inLanguage":"fr-FR"},{"@type":"Organization","@id":"https:\/\/inspirations-sonores.com\/#organization","name":"Inspirations Sonores","url":"https:\/\/inspirations-sonores.com\/","logo":{"@type":"ImageObject","inLanguage":"fr-FR","@id":"https:\/\/inspirations-sonores.com\/#\/schema\/logo\/image\/","url":"https:\/\/inspirations-sonores.com\/wp-content\/uploads\/2017\/01\/cropped-logo-fondblanc.jpg","contentUrl":"https:\/\/inspirations-sonores.com\/wp-content\/uploads\/2017\/01\/cropped-logo-fondblanc.jpg","width":512,"height":512,"caption":"Inspirations Sonores"},"image":{"@id":"https:\/\/inspirations-sonores.com\/#\/schema\/logo\/image\/"},"sameAs":["https:\/\/www.facebook.com\/InspirationsSonores\/","https:\/\/www.instagram.com\/claire_sax_in_the_wood\/reels\/"]}]}},"_links":{"self":[{"href":"https:\/\/inspirations-sonores.com\/index.php\/wp-json\/wp\/v2\/pages\/102","targetHints":{"allow":["GET"]}}],"collection":[{"href":"https:\/\/inspirations-sonores.com\/index.php\/wp-json\/wp\/v2\/pages"}],"about":[{"href":"https:\/\/inspirations-sonores.com\/index.php\/wp-json\/wp\/v2\/types\/page"}],"author":[{"embeddable":true,"href":"https:\/\/inspirations-sonores.com\/index.php\/wp-json\/wp\/v2\/users\/1"}],"replies":[{"embeddable":true,"href":"https:\/\/inspirations-sonores.com\/index.php\/wp-json\/wp\/v2\/comments?post=102"}],"version-history":[{"count":3,"href":"https:\/\/inspirations-sonores.com\/index.php\/wp-json\/wp\/v2\/pages\/102\/revisions"}],"predecessor-version":[{"id":2028,"href":"https:\/\/inspirations-sonores.com\/index.php\/wp-json\/wp\/v2\/pages\/102\/revisions\/2028"}],"wp:featuredmedia":[{"embeddable":true,"href":"https:\/\/inspirations-sonores.com\/index.php\/wp-json\/wp\/v2\/media\/1897"}],"wp:attachment":[{"href":"https:\/\/inspirations-sonores.com\/index.php\/wp-json\/wp\/v2\/media?parent=102"}],"curies":[{"name":"wp","href":"https:\/\/api.w.org\/{rel}","templated":true}]}}